{"id":5440,"date":"2021-06-07T10:08:54","date_gmt":"2021-06-07T08:08:54","guid":{"rendered":"https:\/\/www.rensiweb.com\/orologio-uomo-baume-mercier-collezione-clifton-movimento-automatico-cassa-40-mm-e-cinturino-acciaio-quadrante-bianco\/"},"modified":"2026-04-07T21:06:00","modified_gmt":"2026-04-07T19:06:00","slug":"orologio-baume-mercier-clifton-automatico","status":"publish","type":"product","link":"https:\/\/www.rensiweb.com\/it\/orologio-baume-mercier-clifton-automatico.html","title":{"rendered":"Orologio BAUME MERCIER Clifton &#8211; Automatico &#8211; cassa 40 mm. e cinturino Acciaio..."},"content":{"rendered":"<p><strong>Orologio uomo Baume &amp; Mercier<\/strong>\u00a0parte della collezione Clifton. Questo orologio deciso ma allo stesso tempo raffinato \u00e8 dotato di movimento Automatico COSC, garanzia di qualit\u00e0 e precisione che durano nel tempo. Il quadrante con indici di ore e minuti \u00e8 circondato da un cinturino in acciaio. Questo modello presenta una cassa ricoperta da vetro antiriflesso e un fondello in vetro Zaffiro ed \u00e8 resistente all&#8217;Acqua fino a 5 Bar. Il quadrante \u00e8 proposto in dverse colorazioni, troverete disponibile:<\/p>\n<ul>\n<li><strong>Modello M0A10505: cassa e cinturino Acciaio &#8211; quadrante Bianco.<\/strong><\/li>\n<li><strong>Modello M0A10468: cassa e cinturino Acciaio &#8211; quadrante Blu<\/strong><\/li>\n<li><strong>Modello\u00a0M0A10458: cassa e cinturino Acciaio e Oro Rosa &#8211; quadrante Bianco<\/strong><\/li>\n<\/ul>\n<p><strong>Orologio Baume &amp; Mercier <\/strong>sfoggia un design moderno e urbano, per un professionista ambizioso.\u00a0Il cinturino in Acciaio lo rende un accessorio comodo da portare e adatto ad una vita quotidiana.<\/p>\n","protected":false},"excerpt":{"rendered":"<p><strong>Orologio uomo BAUME MERCIER collezione Clifton, movimento Automatico COSC, cassa diametro 40 mm. e cinturino Acciaio, W. R. fino a 5 Bar<\/strong><\/p>\n","protected":false},"featured_media":14026,"comment_status":"open","ping_status":"closed","template":"","meta":[],"product_brand":[10],"product_cat":[1994,2038],"product_tag":[],"class_list":{"0":"post-5440","1":"product","2":"type-product","3":"status-publish","4":"has-post-thumbnail","6":"product_brand-baume-e-mercier-orologi-svizzera","7":"product_cat-orologi","8":"product_cat-baume-mercier","10":"first","11":"instock","12":"sale","13":"shipping-taxable","14":"purchasable","15":"product-type-variable"},"exclude_global_add_ons":[],"addons":[],"_links":{"self":[{"href":"https:\/\/www.rensiweb.com\/it\/wp-json\/wp\/v2\/product\/5440","targetHints":{"allow":["GET"]}}],"collection":[{"href":"https:\/\/www.rensiweb.com\/it\/wp-json\/wp\/v2\/product"}],"about":[{"href":"https:\/\/www.rensiweb.com\/it\/wp-json\/wp\/v2\/types\/product"}],"replies":[{"embeddable":true,"href":"https:\/\/www.rensiweb.com\/it\/wp-json\/wp\/v2\/comments?post=5440"}],"wp:featuredmedia":[{"embeddable":true,"href":"https:\/\/www.rensiweb.com\/it\/wp-json\/wp\/v2\/media\/14026"}],"wp:attachment":[{"href":"https:\/\/www.rensiweb.com\/it\/wp-json\/wp\/v2\/media?parent=5440"}],"wp:term":[{"taxonomy":"product_brand","embeddable":true,"href":"https:\/\/www.rensiweb.com\/it\/wp-json\/wp\/v2\/product_brand?post=5440"},{"taxonomy":"product_cat","embeddable":true,"href":"https:\/\/www.rensiweb.com\/it\/wp-json\/wp\/v2\/product_cat?post=5440"},{"taxonomy":"product_tag","embeddable":true,"href":"https:\/\/www.rensiweb.com\/it\/wp-json\/wp\/v2\/product_tag?post=5440"}],"curies":[{"name":"wp","href":"https:\/\/api.w.org\/{rel}","templated":true}]}}