{"id":5436,"date":"2021-06-05T10:56:28","date_gmt":"2021-06-05T08:56:28","guid":{"rendered":"https:\/\/www.rensiweb.com\/collana-donna-fope-collezione-abissi-in-oro-giallo-18-kt-con-pave-diamanti\/"},"modified":"2026-04-07T20:51:09","modified_gmt":"2026-04-07T18:51:09","slug":"collana-donna-fope-collezione-abissi-in-oro-giallo-18-kt-con-pave-diamanti","status":"publish","type":"product","link":"https:\/\/www.rensiweb.com\/it\/collana-donna-fope-collezione-abissi-in-oro-giallo-18-kt-con-pave-diamanti.html","title":{"rendered":"Collana FOPE Abissi in oro giallo 18 kt. con diamanti..."},"content":{"rendered":"<p>Collana FOPE Abissi in oro giallo 18 kt. con diamanti<\/p>\n<p>Collana donna FOPE Collezione Abissi in oro giallo 750\/000 (18 kt.) con chiusura in oro bianco e pav\u00e8 di diamanti carati totali ct.0,16.<\/p>\n<p>Il brand <strong>FOPE<\/strong> \u00e8 un pezzo di storia dell&#8217;oreficeria italiana che da sempre protegge e <strong>valorizza il Made in Italy<\/strong>. Nasce nel Novecento nella famosa citt\u00e0 D&#8217;arte Vicenza, considerata il cuore della oreficeria italiana, conosciuta fin dal Medioevo per i suoi laboratori artigiani di oreficeria. Con grandissima e affiatata dedizione fin dai primi tempi nel laboratorio dalla famiglia Cazzola prendono vita gioielli che riescono a differenziarsi per la qualit\u00e0 e per cura nel minimo dei dettagli. La ricerca continua di nuove tecnologie porta al brand<strong> Fope<\/strong> un successo Internazionale. Oggi i <strong>gioielli Fope<\/strong> sono spediti in<strong> pi\u00f9 di cinquanta paesi.<\/strong><\/p>\n<p>Questo meraviglioso modello di<strong> collana Fope<\/strong> fa parte della<strong> collezione Abissi<\/strong> , \u00e8 realizzata in oro 750\/000 (18 kt.) presenta sulla parte finale\u00a0 una lavorazione particolare, raffinata in oro bianco tempestata di diamanti taglio brillante. La misura finita della collana \u00e8 di 43 cm e pesa 28 gr . Sulla chiusura \u00e8 inciso il logo del brand come ulteriore garanzia dell&#8217;originalit\u00e0 del prodotto, la sua maglia morbida, grintosa per la tipologia di lavorazione.<\/p>\n<p>Questa collana Fope della Collezione Abissi \u00e8 un gioiello davvero particolare, completa un look sofisticato di un&#8217;eleganza innata.<\/p>\n<ul>\n<li><strong>Modello 920C-BBR-YG : Collana donna Fope Collezione Abissi\u00a0 in oro giallo 750\/000 (18 kt.) e diamanti di carati totali ct. 0,16<\/strong><\/li>\n<\/ul>\n<p>&nbsp;<\/p>\n<p>&nbsp;<\/p>\n","protected":false},"excerpt":{"rendered":"<p>Collana FOPE Abissi in oro giallo 18 kt. con chiusura in oro bianco e pav\u00e9 di diamanti carati totali ct.0,16. <strong>Cm. 43<\/strong><\/p>\n","protected":false},"featured_media":28988,"comment_status":"open","ping_status":"closed","template":"","meta":[],"product_brand":[9],"product_cat":[1998,2058],"product_tag":[],"class_list":{"0":"post-5436","1":"product","2":"type-product","3":"status-publish","4":"has-post-thumbnail","6":"product_brand-fope-gioielli-italia","7":"product_cat-gioielli","8":"product_cat-fope","10":"first","11":"outofstock","12":"shipping-taxable","13":"purchasable","14":"product-type-simple"},"exclude_global_add_ons":[],"addons":[],"_links":{"self":[{"href":"https:\/\/www.rensiweb.com\/it\/wp-json\/wp\/v2\/product\/5436","targetHints":{"allow":["GET"]}}],"collection":[{"href":"https:\/\/www.rensiweb.com\/it\/wp-json\/wp\/v2\/product"}],"about":[{"href":"https:\/\/www.rensiweb.com\/it\/wp-json\/wp\/v2\/types\/product"}],"replies":[{"embeddable":true,"href":"https:\/\/www.rensiweb.com\/it\/wp-json\/wp\/v2\/comments?post=5436"}],"wp:featuredmedia":[{"embeddable":true,"href":"https:\/\/www.rensiweb.com\/it\/wp-json\/wp\/v2\/media\/28988"}],"wp:attachment":[{"href":"https:\/\/www.rensiweb.com\/it\/wp-json\/wp\/v2\/media?parent=5436"}],"wp:term":[{"taxonomy":"product_brand","embeddable":true,"href":"https:\/\/www.rensiweb.com\/it\/wp-json\/wp\/v2\/product_brand?post=5436"},{"taxonomy":"product_cat","embeddable":true,"href":"https:\/\/www.rensiweb.com\/it\/wp-json\/wp\/v2\/product_cat?post=5436"},{"taxonomy":"product_tag","embeddable":true,"href":"https:\/\/www.rensiweb.com\/it\/wp-json\/wp\/v2\/product_tag?post=5436"}],"curies":[{"name":"wp","href":"https:\/\/api.w.org\/{rel}","templated":true}]}}