{"id":5417,"date":"2021-06-01T07:59:48","date_gmt":"2021-06-01T05:59:48","guid":{"rendered":"https:\/\/www.rensiweb.com\/orologio-uomo-baume-mercier-riviera-42-mm-cassa-acciaio-e-cinturino-caucciu-automatico-quadrante-blu\/"},"modified":"2024-08-21T18:44:36","modified_gmt":"2024-08-21T16:44:36","slug":"orologio-uomo-baume-mercier-riviera-42-mm","status":"publish","type":"product","link":"https:\/\/www.rensiweb.com\/it\/orologio-uomo-baume-mercier-riviera-42-mm.html","title":{"rendered":"Orologio uomo BAUME &amp; MERCIER &#8211; Riviera &#8211; 42 mm &#8211; cassa Acciaio e cintu..."},"content":{"rendered":"<p><strong>Orologio uomo BAUME &amp; MERCIER, collezione Riviera,\u00a0<\/strong>42 mm, cassa Acciaio e cinturino in Caucci\u00f9 con chiusura del cinturino fibbia tripla pieghevole.<\/p>\n<p>Vetro in Antiriflesso e fondello cassa in vetro Zaffiro. Movimento Automatico a ricarica automatica con riserva fino a 38 ore.<\/p>\n<p>Quadrante con indici Romani e lancette placcate rodio.<\/p>\n<p>Resistente all&#8217;acqua fino a 10 ATM (100 mt)<\/p>\n<p>Disponibile.<\/p>\n<ul>\n<li><strong>Modello M0A10619 : cassa Acciaio e cinturino Caucci\u00f9 Blu &#8211; quadrante Blu<\/strong><\/li>\n<\/ul>\n<p>Questo orologio della collezione Riviera di Baume &amp; Mercier a carica automatica, \u00e8 stato creato per tutti gli uomini grazie alla sua versatilit\u00e0. Da uno stile casual ad uno elegante, Riviera pu\u00f2 accompagnare chiunque e non passare inosservato.<\/p>\n<p>&nbsp;<\/p>\n","protected":false},"excerpt":{"rendered":"<p>Orologio uomo BAUME &amp; MERCIER collezione Riviera, cassa diametro 42 mm., cassa Acciaio e cinturino Caucci\u00f9, movimento Automatico, quadrante Blu<\/p>\n","protected":false},"featured_media":13961,"comment_status":"open","ping_status":"closed","template":"","meta":[],"product_brand":[10],"product_cat":[1994,2038],"product_tag":[],"class_list":{"0":"post-5417","1":"product","2":"type-product","3":"status-publish","4":"has-post-thumbnail","6":"product_brand-baume-e-mercier-orologi-svizzera","7":"product_cat-orologi","8":"product_cat-baume-mercier","10":"first","11":"outofstock","12":"sale","13":"shipping-taxable","14":"purchasable","15":"product-type-simple"},"exclude_global_add_ons":[],"addons":[],"_links":{"self":[{"href":"https:\/\/www.rensiweb.com\/it\/wp-json\/wp\/v2\/product\/5417","targetHints":{"allow":["GET"]}}],"collection":[{"href":"https:\/\/www.rensiweb.com\/it\/wp-json\/wp\/v2\/product"}],"about":[{"href":"https:\/\/www.rensiweb.com\/it\/wp-json\/wp\/v2\/types\/product"}],"replies":[{"embeddable":true,"href":"https:\/\/www.rensiweb.com\/it\/wp-json\/wp\/v2\/comments?post=5417"}],"wp:featuredmedia":[{"embeddable":true,"href":"https:\/\/www.rensiweb.com\/it\/wp-json\/wp\/v2\/media\/13961"}],"wp:attachment":[{"href":"https:\/\/www.rensiweb.com\/it\/wp-json\/wp\/v2\/media?parent=5417"}],"wp:term":[{"taxonomy":"product_brand","embeddable":true,"href":"https:\/\/www.rensiweb.com\/it\/wp-json\/wp\/v2\/product_brand?post=5417"},{"taxonomy":"product_cat","embeddable":true,"href":"https:\/\/www.rensiweb.com\/it\/wp-json\/wp\/v2\/product_cat?post=5417"},{"taxonomy":"product_tag","embeddable":true,"href":"https:\/\/www.rensiweb.com\/it\/wp-json\/wp\/v2\/product_tag?post=5417"}],"curies":[{"name":"wp","href":"https:\/\/api.w.org\/{rel}","templated":true}]}}