{"id":5390,"date":"2021-05-31T07:22:22","date_gmt":"2021-05-31T05:22:22","guid":{"rendered":"https:\/\/www.rensiweb.com\/orologio-uomo-locman-collezione-isola-elba-crono-al-quarzo-cassa-acciaio-e-titanio-e-cinturino-acciaio-quadrante-beige\/"},"modified":"2026-04-30T20:48:58","modified_gmt":"2026-04-30T18:48:58","slug":"orologio-uomo-locman-collezione-isola-elba-crono-al-quarzo-cassa-acciaio-e-titanio-e-cinturino-acciaio-quadrante-beige","status":"publish","type":"product","link":"https:\/\/www.rensiweb.com\/it\/orologio-uomo-locman-collezione-isola-elba-crono-al-quarzo-cassa-acciaio-e-titanio-e-cinturino-acciaio-quadrante-beige.html","title":{"rendered":"Orologio Locman Isola Elba &#8211; Crono al Quarzo &#8211; cassa Acciaio e Titanio e cinturin..."},"content":{"rendered":"<p>Orologio uomo\u00a0<strong>Locman della collezione Isola d&#8217;Elba.<\/strong>\u00a0Orologi dedicati alla loro casa, l&#8217;isola pi\u00f9 grande e pi\u00f9 preziosa dell&#8217;arcipelago Toscano. Eleganti e versatili sono gli aspetti caratteristici dei cronografi Isola d&#8217;Elba, costruiti usando materiali ecologici e resistenti, per rispettare i valori del Made in Italy e della stessa casa Elbana.<\/p>\n<p><strong>Collezione uomo <strong>Isola d&#8217;Elba<\/strong>, <\/strong>calibrati sullo stile di vita di questo luogo, in nome di uno di una vita isolana rilassata e felice. Riporta le caratteristiche di uno stile morbido, come solo il mare sa trasmettere. Accessori unici che presentano un movimento cronografo al quarzo Ronda.<\/p>\n<p>La cassa di diametro 43 mm., \u00e8 composta da Acciaio e Titanio, mentre il cinturino \u00e8 realizzato in Acciaio anallergico. Questo modello presenta una cassa ricoperta di vetro naturale minerale antigraffio con trattamento Zaffiro, ed \u00e8 resistente all&#8217;acqua fino ad una profondit\u00e0 di 10 Bar (100 metri). Il quadrante smaltato \u00e8 decorato con lancette e indici luminescenti.<\/p>\n<p>Disponibile:<\/p>\n<ul class=\"gkBullet1\">\n<li><strong>modello 0460A02-00BLWHB0: cassa Acciaio e Titanio, cinturino Acciaio &#8211; quadrante Blu.<\/strong><\/li>\n<\/ul>\n<p>Orologio uomo<strong>\u00a0Locman <strong>Isola d&#8217;Elba<\/strong>,<\/strong>\u00a0\u00e8 un accessorio ideale per hi vuole distinguersi con una scelta di qualit\u00e0 adatta ad ogni occasione<\/p>\n","protected":false},"excerpt":{"rendered":"<p>Orologio uomo Locman della collezione Isola d&#8217;Elba, Cronografo al Quarzo, cassa diametro 43mm. in Acciaio e Titanio e cinturino in Acciaio<\/p>\n","protected":false},"featured_media":48018,"comment_status":"open","ping_status":"closed","template":"","meta":[],"product_brand":[3],"product_cat":[1994,2012,1992],"product_tag":[],"class_list":{"0":"post-5390","1":"product","2":"type-product","3":"status-publish","4":"has-post-thumbnail","6":"product_brand-locman-orologi-italia","7":"product_cat-orologi","8":"product_cat-locman","9":"product_cat-orologi-outlet","11":"first","12":"instock","13":"sale","14":"shipping-taxable","15":"purchasable","16":"product-type-variable","17":"has-default-attributes"},"exclude_global_add_ons":[],"addons":[],"_links":{"self":[{"href":"https:\/\/www.rensiweb.com\/it\/wp-json\/wp\/v2\/product\/5390","targetHints":{"allow":["GET"]}}],"collection":[{"href":"https:\/\/www.rensiweb.com\/it\/wp-json\/wp\/v2\/product"}],"about":[{"href":"https:\/\/www.rensiweb.com\/it\/wp-json\/wp\/v2\/types\/product"}],"replies":[{"embeddable":true,"href":"https:\/\/www.rensiweb.com\/it\/wp-json\/wp\/v2\/comments?post=5390"}],"wp:featuredmedia":[{"embeddable":true,"href":"https:\/\/www.rensiweb.com\/it\/wp-json\/wp\/v2\/media\/48018"}],"wp:attachment":[{"href":"https:\/\/www.rensiweb.com\/it\/wp-json\/wp\/v2\/media?parent=5390"}],"wp:term":[{"taxonomy":"product_brand","embeddable":true,"href":"https:\/\/www.rensiweb.com\/it\/wp-json\/wp\/v2\/product_brand?post=5390"},{"taxonomy":"product_cat","embeddable":true,"href":"https:\/\/www.rensiweb.com\/it\/wp-json\/wp\/v2\/product_cat?post=5390"},{"taxonomy":"product_tag","embeddable":true,"href":"https:\/\/www.rensiweb.com\/it\/wp-json\/wp\/v2\/product_tag?post=5390"}],"curies":[{"name":"wp","href":"https:\/\/api.w.org\/{rel}","templated":true}]}}