{"id":5370,"date":"2021-05-27T06:41:57","date_gmt":"2021-05-27T04:41:57","guid":{"rendered":"https:\/\/www.rensiweb.com\/orologio-uomo-locman-collezione-island-crono-al-quarzo-cassa-acciaio-e-titanio-e-cinturino-nylon-quadrante-bianco\/"},"modified":"2026-04-17T20:49:54","modified_gmt":"2026-04-17T18:49:54","slug":"orologio-uomo-locman-collezione-island-crono-al-quarzo-cassa-acciaio-e-titanio-e-cinturino-nylon-quadrante-bianco","status":"publish","type":"product","link":"https:\/\/www.rensiweb.com\/it\/orologio-uomo-locman-collezione-island-crono-al-quarzo-cassa-acciaio-e-titanio-e-cinturino-nylon-quadrante-bianco.html","title":{"rendered":"Orologio Locman Island Crono al Quarzo &#8211; cassa Acciaio e Titanio e cinturino Nylon &#82..."},"content":{"rendered":"<p>Orologio uomo\u00a0<strong>Locman della collezione Island.<\/strong> Orologi dedicati natura. Linee morbide e colori sobri caratterizzano l&#8217;aspetto di questi modelli, mentre l&#8217;interno presenta una tecnologia precisa e all&#8217;avanguardia. Costruiti usando materiali ecologici e resistenti, per rispettare i valori del Made in Italy e della stessa casa Elbana.<\/p>\n<p><strong>Collezione uomo Island, <\/strong>creata per rendere omaggio<strong>\u00a0<\/strong>alla qualit\u00e0 di vita degli isolani, rilassata e felice. Riporta le caratteristiche di uno stile morbido, come solo il mare sa trasmettere. Accessori unici che presentano un movimento cronografo al quarzo Miyota.<\/p>\n<p>La cassa di diametro 40 mm., \u00e8 composta da Acciaio e Titanio, mentre il cinturino \u00e8 realizzato interamente in Nylon. Questo modello presenta una cassa ricoperta di vetro naturale minerale antigraffio con trattamento Zaffiro, ed \u00e8 resistente all&#8217;acqua fino ad una profondit\u00e0 di 5 Bar (50 metri). Il quadrante mat \u00e8 decorato con lancette e indici luminescenti.<\/p>\n<p>Disponibile:<\/p>\n<ul class=\"gkBullet1\">\n<li><strong>modello 0618A03-00GRWHNG: cassa Acciaio e Titanio, cinturino Silcone Verde &#8211; quadrante Verde.<\/strong><\/li>\n<\/ul>\n<p>Orologio uomo<strong>\u00a0Locman Island,<\/strong>\u00a0\u00e8 un accessorio ideale per le attivit\u00e0 estive, creato sostenendo l&#8217;ambiente con valori ben precisi.<\/p>\n","protected":false},"excerpt":{"rendered":"<p>Orologio uomo Locman della collezione Island, Cronografo al Quarzo, cassa 40 mm. in Acciaio e Titanio e cinturino in Nylon, W.R. fino a 5 bar<\/p>\n","protected":false},"featured_media":47937,"comment_status":"open","ping_status":"closed","template":"","meta":[],"product_brand":[3],"product_cat":[1994,2012,1992],"product_tag":[],"class_list":{"0":"post-5370","1":"product","2":"type-product","3":"status-publish","4":"has-post-thumbnail","6":"product_brand-locman-orologi-italia","7":"product_cat-orologi","8":"product_cat-locman","9":"product_cat-orologi-outlet","11":"first","12":"instock","13":"sale","14":"shipping-taxable","15":"purchasable","16":"product-type-variable","17":"has-default-attributes"},"exclude_global_add_ons":[],"addons":[],"_links":{"self":[{"href":"https:\/\/www.rensiweb.com\/it\/wp-json\/wp\/v2\/product\/5370","targetHints":{"allow":["GET"]}}],"collection":[{"href":"https:\/\/www.rensiweb.com\/it\/wp-json\/wp\/v2\/product"}],"about":[{"href":"https:\/\/www.rensiweb.com\/it\/wp-json\/wp\/v2\/types\/product"}],"replies":[{"embeddable":true,"href":"https:\/\/www.rensiweb.com\/it\/wp-json\/wp\/v2\/comments?post=5370"}],"wp:featuredmedia":[{"embeddable":true,"href":"https:\/\/www.rensiweb.com\/it\/wp-json\/wp\/v2\/media\/47937"}],"wp:attachment":[{"href":"https:\/\/www.rensiweb.com\/it\/wp-json\/wp\/v2\/media?parent=5370"}],"wp:term":[{"taxonomy":"product_brand","embeddable":true,"href":"https:\/\/www.rensiweb.com\/it\/wp-json\/wp\/v2\/product_brand?post=5370"},{"taxonomy":"product_cat","embeddable":true,"href":"https:\/\/www.rensiweb.com\/it\/wp-json\/wp\/v2\/product_cat?post=5370"},{"taxonomy":"product_tag","embeddable":true,"href":"https:\/\/www.rensiweb.com\/it\/wp-json\/wp\/v2\/product_tag?post=5370"}],"curies":[{"name":"wp","href":"https:\/\/api.w.org\/{rel}","templated":true}]}}