{"id":5350,"date":"2021-05-26T06:52:56","date_gmt":"2021-05-26T04:52:56","guid":{"rendered":"https:\/\/www.rensiweb.com\/orologio-uomo-locman-collezione-sport-anniversary-al-quarzo-cassa-alluminio-e-cinturino-tessuto-quadrante-avorio\/"},"modified":"2024-08-28T17:08:50","modified_gmt":"2024-08-28T15:08:50","slug":"orologio-uomo-locman-collezione-sport-anniversary-al-quarzo-cassa-alluminio-e-cinturino-tessuto-quadrante-avorio","status":"publish","type":"product","link":"https:\/\/www.rensiweb.com\/it\/orologio-uomo-locman-collezione-sport-anniversary-al-quarzo-cassa-alluminio-e-cinturino-tessuto-quadrante-avorio.html","title":{"rendered":"Orologio uomo Locman &#8211; collezione Sport Anniversary al Quarzo &#8211; cassa Alluminio e..."},"content":{"rendered":"<p>Orologio uomo\u00a0<strong>Locman della collezione Sport Anniversary.<\/strong>\u00a0Orologi giovani, leggeri, colorati creati con materiali resistenti, per rispettare il Made in Italy, ma allo stesso tempo ecologici. La scelta di utilizzare l&#8217;alluminio per le casse \u00e8 in linea con la mentalit\u00e0 ecologica della casa Elbana, infatti l&#8217;alluminio \u00e8 uno dei pochi materiali che possono essere riciclati numerose volte.<\/p>\n<p><strong>Collezione uomo Sport Anniversary\u00a0<\/strong>trova la sua particolarit\u00e0 nella forma tonneau della cassa, che evoca dinamismo e adrenalina. In soli pochi mesi dopo il suo lanci infatti raggiunse un successo internazionale, diventando simbolo del made in italy nel mondo. La cassa bombata e il cinturino colorato da colori vivaci, creano un\u00a0accessorio unico che presenta un movimento solo tempo al Quarzo Miyota.<\/p>\n<p>La cassa tonneau misura 50&#215;37 mm., \u00e8 composta da Alluminio, mentre il cinturino \u00e8 realizzato interamente in Tessuto. Questo modello presenta una cassa ricoperta di vetro naturale minerale antigraffio con trattamento Zaffiro, ed \u00e8 resistente all&#8217;acqua fino ad una profondit\u00e0 di 5 Bar (50 metri). Il quadrante mat \u00e8 decorato con lancette e indici luminescenti.<\/p>\n<p>Disponibile:<\/p>\n<ul class=\"gkBullet1\">\n<li><strong>modello 0471L05S-LLAVRDCK: Cassa Alluminio, <strong>cinturino Tessuto Nero &#8211;<\/strong>\u00a0quadrante Avorio.<\/strong><\/li>\n<li><strong>modello 0471L05S-LLAVRDELCR: cassa Alluminio, cinturino Tessuto Rosso &#8211; quadrante Avorio.<\/strong><\/li>\n<li><strong>modello 0471L02S-LLBLORCB: cassa Alluminio, cinturino Tessuto Blu &#8211; quadrante Blu.<\/strong><\/li>\n<li><strong>modello 0471L01S-LLBKSKCK: cassa Alluminio, cinturino Tessuto Nero &#8211; quadrante Nero.<\/strong><\/li>\n<\/ul>\n<p>Orologio uomo<strong>\u00a0Locman Sport Anniversary,<\/strong>\u00a0\u00e8 un accessorio ideale per le attivit\u00e0 estive, creato sostenendo l&#8217;ambiente con valori ben precisi.<\/p>\n","protected":false},"excerpt":{"rendered":"<p>Orologio uomo Locman della collezione Sport Anniversary, movimento al Quarzo, cassa tonneau in Alluminio e cinturino in Tessuto, W.R. 5 Bar<\/p>\n","protected":false},"featured_media":13903,"comment_status":"open","ping_status":"closed","template":"","meta":[],"product_brand":[3],"product_cat":[1994,2012],"product_tag":[],"class_list":{"0":"post-5350","1":"product","2":"type-product","3":"status-publish","4":"has-post-thumbnail","6":"product_brand-locman-orologi-italia","7":"product_cat-orologi","8":"product_cat-locman","10":"first","11":"outofstock","12":"sale","13":"shipping-taxable","14":"purchasable","15":"product-type-variable"},"exclude_global_add_ons":[],"addons":[],"_links":{"self":[{"href":"https:\/\/www.rensiweb.com\/it\/wp-json\/wp\/v2\/product\/5350","targetHints":{"allow":["GET"]}}],"collection":[{"href":"https:\/\/www.rensiweb.com\/it\/wp-json\/wp\/v2\/product"}],"about":[{"href":"https:\/\/www.rensiweb.com\/it\/wp-json\/wp\/v2\/types\/product"}],"replies":[{"embeddable":true,"href":"https:\/\/www.rensiweb.com\/it\/wp-json\/wp\/v2\/comments?post=5350"}],"wp:featuredmedia":[{"embeddable":true,"href":"https:\/\/www.rensiweb.com\/it\/wp-json\/wp\/v2\/media\/13903"}],"wp:attachment":[{"href":"https:\/\/www.rensiweb.com\/it\/wp-json\/wp\/v2\/media?parent=5350"}],"wp:term":[{"taxonomy":"product_brand","embeddable":true,"href":"https:\/\/www.rensiweb.com\/it\/wp-json\/wp\/v2\/product_brand?post=5350"},{"taxonomy":"product_cat","embeddable":true,"href":"https:\/\/www.rensiweb.com\/it\/wp-json\/wp\/v2\/product_cat?post=5350"},{"taxonomy":"product_tag","embeddable":true,"href":"https:\/\/www.rensiweb.com\/it\/wp-json\/wp\/v2\/product_tag?post=5350"}],"curies":[{"name":"wp","href":"https:\/\/api.w.org\/{rel}","templated":true}]}}