{"id":5339,"date":"2021-05-25T07:11:01","date_gmt":"2021-05-25T05:11:01","guid":{"rendered":"https:\/\/www.rensiweb.com\/orologio-uomo-locman-collezione-ducati-automatico-cassa-acciaio-e-titanio-e-cinturino-silicone-quadrante-carbonio\/"},"modified":"2026-04-20T14:56:04","modified_gmt":"2026-04-20T12:56:04","slug":"orologio-uomo-locman-collezione-ducati-automatico-cassa-acciaio-e-titanio-e-cinturino-silicone-quadrante-carbonio","status":"publish","type":"product","link":"https:\/\/www.rensiweb.com\/it\/orologio-uomo-locman-collezione-ducati-automatico-cassa-acciaio-e-titanio-e-cinturino-silicone-quadrante-carbonio.html","title":{"rendered":"Orologio Locman Ducati Automatico &#8211; cassa Acciaio e Titanio e cinturino Silicone &#8211..."},"content":{"rendered":"<p>Orologio uomo\u00a0<strong>Locman della collezione Ducati.<\/strong>\u00a0Famiglia di orologi nata per la sinergia di due case italiane di eccellenze, che condividono gli stessi valori. Dedicata interamente a tutti coloro che nutrono una passione per i motori e che ricercano prodotti all&#8217;avanguardia e moderni. Realizzata solo con materiali resistenti per rispettare la tradizione del Made In Italy.<\/p>\n<p><strong>Collezione uomo Ducati <\/strong>trova la sua particolarit\u00e0 nella forma tonneau della cassa, che evoca dinamismo e adrenalina. Anima sportiva, tecnica moderna, passione per il design esclusivo, sono racchiusi dentro questo macchinario unico che presenta un movimento Automatico rielaborato SIO.<\/p>\n<p>La cassa tonneau misura 50&#215;38 mm., \u00e8 composta da un Acciaio e Titanio, mentre il cinturino \u00e8 realizzato interamente in silicone. Questo modello presenta una cassa ricoperta di vetro naturale minerale antigraffio con trattamento Zaffiro, ed \u00e8 resistente all&#8217;acqua fino ad una profondit\u00e0 di 10 Bar (100 metri). Il quadrante, in fibra di carbonio, \u00e8 decorato con lancette e indici luminescenti.<\/p>\n<p>Disponibile:<\/p>\n<ul class=\"gkBullet1\">\n<li><strong>modello D551A09S-00CBRDSR: cassa Acciaio e Titanio, cinturino in Silicone Nero e Rosso &#8211; quadrante Carbonio.<\/strong><\/li>\n<\/ul>\n<p>Orologio uomo<strong>\u00a0Locman Ducati,<\/strong>\u00a0\u00e8 un accessorio he in ogni suo dettaglio richiama i componenti delle moto, creato con materiali resistenti e ultra leggeri come il Titalio e il Carbonio.<\/p>\n","protected":false},"excerpt":{"rendered":"<p>Orologio uomo Locman della collezione Ducati Automatico, cassa 50&#215;38 in Acciaio e Titanio e cinturino Silicone, quadrante Carbonio, W.R. 10 Bar<\/p>\n","protected":false},"featured_media":13896,"comment_status":"open","ping_status":"closed","template":"","meta":[],"product_brand":[3],"product_cat":[1994,2012,1992],"product_tag":[],"class_list":{"0":"post-5339","1":"product","2":"type-product","3":"status-publish","4":"has-post-thumbnail","6":"product_brand-locman-orologi-italia","7":"product_cat-orologi","8":"product_cat-locman","9":"product_cat-orologi-outlet","11":"first","12":"instock","13":"sale","14":"shipping-taxable","15":"purchasable","16":"product-type-variable","17":"has-default-attributes"},"exclude_global_add_ons":[],"addons":[],"_links":{"self":[{"href":"https:\/\/www.rensiweb.com\/it\/wp-json\/wp\/v2\/product\/5339","targetHints":{"allow":["GET"]}}],"collection":[{"href":"https:\/\/www.rensiweb.com\/it\/wp-json\/wp\/v2\/product"}],"about":[{"href":"https:\/\/www.rensiweb.com\/it\/wp-json\/wp\/v2\/types\/product"}],"replies":[{"embeddable":true,"href":"https:\/\/www.rensiweb.com\/it\/wp-json\/wp\/v2\/comments?post=5339"}],"wp:featuredmedia":[{"embeddable":true,"href":"https:\/\/www.rensiweb.com\/it\/wp-json\/wp\/v2\/media\/13896"}],"wp:attachment":[{"href":"https:\/\/www.rensiweb.com\/it\/wp-json\/wp\/v2\/media?parent=5339"}],"wp:term":[{"taxonomy":"product_brand","embeddable":true,"href":"https:\/\/www.rensiweb.com\/it\/wp-json\/wp\/v2\/product_brand?post=5339"},{"taxonomy":"product_cat","embeddable":true,"href":"https:\/\/www.rensiweb.com\/it\/wp-json\/wp\/v2\/product_cat?post=5339"},{"taxonomy":"product_tag","embeddable":true,"href":"https:\/\/www.rensiweb.com\/it\/wp-json\/wp\/v2\/product_tag?post=5339"}],"curies":[{"name":"wp","href":"https:\/\/api.w.org\/{rel}","templated":true}]}}