{"id":5328,"date":"2021-05-20T09:18:44","date_gmt":"2021-05-20T07:18:44","guid":{"rendered":"https:\/\/www.rensiweb.com\/orologio-uomo-locman-collezione-mare-marina-militare-al-quarzo-cassa-acciaio-e-titanio-e-cinturino-silicone-quadrante-blu-1\/"},"modified":"2026-04-17T20:48:52","modified_gmt":"2026-04-17T18:48:52","slug":"orologio-uomo-locman-collezione-mare-marina-militare-al-quarzo-cassa-acciaio-e-titanio-e-cinturino-silicone-quadrante-blu-1","status":"publish","type":"product","link":"https:\/\/www.rensiweb.com\/it\/orologio-uomo-locman-collezione-mare-marina-militare-al-quarzo-cassa-acciaio-e-titanio-e-cinturino-silicone-quadrante-blu-1.html","title":{"rendered":"Orologio Locman Mare Marina Militare al Quarzo &#8211; cassa Acciaio e Titanio e cinturino Si..."},"content":{"rendered":"<p>Orologio uomo\u00a0<strong>Locman della collezione Mare Marina Militare.<\/strong>\u00a0Famiglia di orologi nata dal 2007, quando per la prima volta il marchio progett\u00f2 un orologio con lo stemma della Marina Militare. Dedicata interamente al mare e a tutti coloro che hanno protetto il mare italiano. Realizzata solo con materiali resistenti per rispettare la tradizione del Made In Italy.<\/p>\n<p><strong>Collezione uomo Mare Marina Militare,<\/strong>\u00a0fa innamorare al primo sguardo tutti coloro che nel mare trovano la propria casa. Orologio che si fa indossare con piacere, grazie alla sua leggerezza e ai suoi colori ispirati ai colori del mare. Il cinturino in silicone dona semplicit\u00e0. Presenta un movimento Solo Tempo al Quarzo Miyota.<\/p>\n<p>La cassa di diametro 44mm., \u00e8 composta da un Acciaio e Titanio, mentre il cinturino \u00e8 realizzato in silicone. Questo modello presenta una cassa ricoperta di vetro naturale minerale con trattamento Zaffiro, ed \u00e8 resistente all&#8217;acqua fino ad una profondit\u00e0 di 10 Bar (100 metri). Il quadrante smaltato, presenta il logo della Marina Militare a ore 6 ed \u00e8 decorato con lancette luminescenti.<\/p>\n<p>Disponibile:<\/p>\n<ul class=\"gkBullet1\">\n<li><strong>modello 0557A02S-00BLMMSB: Cassa Acciaio e Titanio, <strong>cinturino Silicone &#8211;<\/strong>\u00a0quadrante Blu.<\/strong><\/li>\n<\/ul>\n<p>Orologio uomo<strong>\u00a0Locman Mare Marina Militare,<\/strong>\u00a0in Acciaio e Silicone, \u00e8 un accessorio comodo e di facile portabilit\u00e0, ultra leggero ed impercettibile al polso.<\/p>\n","protected":false},"excerpt":{"rendered":"<p>Orologio uomo Locman della collezione Mare Marina Militare al Quarzo, cassa 44 mm. Acciaio e Titanio e cinturino Silicone, quadrante Blu<\/p>\n","protected":false},"featured_media":13894,"comment_status":"open","ping_status":"closed","template":"","meta":[],"product_brand":[3],"product_cat":[1994,2012,1992],"product_tag":[],"class_list":{"0":"post-5328","1":"product","2":"type-product","3":"status-publish","4":"has-post-thumbnail","6":"product_brand-locman-orologi-italia","7":"product_cat-orologi","8":"product_cat-locman","9":"product_cat-orologi-outlet","11":"first","12":"instock","13":"sale","14":"shipping-taxable","15":"purchasable","16":"product-type-simple"},"exclude_global_add_ons":[],"addons":[],"_links":{"self":[{"href":"https:\/\/www.rensiweb.com\/it\/wp-json\/wp\/v2\/product\/5328","targetHints":{"allow":["GET"]}}],"collection":[{"href":"https:\/\/www.rensiweb.com\/it\/wp-json\/wp\/v2\/product"}],"about":[{"href":"https:\/\/www.rensiweb.com\/it\/wp-json\/wp\/v2\/types\/product"}],"replies":[{"embeddable":true,"href":"https:\/\/www.rensiweb.com\/it\/wp-json\/wp\/v2\/comments?post=5328"}],"wp:featuredmedia":[{"embeddable":true,"href":"https:\/\/www.rensiweb.com\/it\/wp-json\/wp\/v2\/media\/13894"}],"wp:attachment":[{"href":"https:\/\/www.rensiweb.com\/it\/wp-json\/wp\/v2\/media?parent=5328"}],"wp:term":[{"taxonomy":"product_brand","embeddable":true,"href":"https:\/\/www.rensiweb.com\/it\/wp-json\/wp\/v2\/product_brand?post=5328"},{"taxonomy":"product_cat","embeddable":true,"href":"https:\/\/www.rensiweb.com\/it\/wp-json\/wp\/v2\/product_cat?post=5328"},{"taxonomy":"product_tag","embeddable":true,"href":"https:\/\/www.rensiweb.com\/it\/wp-json\/wp\/v2\/product_tag?post=5328"}],"curies":[{"name":"wp","href":"https:\/\/api.w.org\/{rel}","templated":true}]}}