{"id":5300,"date":"2021-05-19T08:21:22","date_gmt":"2021-05-19T06:21:22","guid":{"rendered":"https:\/\/www.rensiweb.com\/orologio-uomo-locman-collezione-stealth-300-mt-automatico-cassa-acciaio-e-carbonio-e-cinturino-silicone-nero-quadrante-carbonio\/"},"modified":"2021-05-19T08:21:22","modified_gmt":"2021-05-19T06:21:22","slug":"orologio-uomo-locman-collezione-stealth-300-mt-automatico-cassa-acciaio-e-carbonio-e-cinturino-silicone-nero-quadrante-carbonio","status":"publish","type":"product","link":"https:\/\/www.rensiweb.com\/it\/orologio-uomo-locman-collezione-stealth-300-mt-automatico-cassa-acciaio-e-carbonio-e-cinturino-silicone-nero-quadrante-carbonio.html","title":{"rendered":"Orologio uomo Locman &#8211; collezione Stealth 300 MT Automatico &#8211; cassa Acciaio e Car..."},"content":{"rendered":"<p>Orologio uomo&nbsp;<strong>Locman della collezione Stealth 300 MT.<\/strong>&nbsp;Famiglia di orologi nati per accompagnare tutti coloro che dello sport fanno una parte importante della propira vita. Realizzati con materiali super tecnici e resistenti, per rispettare la tradizione del Made In Italy.<\/p>\n<p><strong>Collezione uomo Stealth 300 MT,<\/strong>&nbsp;dedicato a chi non si pone limiti. Il modello \u00e8 stato disegnato con la cassa in Carbonio e Titanio il cinturino in Silicone, cos\u00ec da rendere questo accessorio ancora pi\u00f9 tecnico. Design semplice ma progettato nei minimi dettagli per poter garantire le migliori prestazioni possibili. Orologio che presenta un movimento meccanico a carica automatica.<\/p>\n<p>La cassa di diametro 46mm., \u00e8 composta da Carbonio e Titanio, mentre il cinturino \u00e8 realizzato interamente in Silicone. Questi modelli presentano una cassa ricoperta di vetro naturale minerale con trattamento Zaffiro, e pu\u00f2 resistere fino ad una profondit\u00e0 di 30 Bar (300metri). Il quadrante smaltato, \u00e8 decorato con lancette luminescenti e lunetta girevole unidirezionale.<\/p>\n<p>Disponibile:<\/p>\n<ul class=\"gkBullet1\">\n<li><strong>modello 0216V5-CBCBNKWS2K : Cassa Acciaio e Carbonio, <strong>cinturino Silicone Nero &#8211;<\/strong>&nbsp;quadrante Carbonio.<\/strong><\/li>\n<li><strong><span>modello 0216V5-CBCBNKWS2A: <strong>Cassa Acciaio e Carbonio,&nbsp;<strong>cinturino Silicone Grigio<\/strong><\/strong><strong><strong>&nbsp;&#8211;<\/strong>&nbsp;quadrante Carbonio.<\/strong><\/span><\/strong><\/li>\n<li><strong><span>modello 0216V3-CBCBNKBS2B: <strong>Cassa Acciaio e Carbonio,&nbsp;<strong>cinturino Silicone Blu<\/strong><\/strong><strong><strong>&nbsp;&#8211;<\/strong>&nbsp;quadrante Carbonio.<\/strong><\/span><\/strong><\/li>\n<li><strong><span>modello 0216V4-CBCB5N0S2N: <strong>Cassa Acciaio e Carbonio,&nbsp;<strong>cinturino Silicone Marrone<\/strong><\/strong><strong><strong>&nbsp;&#8211;<\/strong>&nbsp;quadrante Carbonio.<\/strong><\/span><\/strong><\/li>\n<li><strong><strong><\/strong><\/strong><strong><span>modello 0216V2-CBCBNKYS2Y: <strong>Cassa Acciaio e Carbonio,&nbsp;<strong>cinturino Silicone Giallo<\/strong><\/strong><strong><strong>&nbsp;&#8211;<\/strong>&nbsp;quadrante Carbonio.<\/strong><\/span><\/strong>&nbsp;<\/li>\n<\/ul>\n<p>Orologio uomo<strong>&nbsp;Locman Stealth 300 MT,<\/strong>&nbsp;viene forgiato con materiali leggeri ma \u00e8 allo stesso tempo in grado di resistere alle sollecitazioni esterne pi\u00f9 estreme.<\/p>\n","protected":false},"excerpt":{"rendered":"<p>Orologio uomo Locman della collezione Stealth 300 MT Automatico, cassa 46 mm. in Acciaio e Carbonio e cinturino Silicone, quadrante Carbonio<\/p>\n","protected":false},"featured_media":0,"comment_status":"","ping_status":"closed","template":"","meta":[],"product_brand":[],"product_cat":[2002],"product_tag":[],"class_list":{"0":"post-5300","1":"product","2":"type-product","3":"status-publish","5":"product_cat-prodotti-non-disponibili","7":"first","8":"outofstock","9":"shipping-taxable","10":"purchasable","11":"product-type-simple"},"exclude_global_add_ons":[],"addons":[],"_links":{"self":[{"href":"https:\/\/www.rensiweb.com\/it\/wp-json\/wp\/v2\/product\/5300","targetHints":{"allow":["GET"]}}],"collection":[{"href":"https:\/\/www.rensiweb.com\/it\/wp-json\/wp\/v2\/product"}],"about":[{"href":"https:\/\/www.rensiweb.com\/it\/wp-json\/wp\/v2\/types\/product"}],"replies":[{"embeddable":true,"href":"https:\/\/www.rensiweb.com\/it\/wp-json\/wp\/v2\/comments?post=5300"}],"wp:attachment":[{"href":"https:\/\/www.rensiweb.com\/it\/wp-json\/wp\/v2\/media?parent=5300"}],"wp:term":[{"taxonomy":"product_brand","embeddable":true,"href":"https:\/\/www.rensiweb.com\/it\/wp-json\/wp\/v2\/product_brand?post=5300"},{"taxonomy":"product_cat","embeddable":true,"href":"https:\/\/www.rensiweb.com\/it\/wp-json\/wp\/v2\/product_cat?post=5300"},{"taxonomy":"product_tag","embeddable":true,"href":"https:\/\/www.rensiweb.com\/it\/wp-json\/wp\/v2\/product_tag?post=5300"}],"curies":[{"name":"wp","href":"https:\/\/api.w.org\/{rel}","templated":true}]}}