{"id":5291,"date":"2021-05-19T06:49:36","date_gmt":"2021-05-19T04:49:36","guid":{"rendered":"https:\/\/www.rensiweb.com\/orologio-uomo-locman-collezione-stealth-300-mt-al-quarzo-cassa-carbonio-e-titanio-e-cinturino-silicone-quadrante-carbonio\/"},"modified":"2026-05-08T14:48:05","modified_gmt":"2026-05-08T12:48:05","slug":"orologio-uomo-locman-collezione-stealth-300-mt-al-quarzo-cassa-carbonio-e-titanio-e-cinturino-silicone-quadrante-carbonio","status":"publish","type":"product","link":"https:\/\/www.rensiweb.com\/it\/orologio-uomo-locman-collezione-stealth-300-mt-al-quarzo-cassa-carbonio-e-titanio-e-cinturino-silicone-quadrante-carbonio.html","title":{"rendered":"Orologio uomo Locman &#8211; collezione Stealth 300 MT al Quarzo &#8211; cassa Carbonio e Tit..."},"content":{"rendered":"<p>Orologio uomo\u00a0<strong>Locman della collezione Stealth 300 MT.<\/strong>\u00a0Famiglia di orologi nati per accompagnare i grandi sportivi. Realizzati con materiali super tecnici e resistenti, per rispettare la tradizione del Made In Italy.<\/p>\n<p><strong>Collezione uomo Stealth 300 MT,<\/strong>\u00a0dedicato a chi non si pone limiti. Il modello \u00e8 stato disegnato in carbonio, materiale utilizzato dalla Casa Elbana da circa due decenni. Design semplice ma tecnico, progettato nei minimi dettagli per poter garantire le migliori prestazioni possibili. Orologio che presenta un movimento solo tempo al quarzo.<\/p>\n<p>La cassa di diametro 46mm., \u00e8 composta da Carbonio forgiato e Titanio, mentre il cinturino \u00e8 realizzato interamente in Silicone. Questi modelli presentano una cassa ricoperta di vetro naturale minerale con trattamento Zaffiro, e pu\u00f2 resistere fino ad una profondit\u00e0 di 30 Bar (300metri). Il quadrante in fibra di carbonio, \u00e8 decorato con lancette luminescenti e lunetta girevole unidirezionale.<\/p>\n<p>Disponibile:<\/p>\n<ul class=\"gkBullet1\">\n<li><strong>modello 0218C09A-CBCBNKS2K : Cassa Carbonio e Titanio, <strong>cinturino Silicone Nero &#8211;<\/strong>\u00a0quadrante Carbonio.<\/strong><\/li>\n<li><strong>modello 0218C09A-CBCBNKS2B : <strong>Cassa Carbonio e Titanio, <strong>cinturino Silicone<\/strong><\/strong><strong><strong>\u00a0Blu &#8211;<\/strong>\u00a0quadrante Carbonio.<\/strong><\/strong><\/li>\n<\/ul>\n<p>Orologio uomo<strong>\u00a0Locman Stealth 300 MT,<\/strong>\u00a0viene forgiato con materiali leggeri ma \u00e8 allo stesso tempo in grado di resistere alle sollecitazioni esterne pi\u00f9 estreme.<\/p>\n","protected":false},"excerpt":{"rendered":"<p>Orologio uomo Locman della collezione Stealth 300 MT al Quarzo, cassa diametro 46 mm. in Carbonio e Titanio e cinturino Silicone, quadrante Carbonio<\/p>\n","protected":false},"featured_media":13870,"comment_status":"open","ping_status":"closed","template":"","meta":[],"product_brand":[3],"product_cat":[1994,2012],"product_tag":[],"class_list":{"0":"post-5291","1":"product","2":"type-product","3":"status-publish","4":"has-post-thumbnail","6":"product_brand-locman-orologi-italia","7":"product_cat-orologi","8":"product_cat-locman","10":"first","11":"instock","12":"sale","13":"shipping-taxable","14":"purchasable","15":"product-type-variable"},"exclude_global_add_ons":[],"addons":[],"_links":{"self":[{"href":"https:\/\/www.rensiweb.com\/it\/wp-json\/wp\/v2\/product\/5291","targetHints":{"allow":["GET"]}}],"collection":[{"href":"https:\/\/www.rensiweb.com\/it\/wp-json\/wp\/v2\/product"}],"about":[{"href":"https:\/\/www.rensiweb.com\/it\/wp-json\/wp\/v2\/types\/product"}],"replies":[{"embeddable":true,"href":"https:\/\/www.rensiweb.com\/it\/wp-json\/wp\/v2\/comments?post=5291"}],"wp:featuredmedia":[{"embeddable":true,"href":"https:\/\/www.rensiweb.com\/it\/wp-json\/wp\/v2\/media\/13870"}],"wp:attachment":[{"href":"https:\/\/www.rensiweb.com\/it\/wp-json\/wp\/v2\/media?parent=5291"}],"wp:term":[{"taxonomy":"product_brand","embeddable":true,"href":"https:\/\/www.rensiweb.com\/it\/wp-json\/wp\/v2\/product_brand?post=5291"},{"taxonomy":"product_cat","embeddable":true,"href":"https:\/\/www.rensiweb.com\/it\/wp-json\/wp\/v2\/product_cat?post=5291"},{"taxonomy":"product_tag","embeddable":true,"href":"https:\/\/www.rensiweb.com\/it\/wp-json\/wp\/v2\/product_tag?post=5291"}],"curies":[{"name":"wp","href":"https:\/\/api.w.org\/{rel}","templated":true}]}}