{"id":5274,"date":"2021-05-18T07:25:40","date_gmt":"2021-05-18T05:25:40","guid":{"rendered":"https:\/\/www.rensiweb.com\/orologio-uomo-locman-collezione-1960-al-quarzo-cassa-acciaio-e-cinturino-cuoio-quadrante-bianco\/"},"modified":"2026-04-07T20:48:06","modified_gmt":"2026-04-07T18:48:06","slug":"orologio-uomo-locman-collezione-1960-al-quarzo-cassa-acciaio-e-cinturino-cuoio-quadrante-bianco","status":"publish","type":"product","link":"https:\/\/www.rensiweb.com\/it\/orologio-uomo-locman-collezione-1960-al-quarzo-cassa-acciaio-e-cinturino-cuoio-quadrante-bianco.html","title":{"rendered":"Orologio uomo Locman &#8211; collezione 1960 al Quarzo &#8211; cassa Acciaio e cinturino Cuoi..."},"content":{"rendered":"<p>Orologio uomo\u00a0<strong>Locman della collezione 1960.<\/strong>\u00a0Famiglia di orologi nati per ricordare il passato, realizzati con il cuoio pi\u00f9 pregiato e resistente, per rispettare la tradizione del Made In Italy.<\/p>\n<p><strong>Collezione uomo 1960,<\/strong>\u00a0dedicato interamente alla Dolce Vita degli anni 60. Il modello \u00e8 stato disegnato per coloro che ancora sono legati al passato e amano lo stile classico vintage. Design minimalista che interpreta lo chic di quegli anni dandogli un tocco di modernit\u00e0. Orologio che presenta un movimento meccanico a carica automatica.<\/p>\n<p>La cassa di diametro 42mm., \u00e8 composta da Acciaio 316L mentre il cinturino \u00e8 realizzato interamente in Cuoio. Questi modelli presentano una cassa ricoperta di vetro naturale minerale antigraffio con trattamento Zaffiro, e pu\u00f2 resistere fino ad una profondit\u00e0 di 5 Bar (50metri). Il quadrante con indici applicati, \u00e8 decorato con sottili lancette a gladio.<\/p>\n<p>Disponibile:<\/p>\n<ul class=\"gkBullet1\">\n<li><strong>modello 0252V06-00AGNKPK : Cassa Acciaio, <strong>cinturino Cuoio Marrone &#8211;<\/strong>\u00a0quadrante Bianco.<\/strong><\/li>\n<li><strong>modello 0252V01-00BKNKPK : <strong>Cassa Acciaio, <strong>cinturino Cuoio Nero<\/strong><\/strong><strong><strong>\u00a0&#8211;<\/strong>\u00a0quadrante Nero.<\/strong><\/strong><\/li>\n<li><strong>modello 0252V10-RGAVRGPN: <strong>Cassa Acciaio trattata PVD Rose Gold, <strong>cinturino Cuoio Marrone<\/strong><\/strong><strong><strong>\u00a0&#8211;<\/strong>\u00a0quadrante Beige.<\/strong><\/strong><\/li>\n<\/ul>\n<p>Orologio uomo<strong>\u00a0Locman 1960,<\/strong>\u00a0\u00e8 adatto a chi ama la rigorosit\u00e0 stilistica e vuole ricordare anni passati.<\/p>\n","protected":false},"excerpt":{"rendered":"<p>Orologio uomo Locman della collezione 1960, movimento al Quarzo, cassa diametro 42 mm. in Acciaio e cinturino Cuoio, vetro minerale antigraffio<\/p>\n","protected":false},"featured_media":13834,"comment_status":"open","ping_status":"closed","template":"","meta":[],"product_brand":[3],"product_cat":[1994,2012],"product_tag":[],"class_list":{"0":"post-5274","1":"product","2":"type-product","3":"status-publish","4":"has-post-thumbnail","6":"product_brand-locman-orologi-italia","7":"product_cat-orologi","8":"product_cat-locman","10":"first","11":"instock","12":"sale","13":"shipping-taxable","14":"purchasable","15":"product-type-variable"},"exclude_global_add_ons":[],"addons":[],"_links":{"self":[{"href":"https:\/\/www.rensiweb.com\/it\/wp-json\/wp\/v2\/product\/5274","targetHints":{"allow":["GET"]}}],"collection":[{"href":"https:\/\/www.rensiweb.com\/it\/wp-json\/wp\/v2\/product"}],"about":[{"href":"https:\/\/www.rensiweb.com\/it\/wp-json\/wp\/v2\/types\/product"}],"replies":[{"embeddable":true,"href":"https:\/\/www.rensiweb.com\/it\/wp-json\/wp\/v2\/comments?post=5274"}],"wp:featuredmedia":[{"embeddable":true,"href":"https:\/\/www.rensiweb.com\/it\/wp-json\/wp\/v2\/media\/13834"}],"wp:attachment":[{"href":"https:\/\/www.rensiweb.com\/it\/wp-json\/wp\/v2\/media?parent=5274"}],"wp:term":[{"taxonomy":"product_brand","embeddable":true,"href":"https:\/\/www.rensiweb.com\/it\/wp-json\/wp\/v2\/product_brand?post=5274"},{"taxonomy":"product_cat","embeddable":true,"href":"https:\/\/www.rensiweb.com\/it\/wp-json\/wp\/v2\/product_cat?post=5274"},{"taxonomy":"product_tag","embeddable":true,"href":"https:\/\/www.rensiweb.com\/it\/wp-json\/wp\/v2\/product_tag?post=5274"}],"curies":[{"name":"wp","href":"https:\/\/api.w.org\/{rel}","templated":true}]}}