{"id":5271,"date":"2021-05-18T06:43:48","date_gmt":"2021-05-18T04:43:48","guid":{"rendered":"https:\/\/www.rensiweb.com\/orologio-uomo-locman-collezione-1960-al-quarzo-cassa-acciaio-pvd-rose-gold-e-cinturino-cuoio-quadrante-beige\/"},"modified":"2026-05-08T14:48:07","modified_gmt":"2026-05-08T12:48:07","slug":"orologio-uomo-locman-collezione-1960-al-quarzo-cassa-acciaio-pvd-rose-gold-e-cinturino-cuoio-quadrante-beige","status":"publish","type":"product","link":"https:\/\/www.rensiweb.com\/it\/orologio-uomo-locman-collezione-1960-al-quarzo-cassa-acciaio-pvd-rose-gold-e-cinturino-cuoio-quadrante-beige.html","title":{"rendered":"Orologio uomo Locman &#8211; collezione 1960 al Quarzo &#8211; cassa Acciaio PVD Rose Gold e ..."},"content":{"rendered":"<p>Orologio uomo\u00a0<strong>Locman della collezione 1960.<\/strong>\u00a0Famiglia di orologi nati per ricordare il passato, realizzati con il cuoio pi\u00f9 pregiato e resistente, per rispettare la tradizione del Made In Italy.<\/p>\n<p><strong>Collezione uomo 1960,<\/strong>\u00a0dedicato interamente alla Dolce Vita degli anni 60. Il modello \u00e8 stato disegnato per coloro che ancora sono legati al passato e amano lo stile classico vintage. Design minimalista che interpreta lo chic di quegli anni dandogli un tocco di modernit\u00e0. Orologio che resenta un movimento meccanico a carica automatica.<\/p>\n<p>La cassa di diametro 42mm., \u00e8 composta da Acciaio 316L, in alcuni modelli impreziosita da un trattamento PVD Rose gold, mentre il cinturino \u00e8 realizzato interamente in Cuoio. Questi modelli presentano una cassa ricoperta di vetro naturale minerale antigraffio con trattamento Zaffiro, e pu\u00f2 resistere fino ad una profondit\u00e0 di 5 Bar (50metri). Il quadrante con indici applicati, \u00e8 decorato con sottili lancette a gladio.<\/p>\n<p>Disponibile:<\/p>\n<ul class=\"gkBullet1\">\n<li><strong>modello 0254R05R-RRAVRG2PN : Cassa Acciaio trattata PVD Rose Gold, <strong>cinturino Cuoio Marrone &#8211;<\/strong>\u00a0quadrante Beige.<\/strong><\/li>\n<li><strong>modello 0254R02R-RRBLRGPB : <strong>Cassa Acciaio trattata PDV Rose Gold, <strong>cinturino Cuoio Blu<\/strong><\/strong><strong><strong>\u00a0&#8211;<\/strong>\u00a0quadrante Blu.<\/strong><\/strong><\/li>\n<li><strong>modello 0254R01R-RRBKRGPK : <strong>Cassa Acciaio trattata PDV Rose Gold, <strong>cinturino Cuoio Nero<\/strong><\/strong><strong><strong>\u00a0&#8211;<\/strong>\u00a0quadrante Nero.<\/strong><\/strong><\/li>\n<\/ul>\n<p>Orologio uomo<strong>\u00a0Locman 1960,<\/strong>\u00a0\u00e8 adatto a chi ama la rigorosit\u00e0 stilistica e vuole ricordare anni passati.<\/p>\n","protected":false},"excerpt":{"rendered":"<p>Orologio uomo Locman della collezione 1960, movimento al Quarzo, cassa diametro 42 mm. in Acciaio e cinturino Cuoio, vetro minerale antigraffio<\/p>\n","protected":false},"featured_media":13824,"comment_status":"open","ping_status":"closed","template":"","meta":[],"product_brand":[3],"product_cat":[1994,2012],"product_tag":[],"class_list":{"0":"post-5271","1":"product","2":"type-product","3":"status-publish","4":"has-post-thumbnail","6":"product_brand-locman-orologi-italia","7":"product_cat-orologi","8":"product_cat-locman","10":"first","11":"outofstock","12":"sale","13":"shipping-taxable","14":"purchasable","15":"product-type-variable"},"exclude_global_add_ons":[],"addons":[],"_links":{"self":[{"href":"https:\/\/www.rensiweb.com\/it\/wp-json\/wp\/v2\/product\/5271","targetHints":{"allow":["GET"]}}],"collection":[{"href":"https:\/\/www.rensiweb.com\/it\/wp-json\/wp\/v2\/product"}],"about":[{"href":"https:\/\/www.rensiweb.com\/it\/wp-json\/wp\/v2\/types\/product"}],"replies":[{"embeddable":true,"href":"https:\/\/www.rensiweb.com\/it\/wp-json\/wp\/v2\/comments?post=5271"}],"wp:featuredmedia":[{"embeddable":true,"href":"https:\/\/www.rensiweb.com\/it\/wp-json\/wp\/v2\/media\/13824"}],"wp:attachment":[{"href":"https:\/\/www.rensiweb.com\/it\/wp-json\/wp\/v2\/media?parent=5271"}],"wp:term":[{"taxonomy":"product_brand","embeddable":true,"href":"https:\/\/www.rensiweb.com\/it\/wp-json\/wp\/v2\/product_brand?post=5271"},{"taxonomy":"product_cat","embeddable":true,"href":"https:\/\/www.rensiweb.com\/it\/wp-json\/wp\/v2\/product_cat?post=5271"},{"taxonomy":"product_tag","embeddable":true,"href":"https:\/\/www.rensiweb.com\/it\/wp-json\/wp\/v2\/product_tag?post=5271"}],"curies":[{"name":"wp","href":"https:\/\/api.w.org\/{rel}","templated":true}]}}