{"id":5186,"date":"2021-05-11T06:39:00","date_gmt":"2021-05-11T04:39:00","guid":{"rendered":"https:\/\/www.rensiweb.com\/orologio-uomo-garmin-collezione-venu-2-schermo-45-mm-cassa-e-cinturino-silicone-lunetta-acciaio-1\/"},"modified":"2026-04-30T14:47:56","modified_gmt":"2026-04-30T12:47:56","slug":"orologio-uomo-garmin-collezione-venu-2-schermo-45-mm-cassa-e-cinturino-silicone-lunetta-acciaio-1","status":"publish","type":"product","link":"https:\/\/www.rensiweb.com\/it\/orologio-uomo-garmin-collezione-venu-2-schermo-45-mm-cassa-e-cinturino-silicone-lunetta-acciaio-1.html","title":{"rendered":"Orologio uomo Garmin &#8211; collezione Venu 2 &#8211; schermo 45 mm. &#8211; cassa e cinturi..."},"content":{"rendered":"<p><strong>Orologio uomo Garmin<\/strong> della collezione <strong>Venu 2<\/strong>. Cassa e cinturino in Silicone con ghiera in Acciaio Inox. Schermo di 45 mm. ricoperto da Gorilla Glass 3. Impermeabile fino a 5 Bar (50 metri).<\/p>\n<p>La collezione <strong>Venu di Garmin<\/strong> ha sempre riscosso un grande successo. Gli orologi sono realizzati con materiali resistenti e la carica ha una durata fino a 11 giorni utilizzando la normale modalit\u00e0 smartwatch, e fino a 12 giorni in modalit\u00e0 risparmio energetico smartwatch. Presenta una memoria 200 ore di dati sulle attivit\u00e0.<\/p>\n<p>Questo <strong>smartwatch<\/strong> \u00e8 adatto ad essere indossato nella quotidianit\u00e0 grazie a un resistente vetro\u00a0Gorilla Glass 3, all&#8217;elegante lunetta in acciaio inossidabile ed al comodo cinturino in silicone. Con la la modalit\u00e0 \u2033always on\u2033 potrai tenere sempre sotto controllo i dati. Controlla tutte le statistiche del tuo corpo facilmente tramite l&#8217;app <strong>Garmin Connect<\/strong>, e allo stesso tempo propone moltissime divertenti modalit\u00e0 di allenamento.<\/p>\n<p>Il disply di 416&#215;416 pixel \u00e8 a colori, per permettere una visuale ottimale in qualsisi condizione. Questo particolare modello di orologio possiede un sensore Cardio da polso e un rilevatore Pulse Ox, per una analisi della saturazione di ossigeno nel sangue istantanea.<\/p>\n<p>Garmin propone diverse varianti:<\/p>\n<ul>\n<li><strong>Modello 010-02430-10: cassa e cinturino in Silicone, ghiera in Acciaio &#8211; display 416&#215;416 pixel<\/strong><\/li>\n<li><strong>Modello 010-02430-11: cassa e cinturino in Silicone, ghiera in Acciaio &#8211; display 416&#215;416 pixel<\/strong><\/li>\n<\/ul>\n<p>Al momento dell&#8217;acquisto, nella scatola troverete il cavo ricarica, la garanzia e il manuale.<\/p>\n<p>Quando conduci uno stile di vita sano, vivi meglio, e <strong>Garmin<\/strong> offre tutti gli strumenti necessari per aiutarti.<\/p>\n","protected":false},"excerpt":{"rendered":"<p>Orologio uomo Garmin della collezione Venu 2, diametro schermo 45 mm., cassa e cinturino in Silicone, lunetta in Acciaio, Gorilla glass<\/p>\n","protected":false},"featured_media":13648,"comment_status":"open","ping_status":"closed","template":"","meta":[],"product_brand":[4178],"product_cat":[1994,2064,1992],"product_tag":[],"class_list":{"0":"post-5186","1":"product","2":"type-product","3":"status-publish","4":"has-post-thumbnail","6":"product_brand-garmin","7":"product_cat-orologi","8":"product_cat-garmin","9":"product_cat-orologi-outlet","11":"first","12":"outofstock","13":"sale","14":"shipping-taxable","15":"purchasable","16":"product-type-variable"},"exclude_global_add_ons":[],"addons":[],"_links":{"self":[{"href":"https:\/\/www.rensiweb.com\/it\/wp-json\/wp\/v2\/product\/5186","targetHints":{"allow":["GET"]}}],"collection":[{"href":"https:\/\/www.rensiweb.com\/it\/wp-json\/wp\/v2\/product"}],"about":[{"href":"https:\/\/www.rensiweb.com\/it\/wp-json\/wp\/v2\/types\/product"}],"replies":[{"embeddable":true,"href":"https:\/\/www.rensiweb.com\/it\/wp-json\/wp\/v2\/comments?post=5186"}],"wp:featuredmedia":[{"embeddable":true,"href":"https:\/\/www.rensiweb.com\/it\/wp-json\/wp\/v2\/media\/13648"}],"wp:attachment":[{"href":"https:\/\/www.rensiweb.com\/it\/wp-json\/wp\/v2\/media?parent=5186"}],"wp:term":[{"taxonomy":"product_brand","embeddable":true,"href":"https:\/\/www.rensiweb.com\/it\/wp-json\/wp\/v2\/product_brand?post=5186"},{"taxonomy":"product_cat","embeddable":true,"href":"https:\/\/www.rensiweb.com\/it\/wp-json\/wp\/v2\/product_cat?post=5186"},{"taxonomy":"product_tag","embeddable":true,"href":"https:\/\/www.rensiweb.com\/it\/wp-json\/wp\/v2\/product_tag?post=5186"}],"curies":[{"name":"wp","href":"https:\/\/api.w.org\/{rel}","templated":true}]}}