{"id":5182,"date":"2021-05-10T09:27:48","date_gmt":"2021-05-10T07:27:48","guid":{"rendered":"https:\/\/www.rensiweb.com\/orologio-unisex-garmin-collezione-venu-2s-schermo-40-mm-cassa-acciaio-e-cinturino-silicone\/"},"modified":"2026-05-07T20:48:13","modified_gmt":"2026-05-07T18:48:13","slug":"orologio-unisex-garmin-collezione-venu-2s-schermo-40-mm-cassa-acciaio-e-cinturino-silicone","status":"publish","type":"product","link":"https:\/\/www.rensiweb.com\/it\/orologio-unisex-garmin-collezione-venu-2s-schermo-40-mm-cassa-acciaio-e-cinturino-silicone.html","title":{"rendered":"Orologio unisex Garmin &#8211; collezione Venu 2S &#8211; schermo 40 mm. &#8211; cassa Acciai..."},"content":{"rendered":"<p><strong>Orologio unisex Garmin<\/strong> della collezione <strong>Venu 2S<\/strong>. Cassa in Acciaio, cinturino in Silicone. Schermo di 40 mm. ricoperto da Gorilla Glass 3. Impermeabile fino a 5 Bar (50 metri).<\/p>\n<p>La collezione Venu di Garmin ha sempre riscosso un grande successo. Gli orologi sono realizzati con materiali super resistenti e la carica ha una durata fino a 10 giorni utilizzando la normale modalit\u00e0 smartwatch, e fino a 11 giorni in modalit\u00e0 risparmio energetico smartwatch. Presenta una memoria 200 ore di dati sulle attivit\u00e0.<\/p>\n<p>Questo <strong>smartwatch<\/strong> \u00e8 adatto ad essere indossato nella quotidianit\u00e0 grazie a un resistente vetro\u00a0Gorilla Glass 3, all&#8217;elegante lunetta in acciaio inossidabile ed al comodo cinturino in silicone.\u00a0Il brillante schermo AMOLED d\u00e0 vita a questo orologio anche sotto la luce del sole. Con la la modalit\u00e0 \u2033always on\u2033 potrai tenere sempre sotto controllo i dati. Se collezioni come Marq o Fenix erano pi\u00f9 dedicate agi sportivi, Venu \u00e8 creato per tutti.<\/p>\n<p>Il disply di 280&#215;280 pixel \u00e8 a colori, per permettere una visuale ottimale in qualsisi condizione. Questo particolare modello di orologio possiede un sensore Cardio da polso e un rilevatore Pulse Ox, per una analisi della saturazione di ossigeno nel sangue istantanea.<\/p>\n<p>Garmin propone diverse varianti:<\/p>\n<ul>\n<li><strong>Modello 010-02429-10: cassa in Acciaio e cinturino in Silicone &#8211; display 360&#215;360 pixel<\/strong><\/li>\n<li><strong>Modello 010-02429-11: cassa in Acciaio e cinturino in Silicone &#8211; display 360&#215;360 pixel<\/strong><\/li>\n<li><strong>Modello 010-02429-12: cassa in Acciaio e cinturino in Silicone &#8211; display 360&#215;360 pixel<\/strong><\/li>\n<li><strong>Modello 010-02429-13: cassa in Acciaio e cinturino in Silicone &#8211; display 360&#215;360 pixel<\/strong><\/li>\n<\/ul>\n<p>Al momento dell&#8217;acquisto, nella scatola troverete il cavo ricarica, la garanzia e il manuale.<\/p>\n<p>Quando conduci uno stile di vita sano, vivi meglio, e Garmin offre tutti gli strumenti necessari per aiutarti.<\/p>\n","protected":false},"excerpt":{"rendered":"<p>Orologio unisex Garmin della collezione Venu 2S, diametro schermo 40 mm., cassa Acciaio e cinturino Silicone, Gorilla 3 Glass, W. R. fino a 5 Bar<\/p>\n","protected":false},"featured_media":13631,"comment_status":"open","ping_status":"closed","template":"","meta":[],"product_brand":[4178],"product_cat":[1994,2064,1992],"product_tag":[],"class_list":{"0":"post-5182","1":"product","2":"type-product","3":"status-publish","4":"has-post-thumbnail","6":"product_brand-garmin","7":"product_cat-orologi","8":"product_cat-garmin","9":"product_cat-orologi-outlet","11":"first","12":"outofstock","13":"sale","14":"shipping-taxable","15":"purchasable","16":"product-type-variable"},"exclude_global_add_ons":[],"addons":[],"_links":{"self":[{"href":"https:\/\/www.rensiweb.com\/it\/wp-json\/wp\/v2\/product\/5182","targetHints":{"allow":["GET"]}}],"collection":[{"href":"https:\/\/www.rensiweb.com\/it\/wp-json\/wp\/v2\/product"}],"about":[{"href":"https:\/\/www.rensiweb.com\/it\/wp-json\/wp\/v2\/types\/product"}],"replies":[{"embeddable":true,"href":"https:\/\/www.rensiweb.com\/it\/wp-json\/wp\/v2\/comments?post=5182"}],"wp:featuredmedia":[{"embeddable":true,"href":"https:\/\/www.rensiweb.com\/it\/wp-json\/wp\/v2\/media\/13631"}],"wp:attachment":[{"href":"https:\/\/www.rensiweb.com\/it\/wp-json\/wp\/v2\/media?parent=5182"}],"wp:term":[{"taxonomy":"product_brand","embeddable":true,"href":"https:\/\/www.rensiweb.com\/it\/wp-json\/wp\/v2\/product_brand?post=5182"},{"taxonomy":"product_cat","embeddable":true,"href":"https:\/\/www.rensiweb.com\/it\/wp-json\/wp\/v2\/product_cat?post=5182"},{"taxonomy":"product_tag","embeddable":true,"href":"https:\/\/www.rensiweb.com\/it\/wp-json\/wp\/v2\/product_tag?post=5182"}],"curies":[{"name":"wp","href":"https:\/\/api.w.org\/{rel}","templated":true}]}}