{"id":5148,"date":"2021-05-05T13:40:18","date_gmt":"2021-05-05T11:40:18","guid":{"rendered":"https:\/\/www.rensiweb.com\/orologio-uomo-garmin-collezione-marq-adventurer-schermo-30-4-mm-cassa-titanio-e-cinturino-cuoio\/"},"modified":"2024-08-05T18:03:33","modified_gmt":"2024-08-05T16:03:33","slug":"orologio-uomo-garmin-collezione-marq-adventurer-schermo-30-4-mm-cassa-titanio-e-cinturino-cuoio","status":"publish","type":"product","link":"https:\/\/www.rensiweb.com\/it\/orologio-uomo-garmin-collezione-marq-adventurer-schermo-30-4-mm-cassa-titanio-e-cinturino-cuoio.html","title":{"rendered":"Orologio uomo Garmin &#8211; collezione Marq Adventurer &#8211; schermo 30.4 mm. &#8211; cass..."},"content":{"rendered":"<p><strong>Orologio uomo Garmin<\/strong> della collezione <strong>Marq Adventurer<\/strong>. Cassa in Titanio, cinturino in Cuoio o Silicone, schermo di 30.4 mm. ricoperto da <strong>vetro in Zaffir<\/strong>. Impermeabile fino a 10 Bar (100 metri).<\/p>\n<p>Questa <strong>collezione Garmin<\/strong> \u00e8 la collezione di punta del Brand. Gli orologi sono realizzati con materiali super resistenti e la carica ha una durata fino a 12 giorni utilizzando le funzionalit\u00e0 base, fino a 28 ore con GPS attivo e fino a 48 ore in UltraTrac. Presenta una memoria di 32 GB.<\/p>\n<p>Questo Orologio offre funzionalit\u00e0 per chi vuole vivere la <strong>montagna<\/strong>\u00a0nelle sue giornate quotidiane. Si distingue infatti per un tema che richiama il colore del legno. Permette una permanenza sicura, grazie alla sua lunetta incisa a laser con riferimento a 360 gradi per aiutare l&#8217;orientamento. <strong>Marq<\/strong> <strong>Adventurer<\/strong> risulta inoltre perfetto perch\u00e8 se utilizzato in modalit\u00e0 Expedition, avr\u00e0 un consumo di batteria notevolmente inferiore. Il disply di 240&#215;240 pixel \u00e8 a colori, per permettere una visuale ottimale in qualsisi condizione. Questo particolare modello di orologio possiede un sensore Cardio da polso e un rilevatore Pulse Ox, per una analisi della saturazione di ossigeno nel sangue istantanea.<\/p>\n<p>Disponibile:<\/p>\n<ul>\n<li><strong>Modello 010-02006-27: cassa in Titanio e cinturino in Cuoio &#8211; display 240&#215;240 pixel<\/strong><\/li>\n<li><strong><strong>Modello 010-02567-31<\/strong><\/strong><strong>: cassa in Titanio e cinturino in Silicone &#8211; display 240-240 pixel<\/strong><\/li>\n<\/ul>\n<p>Al momento dell&#8217;acquisto, nella scatola troverete un cinturino in silicone extra, il cavo ricarica, la garanzia e il manuale.<\/p>\n<p>Scegliete il design elegante e deciso di <strong>Garmin<\/strong>. I materiali usati garantiscono una vestibilit\u00e0 ottimale e leggera, rendendo questi accessori essenziali per i veri amanti delle avventure in esplorazione. Raggiungi le vette pi\u00f9 alte del mondo grazie al tool watch perfetto.<\/p>\n","protected":false},"excerpt":{"rendered":"<p>Orologio uomo Garmin della collezione Marq Adventurer, diametro schermo 30.4 mm., cassa Titanio e cinturino Cuoio o Silicone, vetro Zaffiro<\/p>\n","protected":false},"featured_media":13506,"comment_status":"open","ping_status":"closed","template":"","meta":[],"product_brand":[4178],"product_cat":[1994,2064],"product_tag":[],"class_list":{"0":"post-5148","1":"product","2":"type-product","3":"status-publish","4":"has-post-thumbnail","6":"product_brand-garmin","7":"product_cat-orologi","8":"product_cat-garmin","10":"first","11":"outofstock","12":"sale","13":"shipping-taxable","14":"purchasable","15":"product-type-simple"},"exclude_global_add_ons":[],"addons":[],"_links":{"self":[{"href":"https:\/\/www.rensiweb.com\/it\/wp-json\/wp\/v2\/product\/5148","targetHints":{"allow":["GET"]}}],"collection":[{"href":"https:\/\/www.rensiweb.com\/it\/wp-json\/wp\/v2\/product"}],"about":[{"href":"https:\/\/www.rensiweb.com\/it\/wp-json\/wp\/v2\/types\/product"}],"replies":[{"embeddable":true,"href":"https:\/\/www.rensiweb.com\/it\/wp-json\/wp\/v2\/comments?post=5148"}],"wp:featuredmedia":[{"embeddable":true,"href":"https:\/\/www.rensiweb.com\/it\/wp-json\/wp\/v2\/media\/13506"}],"wp:attachment":[{"href":"https:\/\/www.rensiweb.com\/it\/wp-json\/wp\/v2\/media?parent=5148"}],"wp:term":[{"taxonomy":"product_brand","embeddable":true,"href":"https:\/\/www.rensiweb.com\/it\/wp-json\/wp\/v2\/product_brand?post=5148"},{"taxonomy":"product_cat","embeddable":true,"href":"https:\/\/www.rensiweb.com\/it\/wp-json\/wp\/v2\/product_cat?post=5148"},{"taxonomy":"product_tag","embeddable":true,"href":"https:\/\/www.rensiweb.com\/it\/wp-json\/wp\/v2\/product_tag?post=5148"}],"curies":[{"name":"wp","href":"https:\/\/api.w.org\/{rel}","templated":true}]}}