{"id":5142,"date":"2021-05-05T09:05:23","date_gmt":"2021-05-05T07:05:23","guid":{"rendered":"https:\/\/www.rensiweb.com\/orologio-uomo-garmin-collezione-marq-aviator-schermo-30-4-mm-cassa-e-cinturino-titanio\/"},"modified":"2026-04-07T20:46:51","modified_gmt":"2026-04-07T18:46:51","slug":"orologio-uomo-garmin-collezione-marq-aviator-schermo-30-4-mm-cassa-e-cinturino-titanio","status":"publish","type":"product","link":"https:\/\/www.rensiweb.com\/it\/orologio-uomo-garmin-collezione-marq-aviator-schermo-30-4-mm-cassa-e-cinturino-titanio.html","title":{"rendered":"Orologio uomo Garmin &#8211; collezione Marq Aviator &#8211; schermo 30.4 mm. &#8211; cassa e..."},"content":{"rendered":"<p><strong>Orologio uomo<\/strong><strong>\u00a0Garmin<\/strong> della collezione <strong>Marq Aviator<\/strong>. Cassa in Titanio grado 2 e cinturino in Titanio multi-link, schermo di 30.4 mm ricoperto da <strong>vetro in Zaffiro<\/strong> antiriflesso. Impermeabile fino a 10 Bar (100 metri).<\/p>\n<p>Questa <strong>collezione Garmin<\/strong> \u00e8 la collezione di punta del Brand. Gli orologi sono realizzati con materiali super resistenti e la carica ha una durata fino a 12 giorniutilizzando le funzionalit\u00e0 base, fino 28 ore con GPS attivo e fino a 48 ore in UltraTrac. Presenta una memoria fi 32 GB.<\/p>\n<p>Questo Orologio offre, oltre alle classiche <strong>funzioni Smart, funzionalit\u00e0 di Volo<\/strong> grazia ad una mappa aeronautica integrata e compatibile con il sistema di navigazione Garmin. L&#8217;indicatore del piano orizzontale permette di capire se si \u00e8 nella rotta corretta e in aggiunta si pu\u00f2 anche visualizzare il piano di volo. \u00c8 dotato di database aeronautico internazionale con indicazioni di aeroporti e frequenze radio.<\/p>\n<p>Il disply di 240&#215;240 pixel \u00e8 a colori, per permettere una visuale ottimale in qualsisi condizione. Questo particolare modello di orologio possiede un sensore Cardio da polso e un rilevatore Pulse Ox, per una analisi della saturazione di ossigeno nel sangue istantanea.<\/p>\n<p>Disponibile:<\/p>\n<ul>\n<li><strong>Modello\u00a0010-02006-04 : cassa e cinturino in Titanio &#8211; display 240&#215;240 pixel<\/strong><\/li>\n<li><strong><strong>Modello\u00a0010-02567-11\u00a0<\/strong><\/strong><strong>: cassa in Titanio e cinturino in Silicone &#8211; display 240-240 pixel<\/strong><\/li>\n<\/ul>\n<p>Al momento dell&#8217;acquisto, nella scatola troverete un cinturino in silicone extra, il cavo ricarica, la garanzia e il manuale.<\/p>\n<p>Scegliete il design elegante e deciso di <strong>Garmin<\/strong>. I materiali usati garantiscono una vestibilit\u00e0 ottimale e leggera, rendendo questi accessori essenziali per i veri amanti del volo. Questo elegante tool watch ti guider\u00e0 all&#8217;interno del velivolo, garantendo il massimo controllo della cabina di pilotaggio.<\/p>\n","protected":false},"excerpt":{"rendered":"<p>Orologio uomo Garmin della collezione Marq Driver, diametro schermo 30.4 mm., cassa e cinturino Titanio o Silicone, vetro Zaffiro antiriflesso<\/p>\n","protected":false},"featured_media":13491,"comment_status":"open","ping_status":"closed","template":"","meta":[],"product_brand":[4178],"product_cat":[1994,2064],"product_tag":[],"class_list":{"0":"post-5142","1":"product","2":"type-product","3":"status-publish","4":"has-post-thumbnail","6":"product_brand-garmin","7":"product_cat-orologi","8":"product_cat-garmin","10":"first","11":"outofstock","12":"sale","13":"shipping-taxable","14":"purchasable","15":"product-type-simple"},"exclude_global_add_ons":[],"addons":[],"_links":{"self":[{"href":"https:\/\/www.rensiweb.com\/it\/wp-json\/wp\/v2\/product\/5142","targetHints":{"allow":["GET"]}}],"collection":[{"href":"https:\/\/www.rensiweb.com\/it\/wp-json\/wp\/v2\/product"}],"about":[{"href":"https:\/\/www.rensiweb.com\/it\/wp-json\/wp\/v2\/types\/product"}],"replies":[{"embeddable":true,"href":"https:\/\/www.rensiweb.com\/it\/wp-json\/wp\/v2\/comments?post=5142"}],"wp:featuredmedia":[{"embeddable":true,"href":"https:\/\/www.rensiweb.com\/it\/wp-json\/wp\/v2\/media\/13491"}],"wp:attachment":[{"href":"https:\/\/www.rensiweb.com\/it\/wp-json\/wp\/v2\/media?parent=5142"}],"wp:term":[{"taxonomy":"product_brand","embeddable":true,"href":"https:\/\/www.rensiweb.com\/it\/wp-json\/wp\/v2\/product_brand?post=5142"},{"taxonomy":"product_cat","embeddable":true,"href":"https:\/\/www.rensiweb.com\/it\/wp-json\/wp\/v2\/product_cat?post=5142"},{"taxonomy":"product_tag","embeddable":true,"href":"https:\/\/www.rensiweb.com\/it\/wp-json\/wp\/v2\/product_tag?post=5142"}],"curies":[{"name":"wp","href":"https:\/\/api.w.org\/{rel}","templated":true}]}}