{"id":5140,"date":"2021-05-05T08:38:09","date_gmt":"2021-05-05T06:38:09","guid":{"rendered":"https:\/\/www.rensiweb.com\/orologio-unisex-garmin-collezione-marq-driver-schermo-30-4-mm-cassa-e-cinturino-titanio\/"},"modified":"2026-04-07T20:46:51","modified_gmt":"2026-04-07T18:46:51","slug":"orologio-unisex-garmin-collezione-marq-driver-schermo-30-4-mm-cassa-e-cinturino-titanio","status":"publish","type":"product","link":"https:\/\/www.rensiweb.com\/it\/orologio-unisex-garmin-collezione-marq-driver-schermo-30-4-mm-cassa-e-cinturino-titanio.html","title":{"rendered":"Orologio uomo Garmin &#8211; collezione Marq Driver &#8211; schermo 30.4 mm. &#8211; cassa e ..."},"content":{"rendered":"<p><strong>Orologio uomo Garmin<\/strong> della collezione <strong>Marq Driver<\/strong>. Cassa in Titanio grado 2 e cinturino in Caucci\u00f9, schermo di 30.4 mm ricoperto da <strong>vetro in Zaffiro<\/strong> antiriflesso. Lunetta satinata in ceramica rivestita in DLC. Impermeabile fino a 10 Bar (100 metri).<\/p>\n<p>Questa <strong>collezione Garmin<\/strong> \u00e8 la collezione di punta del Brand. Gli orologi sono realizzati con materiali super resistenti e la carica ha una durata da 9 ore fino a 12 giorni, in base alle funzionalit\u00e0 utilizzate. Presenta una memoria fi 32 GB.<\/p>\n<p>Questo Orologio offre funzionalit\u00e0 di GPS, funzioni Race con oltre 250 circuiti integrati e funzioni Smart che permettono di ricevere notifiche e ascoltare musica. Il disply di 240&#215;240 pixel \u00e8 a colori, per permettere una visuale ottimale in qualsisi condizione. Questo particolare modello di orologio possiede un sensore Cardio da polso e un rilevatore Pulse Ox, per una analisi della saturazione di ossigeno nel sangue istantanea.<\/p>\n<p>Disponibile:<\/p>\n<ul>\n<li><strong>Modello\u00a0010-02006-01: cassa e cinturino in Titanio &#8211; display 240&#215;240 pixel<\/strong><\/li>\n<li><strong>Modello\u00a0010-02567-01: cassa in Titanio e cinturino in Caucci\u00f9 &#8211; display 240-240 pixel<\/strong><\/li>\n<\/ul>\n<p>Al momento dell&#8217;acquisto, nella scatola troverete un cinturino in silicone extra, il cavo ricarica, la garanzia e il manuale.<\/p>\n<p>Scegliete il design elegante e deciso di <strong>Garmin<\/strong>. I materiali usati garantiscono una vestibilit\u00e0 ottimale e leggera, rendendo questi accessor essenziali per i veri amanti della corsa. Per salire sul gradino pi\u00f9 alto del podio, bisogna lasciarsi ispirare da coloro che lo hanno gi\u00e0 fatto.<\/p>\n","protected":false},"excerpt":{"rendered":"<p>Orologio uomo Garmin della collezione Marq Driver, schermo diametro 30.4 mm., cassa in Titanio e cinturino in Titanio o Caucci\u00f9, vetro Zaffiro<\/p>\n","protected":false},"featured_media":13488,"comment_status":"open","ping_status":"closed","template":"","meta":[],"product_brand":[4178],"product_cat":[1994,2064],"product_tag":[],"class_list":{"0":"post-5140","1":"product","2":"type-product","3":"status-publish","4":"has-post-thumbnail","6":"product_brand-garmin","7":"product_cat-orologi","8":"product_cat-garmin","10":"first","11":"outofstock","12":"sale","13":"shipping-taxable","14":"purchasable","15":"product-type-simple"},"exclude_global_add_ons":[],"addons":[],"_links":{"self":[{"href":"https:\/\/www.rensiweb.com\/it\/wp-json\/wp\/v2\/product\/5140","targetHints":{"allow":["GET"]}}],"collection":[{"href":"https:\/\/www.rensiweb.com\/it\/wp-json\/wp\/v2\/product"}],"about":[{"href":"https:\/\/www.rensiweb.com\/it\/wp-json\/wp\/v2\/types\/product"}],"replies":[{"embeddable":true,"href":"https:\/\/www.rensiweb.com\/it\/wp-json\/wp\/v2\/comments?post=5140"}],"wp:featuredmedia":[{"embeddable":true,"href":"https:\/\/www.rensiweb.com\/it\/wp-json\/wp\/v2\/media\/13488"}],"wp:attachment":[{"href":"https:\/\/www.rensiweb.com\/it\/wp-json\/wp\/v2\/media?parent=5140"}],"wp:term":[{"taxonomy":"product_brand","embeddable":true,"href":"https:\/\/www.rensiweb.com\/it\/wp-json\/wp\/v2\/product_brand?post=5140"},{"taxonomy":"product_cat","embeddable":true,"href":"https:\/\/www.rensiweb.com\/it\/wp-json\/wp\/v2\/product_cat?post=5140"},{"taxonomy":"product_tag","embeddable":true,"href":"https:\/\/www.rensiweb.com\/it\/wp-json\/wp\/v2\/product_tag?post=5140"}],"curies":[{"name":"wp","href":"https:\/\/api.w.org\/{rel}","templated":true}]}}