{"id":5132,"date":"2021-05-05T06:38:51","date_gmt":"2021-05-05T04:38:51","guid":{"rendered":"https:\/\/www.rensiweb.com\/orologio-da-taschino-unisex-tissot-collezione-savonette-cassa-mm-48-5-con-catenella-quadrante-bianco-con-numeri-romani\/"},"modified":"2026-05-10T15:13:28","modified_gmt":"2026-05-10T13:13:28","slug":"orologio-da-taschino-unisex-tissot-collezione-savonette-cassa-mm-48-5-con-catenella-quadrante-bianco-con-numeri-romani","status":"publish","type":"product","link":"https:\/\/www.rensiweb.com\/it\/orologio-da-taschino-unisex-tissot-collezione-savonette-cassa-mm-48-5-con-catenella-quadrante-bianco-con-numeri-romani.html","title":{"rendered":"Orologio da Taschino unisex TISSOT &#8211; collezione Savonette &#8211; cassa mm. 48.5 con Ca..."},"content":{"rendered":"<p><strong>Orologio unisex Tissot<\/strong>, da Taschino (tasca), con cassa di diametro di mm. 48.5, corredato di catenella, <strong>vetro Cristallo Minerale e vetro in Esalite<\/strong>.<\/p>\n<p>Questo orologio Tisso presenta un movimento svizzero al Quarzo.<\/p>\n<ul>\n<li><strong><strong>Modello T83655313 : Cassa in Acciaio 316L &#8211; quadrante Bianco con Numeri Romani<\/strong><\/strong><\/li>\n<li><strong>Modello T83455313 : Cassa in Acciaio 316L PDV Dorato &#8211; quadrante Bianco con numeri Romani<\/strong><\/li>\n<li><strong>Modello T83855313 : Cassa in Acciaio 316L PDV Bicolore &#8211; quadrante Bianco con Numeri Romani<\/strong><\/li>\n<li><strong>Modello T8624102901300 : Cassa Acciaio 316L PDV Bicolore &#8211; quadrante Bianco con Numeri Romani<\/strong><\/li>\n<\/ul>\n<p><strong>Orologio unisex Tissot<\/strong> dal gusto retr\u00f2, sul coperchio \u00e8 presente il logo storico del Brand, che ne evoca la storia e la tradizione. Accessorio perfetto per chi \u00e8 legato al passato e ricerca un pizzico in pi\u00f9 di originalit\u00e0. I colori e i matriali sono scelti accuratamente per garantire resistenza e per rendere questo accessorio ancora pi\u00f9 prezioso.<\/p>\n","protected":false},"excerpt":{"rendered":"<p>Orologio da Taschino unisex TISSOT della collezione Savonette, movimento al Quarzo, cassa mm. 48.5 con Catenella, quadrante Bianco con Numeri Romani<\/p>\n","protected":false},"featured_media":13464,"comment_status":"open","ping_status":"closed","template":"","meta":[],"product_brand":[4087],"product_cat":[1994,2080],"product_tag":[],"class_list":{"0":"post-5132","1":"product","2":"type-product","3":"status-publish","4":"has-post-thumbnail","6":"product_brand-tissot","7":"product_cat-orologi","8":"product_cat-tissot","10":"first","11":"instock","12":"shipping-taxable","13":"purchasable","14":"product-type-variable"},"exclude_global_add_ons":[],"addons":[],"_links":{"self":[{"href":"https:\/\/www.rensiweb.com\/it\/wp-json\/wp\/v2\/product\/5132","targetHints":{"allow":["GET"]}}],"collection":[{"href":"https:\/\/www.rensiweb.com\/it\/wp-json\/wp\/v2\/product"}],"about":[{"href":"https:\/\/www.rensiweb.com\/it\/wp-json\/wp\/v2\/types\/product"}],"replies":[{"embeddable":true,"href":"https:\/\/www.rensiweb.com\/it\/wp-json\/wp\/v2\/comments?post=5132"}],"wp:featuredmedia":[{"embeddable":true,"href":"https:\/\/www.rensiweb.com\/it\/wp-json\/wp\/v2\/media\/13464"}],"wp:attachment":[{"href":"https:\/\/www.rensiweb.com\/it\/wp-json\/wp\/v2\/media?parent=5132"}],"wp:term":[{"taxonomy":"product_brand","embeddable":true,"href":"https:\/\/www.rensiweb.com\/it\/wp-json\/wp\/v2\/product_brand?post=5132"},{"taxonomy":"product_cat","embeddable":true,"href":"https:\/\/www.rensiweb.com\/it\/wp-json\/wp\/v2\/product_cat?post=5132"},{"taxonomy":"product_tag","embeddable":true,"href":"https:\/\/www.rensiweb.com\/it\/wp-json\/wp\/v2\/product_tag?post=5132"}],"curies":[{"name":"wp","href":"https:\/\/api.w.org\/{rel}","templated":true}]}}