{"id":5120,"date":"2021-05-04T07:10:59","date_gmt":"2021-05-04T05:10:59","guid":{"rendered":"https:\/\/www.rensiweb.com\/orologio-da-taschino-unisex-tissot-collezione-savonette-cassa-mm-52-con-catenella-quadrante-silver\/"},"modified":"2026-05-13T15:13:44","modified_gmt":"2026-05-13T13:13:44","slug":"orologio-da-taschino-unisex-tissot-collezione-savonette-cassa-mm-52-con-catenella-quadrante-silver","status":"publish","type":"product","link":"https:\/\/www.rensiweb.com\/it\/orologio-da-taschino-unisex-tissot-collezione-savonette-cassa-mm-52-con-catenella-quadrante-silver.html","title":{"rendered":"Orologio da Taschino unisex TISSOT &#8211; collezione Savonette &#8211; cassa mm.52 con Caten..."},"content":{"rendered":"<p><strong>Orologio unisex Tissot<\/strong>, da Taschino (tasca), un classico dell&#8217;orologeria Svizzera, con cassa di diametro importante di mm.52, corredato di catenella, <strong>vetro Cristallo Minerale e vetro in Esalite<\/strong>.<\/p>\n<p>Questo orologio Tissot funziona con movimento Meccanico e presenta una riserva di carica fino a 46 ore.<\/p>\n<ul>\n<li><strong><strong>Modello\u00a0T8644059903300 : Cassa in Ottone con finiture in Palladio &#8211; quadrante Silver<\/strong><\/strong><\/li>\n<li><strong>Modello T8644059903301 : cassa Oro Rosa &#8211; quadrante Silver<\/strong><\/li>\n<\/ul>\n<p><strong>Orologio unisex Tissot<\/strong> dal gusto retr\u00f2, sul coperchio \u00e8 presente il logo storico del Brand, che ne evoca la storia e la tradizione. Accessorio perfetto per chi \u00e8 legato al passato e ricerca un pizzico in pi\u00f9 di originalit\u00e0.<\/p>\n","protected":false},"excerpt":{"rendered":"<p>Orologio da Taschino unisex TISSOT della collezione Savonette, movimento Meccanico, cassa diametro mm.52 con Catenella, quadrante Silver<\/p>\n","protected":false},"featured_media":13430,"comment_status":"open","ping_status":"closed","template":"","meta":[],"product_brand":[4087],"product_cat":[1994,2080],"product_tag":[],"class_list":{"0":"post-5120","1":"product","2":"type-product","3":"status-publish","4":"has-post-thumbnail","6":"product_brand-tissot","7":"product_cat-orologi","8":"product_cat-tissot","10":"first","11":"instock","12":"shipping-taxable","13":"purchasable","14":"product-type-variable"},"exclude_global_add_ons":[],"addons":[],"_links":{"self":[{"href":"https:\/\/www.rensiweb.com\/it\/wp-json\/wp\/v2\/product\/5120","targetHints":{"allow":["GET"]}}],"collection":[{"href":"https:\/\/www.rensiweb.com\/it\/wp-json\/wp\/v2\/product"}],"about":[{"href":"https:\/\/www.rensiweb.com\/it\/wp-json\/wp\/v2\/types\/product"}],"replies":[{"embeddable":true,"href":"https:\/\/www.rensiweb.com\/it\/wp-json\/wp\/v2\/comments?post=5120"}],"wp:featuredmedia":[{"embeddable":true,"href":"https:\/\/www.rensiweb.com\/it\/wp-json\/wp\/v2\/media\/13430"}],"wp:attachment":[{"href":"https:\/\/www.rensiweb.com\/it\/wp-json\/wp\/v2\/media?parent=5120"}],"wp:term":[{"taxonomy":"product_brand","embeddable":true,"href":"https:\/\/www.rensiweb.com\/it\/wp-json\/wp\/v2\/product_brand?post=5120"},{"taxonomy":"product_cat","embeddable":true,"href":"https:\/\/www.rensiweb.com\/it\/wp-json\/wp\/v2\/product_cat?post=5120"},{"taxonomy":"product_tag","embeddable":true,"href":"https:\/\/www.rensiweb.com\/it\/wp-json\/wp\/v2\/product_tag?post=5120"}],"curies":[{"name":"wp","href":"https:\/\/api.w.org\/{rel}","templated":true}]}}