{"id":5105,"date":"2021-05-03T08:09:45","date_gmt":"2021-05-03T06:09:45","guid":{"rendered":"https:\/\/www.rensiweb.com\/orologio-donna-tissot-collezione-lovely-al-quarzo-19-5-cassa-e-cinturino-acciaio-pdv-dorato-quadrante-silver\/"},"modified":"2026-04-18T15:09:56","modified_gmt":"2026-04-18T13:09:56","slug":"orologio-donna-tissot-collezione-lovely-al-quarzo-19-5-cassa-e-cinturino-acciaio-pdv-dorato-quadrante-silver","status":"publish","type":"product","link":"https:\/\/www.rensiweb.com\/it\/orologio-donna-tissot-collezione-lovely-al-quarzo-19-5-cassa-e-cinturino-acciaio-pdv-dorato-quadrante-silver.html","title":{"rendered":"Orologio donna Tissot &#8211; collezione Lovely al Quarzo &#8211; 19.5 &#8211; cassa e cintur..."},"content":{"rendered":"<p><strong>Orologio donna Tissot &#8211; collezione Lovely al Quarzo &#8211; 19.5 &#8211; cassa e cinturino Acciaio PDV. anallergico 316 L <\/strong>, cassa diametro 19.5 mm., vetro Zaffiro antigraffio.<\/p>\n<p>Movimento al quarzo. Presenta una chiusura del cinturino a farfalla con pulsanti.<\/p>\n<p>Resistente all&#8217;acqua fino a 3 ATM (30 mt).<\/p>\n<p>Disponibile:<\/p>\n<ul>\n<li><strong>Modello T0580093303100 : cassa e cinturino Acciaio PDV Dorato, quadrante Silver<\/strong><\/li>\n<li><strong>Modello T0580093303101 :<strong>\u00a0cassa e cinturino Acciaio PDV Ros\u00e9, quadrante Silver<\/strong><\/strong><\/li>\n<li><strong>Modello\u00a0T0580093311100 : cassa e cinturino Acciaio PDV Ros\u00e9, quadrante Madreperla<\/strong><\/li>\n<\/ul>\n<p>Questa collezione di Orologi Tissot \u00e8 particolare perch\u00e8 presenta una cassa di diametro ridotto. Comodo da portare e ideale per che cerca un tocco di classicit\u00e0 in pi\u00f9, la collezione Lovely \u00e8 ideata per trasmettere eleganza. La scelta dei colori accesi di questa famiglia rende questi accessori ancora pi\u00f9 raffinati<\/p>\n","protected":false},"excerpt":{"rendered":"<p>Orologio donna Tissot &#8211; collezione Lovely al Quarzo &#8211; 19.5 &#8211; cassa e cinturino Acciaio PDV, vetro Zaffiro, W. R. 3 Bar<\/p>\n","protected":false},"featured_media":13383,"comment_status":"open","ping_status":"closed","template":"","meta":[],"product_brand":[4087],"product_cat":[1994,2080],"product_tag":[],"class_list":{"0":"post-5105","1":"product","2":"type-product","3":"status-publish","4":"has-post-thumbnail","6":"product_brand-tissot","7":"product_cat-orologi","8":"product_cat-tissot","10":"first","11":"outofstock","12":"sale","13":"shipping-taxable","14":"purchasable","15":"product-type-variable"},"exclude_global_add_ons":[],"addons":[],"_links":{"self":[{"href":"https:\/\/www.rensiweb.com\/it\/wp-json\/wp\/v2\/product\/5105","targetHints":{"allow":["GET"]}}],"collection":[{"href":"https:\/\/www.rensiweb.com\/it\/wp-json\/wp\/v2\/product"}],"about":[{"href":"https:\/\/www.rensiweb.com\/it\/wp-json\/wp\/v2\/types\/product"}],"replies":[{"embeddable":true,"href":"https:\/\/www.rensiweb.com\/it\/wp-json\/wp\/v2\/comments?post=5105"}],"wp:featuredmedia":[{"embeddable":true,"href":"https:\/\/www.rensiweb.com\/it\/wp-json\/wp\/v2\/media\/13383"}],"wp:attachment":[{"href":"https:\/\/www.rensiweb.com\/it\/wp-json\/wp\/v2\/media?parent=5105"}],"wp:term":[{"taxonomy":"product_brand","embeddable":true,"href":"https:\/\/www.rensiweb.com\/it\/wp-json\/wp\/v2\/product_brand?post=5105"},{"taxonomy":"product_cat","embeddable":true,"href":"https:\/\/www.rensiweb.com\/it\/wp-json\/wp\/v2\/product_cat?post=5105"},{"taxonomy":"product_tag","embeddable":true,"href":"https:\/\/www.rensiweb.com\/it\/wp-json\/wp\/v2\/product_tag?post=5105"}],"curies":[{"name":"wp","href":"https:\/\/api.w.org\/{rel}","templated":true}]}}