{"id":509,"date":"2015-04-08T17:43:58","date_gmt":"2015-04-08T15:43:58","guid":{"rendered":"https:\/\/www.rensiweb.com\/orologio-locman-uomo-stealth-acciaio-titanio-uomo-bianco-blu-marrone-nero-meccanico-automatico-solo-tempo-cinturino-gomma-blu-marrone-nero\/"},"modified":"2026-04-16T20:47:58","modified_gmt":"2026-04-16T18:47:58","slug":"orologio-locman-uomo-stealth-acciaio-titanio-uomo-bianco-blu-marrone-nero-meccanico-automatico-solo-tempo-cinturino-gomma-blu-marrone-nero","status":"publish","type":"product","link":"https:\/\/www.rensiweb.com\/it\/orologio-locman-uomo-stealth-acciaio-titanio-uomo-bianco-blu-marrone-nero-meccanico-automatico-solo-tempo-cinturino-gomma-blu-marrone-nero.html","title":{"rendered":"Orologio uomo, Locman, Stealth Automatico Bianco &#8211; cinturino gomma Blu..."},"content":{"rendered":"<p>Orologio uomo\u00a0<strong>Locman (made in Italy), collezione Stealth Automatico-meccanico<\/strong>, serie di orologi hi-tech di qualit\u00e0 della casa Italiana, collezione ispirata alla\u00a0<strong>semplicit\u00e0, tecnologia e qualit\u00e0<\/strong>.<\/p>\n<p><strong>Locman Stealth\u00a0Automatico<\/strong>, \u00e8 di sicuro una delle collezioni di maggior pregio e successo di\u00a0<strong>Locman Italia<\/strong>.<\/p>\n<p><strong>Collezzione uomo Stealth Automatico di Locman,<\/strong>\u00a0robusto dalle linee leggermente spigolose che trasmettono una sensazione di orologio particolare e semplice al tempo stesso.<\/p>\n<p>Orologio\u00a0<strong>Locman Stealth Automatico<\/strong>, risulta avere degli spessori e peso contenuto tra la categoria a cui appartiene, molta attenzione \u00e8 data alla scelta dei materiali, <strong>Acciaio 316L<\/strong> per la cassa, <strong>Titanio<\/strong> per fondo cassa, <strong>Gomma siliconica anallergica<\/strong>.<\/p>\n<p>Orologi dotati di\u00a0<strong>Vetro in Cristallo minerale<\/strong>\u00a0con un <strong>trattamento hi-tech<\/strong> che lo rende pi\u00f9 resistente ai graffi, tutta la collezione \u00e8 <strong>resistente all&#8217;acqua 10 Bar<\/strong>.<\/p>\n<p>&nbsp;<\/p>\n<ul class=\"gkBullet1\">\n<li><strong>modello 020500WHFBL0GOB\u00a0: Cassa Acciaio, <strong>cinturino gomma Blu &#8211;<\/strong>\u00a0quadrante Bianco.<\/strong><\/li>\n<li><strong>modello 020500BLFNK0GOB\u00a0: <strong>Cassa Acciaio,\u00a0<strong>cinturino gomma Blu &#8211;<\/strong>\u00a0quadrante Blu.<\/strong><\/strong><\/li>\n<li><strong>modello 0205BKBKFBL0GOK\u00a0:\u00a0<strong><strong>Cassa Acciaio PVD Nero<\/strong><\/strong>,<strong>\u00a0cinturino gomma Nero &#8211;<\/strong> quadrante Nero.<\/strong><\/li>\n<li><strong>modello 02050RGYF5N0PSA\u00a0: <strong><strong>Cassa Acciaio\u00a0<strong>lunetta PVD Rose,\u00a0<strong><strong>cinturino pelle Marrone scuro<\/strong><\/strong><strong>\u00a0&#8211;<\/strong><\/strong><\/strong><\/strong>\u00a0quadrante Silver.<\/strong><\/li>\n<li><strong>modello 0205RGBKF5N0PST : <strong><strong>Cassa Acciaio<strong>\u00a0PVD Rose, lunetta PVD Marrone scuro<\/strong><\/strong><\/strong>, <strong>cinturino pelle Marrone scuro &#8211;\u00a0<\/strong>quadrante Marrone scuro.<\/strong><\/li>\n<\/ul>\n<p>&nbsp;<\/p>\n<p><strong>Orologi uomo, Locman Stealth Automatici <\/strong>sono disponibili in molte varianti, questa serie utilizza lunetta liscia, datario con lente, quadranti di varie colorazioni, cinturini in Gomma o Pelle; alcune varianti hanno cassa in Acciaio e\/o Lunetta con trattamento in PVD.<\/p>\n<p>Scelta di materiali idonei a creare un&#8217;orologio che oltre alla qualit\u00e0, f\u00e0 attenzione alla portabilit\u00e0 di tutti i giorni.<\/p>\n","protected":false},"excerpt":{"rendered":"<p>Orologi uomo, Locman, Stealth Automatico, Acciaio e Titanio con funzione solo tempo, W.R. 10 Bar.<\/p>\n","protected":false},"featured_media":6291,"comment_status":"open","ping_status":"closed","template":"","meta":[],"product_brand":[3],"product_cat":[1994,2012],"product_tag":[],"class_list":{"0":"post-509","1":"product","2":"type-product","3":"status-publish","4":"has-post-thumbnail","6":"product_brand-locman-orologi-italia","7":"product_cat-orologi","8":"product_cat-locman","10":"first","11":"instock","12":"sale","13":"shipping-taxable","14":"purchasable","15":"product-type-variable","16":"has-default-attributes"},"exclude_global_add_ons":[],"addons":[],"_links":{"self":[{"href":"https:\/\/www.rensiweb.com\/it\/wp-json\/wp\/v2\/product\/509","targetHints":{"allow":["GET"]}}],"collection":[{"href":"https:\/\/www.rensiweb.com\/it\/wp-json\/wp\/v2\/product"}],"about":[{"href":"https:\/\/www.rensiweb.com\/it\/wp-json\/wp\/v2\/types\/product"}],"replies":[{"embeddable":true,"href":"https:\/\/www.rensiweb.com\/it\/wp-json\/wp\/v2\/comments?post=509"}],"wp:featuredmedia":[{"embeddable":true,"href":"https:\/\/www.rensiweb.com\/it\/wp-json\/wp\/v2\/media\/6291"}],"wp:attachment":[{"href":"https:\/\/www.rensiweb.com\/it\/wp-json\/wp\/v2\/media?parent=509"}],"wp:term":[{"taxonomy":"product_brand","embeddable":true,"href":"https:\/\/www.rensiweb.com\/it\/wp-json\/wp\/v2\/product_brand?post=509"},{"taxonomy":"product_cat","embeddable":true,"href":"https:\/\/www.rensiweb.com\/it\/wp-json\/wp\/v2\/product_cat?post=509"},{"taxonomy":"product_tag","embeddable":true,"href":"https:\/\/www.rensiweb.com\/it\/wp-json\/wp\/v2\/product_tag?post=509"}],"curies":[{"name":"wp","href":"https:\/\/api.w.org\/{rel}","templated":true}]}}