{"id":5051,"date":"2021-04-26T09:25:35","date_gmt":"2021-04-26T07:25:35","guid":{"rendered":"https:\/\/www.rensiweb.com\/orologio-uomo-tissot-collezione-traditional-quarzo-42-mm-cassa-acciaio-pdv-rose-e-cinturino-cuoio-quadrante-silver\/"},"modified":"2026-04-26T15:09:59","modified_gmt":"2026-04-26T13:09:59","slug":"orologio-uomo-tissot-collezione-traditional-quarzo-42-mm-cassa-acciaio-pdv-rose-e-cinturino-cuoio-quadrante-silver","status":"publish","type":"product","link":"https:\/\/www.rensiweb.com\/it\/orologio-uomo-tissot-collezione-traditional-quarzo-42-mm-cassa-acciaio-pdv-rose-e-cinturino-cuoio-quadrante-silver.html","title":{"rendered":"Orologio uomo TISSOT &#8211; collezione Tradition Quarzo &#8211; 42 mm &#8211; cassa Acciaio ..."},"content":{"rendered":"<p><strong>Orologio donna Tissot, cassa Acciaio Acciaio anallergico 316 L e cinturino in Cuoio<\/strong>, cassa diametro 42 mm., vetro Zaffiro.<\/p>\n<p>L&#8217;orologio presenta una chiusura del cinturino a farfalla.<\/p>\n<p>Movimento al Quarzo.<\/p>\n<p>Resistente all&#8217;acqua fino a 3 ATM (30 mt).<\/p>\n<p>Disponibile:<\/p>\n<ul>\n<li><strong>Modello T0636103603700 : cassa Acciaio PDV Ros\u00e9 e cinturino Cuoio, quadrante Silver<\/strong><\/li>\n<li><strong>Modello T0636103604700 :<strong>\u00a0cassa Acciaio PDV Ros\u00e9 e cinturino Cuoio, quadrante Blu<\/strong><\/strong><\/li>\n<\/ul>\n<p>Questo orologio Tissot, dalle linee pulite ed eleganti \u00e8 adatto alla vita di tutti i giorni ed anche a momenti pi\u00f9 eleganti. Questa particolare famiglia richiama linee pi\u00f9 vintage ma presenta una altissima precisione. Pensata per uomini e per donne, tutte le combinazioni offerte permettono di poter trovare il proprio stile.<\/p>\n<p>&nbsp;<\/p>\n","protected":false},"excerpt":{"rendered":"<p>Orologio uomo TISSOT della collezione Tradition Quarzo, cassa diametro 42 mm., cassa Acciaio PDV Ros\u00e9 e cinturino Cuoio, vetro Zaffiro<\/p>\n","protected":false},"featured_media":13242,"comment_status":"open","ping_status":"closed","template":"","meta":[],"product_brand":[4087],"product_cat":[1994,2080],"product_tag":[],"class_list":{"0":"post-5051","1":"product","2":"type-product","3":"status-publish","4":"has-post-thumbnail","6":"product_brand-tissot","7":"product_cat-orologi","8":"product_cat-tissot","10":"first","11":"instock","12":"shipping-taxable","13":"purchasable","14":"product-type-variable"},"exclude_global_add_ons":[],"addons":[],"_links":{"self":[{"href":"https:\/\/www.rensiweb.com\/it\/wp-json\/wp\/v2\/product\/5051","targetHints":{"allow":["GET"]}}],"collection":[{"href":"https:\/\/www.rensiweb.com\/it\/wp-json\/wp\/v2\/product"}],"about":[{"href":"https:\/\/www.rensiweb.com\/it\/wp-json\/wp\/v2\/types\/product"}],"replies":[{"embeddable":true,"href":"https:\/\/www.rensiweb.com\/it\/wp-json\/wp\/v2\/comments?post=5051"}],"wp:featuredmedia":[{"embeddable":true,"href":"https:\/\/www.rensiweb.com\/it\/wp-json\/wp\/v2\/media\/13242"}],"wp:attachment":[{"href":"https:\/\/www.rensiweb.com\/it\/wp-json\/wp\/v2\/media?parent=5051"}],"wp:term":[{"taxonomy":"product_brand","embeddable":true,"href":"https:\/\/www.rensiweb.com\/it\/wp-json\/wp\/v2\/product_brand?post=5051"},{"taxonomy":"product_cat","embeddable":true,"href":"https:\/\/www.rensiweb.com\/it\/wp-json\/wp\/v2\/product_cat?post=5051"},{"taxonomy":"product_tag","embeddable":true,"href":"https:\/\/www.rensiweb.com\/it\/wp-json\/wp\/v2\/product_tag?post=5051"}],"curies":[{"name":"wp","href":"https:\/\/api.w.org\/{rel}","templated":true}]}}