{"id":5040,"date":"2021-04-26T07:32:08","date_gmt":"2021-04-26T05:32:08","guid":{"rendered":"https:\/\/www.rensiweb.com\/orologio-uomo-tissot-collezione-tradition-al-quarzo-39-mm-cassa-acciaio-e-cinturino-cuoio-quadrante-bianco\/"},"modified":"2026-04-07T21:09:53","modified_gmt":"2026-04-07T19:09:53","slug":"orologio-uomo-tissot-collezione-tradition-al-quarzo-39-mm-cassa-acciaio-e-cinturino-cuoio-quadrante-bianco","status":"publish","type":"product","link":"https:\/\/www.rensiweb.com\/it\/orologio-uomo-tissot-collezione-tradition-al-quarzo-39-mm-cassa-acciaio-e-cinturino-cuoio-quadrante-bianco.html","title":{"rendered":"Orologio uomo TISSOT &#8211; collezione Tradition al Quarzo &#8211; 39 mm &#8211; cassa Accia..."},"content":{"rendered":"<p><strong>Orologio uomo Tissot, collezione Tradition,<\/strong> cassa diametro 39 mm, cassa in Acciaio 316 L e cinturino in Cuoio.<\/p>\n<p>Vetro in Zaffiro antigraffio, movimento al Quarzo. Chiusura del cinturino con fibbia a farfalla.<\/p>\n<p>Resistente all&#8217;acqua fino a 3 ATM (30 mt)<\/p>\n<p>Disponibile:<\/p>\n<ul>\n<li><b>Modello T0634091601800 : cassa Acciaio e cinturino Cuoio Marrone, quadrante Bianco<\/b><\/li>\n<li><b>Modello T0634091605800 : cassa Acciaio e cinturino Cuoio Nero, quadrante Nero<\/b><\/li>\n<li><strong>Modello\u00a0T0634093601800 : Cassa Acciaio PDV Ros\u00e9 e cinturino Marrone Scuro, quadrante Bianco<\/strong><\/li>\n<\/ul>\n<p>La collezione Tradition \u00e8 una delle pi\u00f9 conosciute di Tissot, che mescola la modernit\u00e0 alla tradizione. I suoi dettagli vintage, come i numeri romani o i colori, sono montati su una macchina di altissima precisione. Ogni persona pu\u00f2 ritrovare il suo stile all&#8217;interno della famiglia Tradition.<\/p>\n","protected":false},"excerpt":{"rendered":"<p>Orologio uomo TISSOT della collezione Tradition al Quarzo, cassa diametro 39 mm., cassa Acciaio e cinturino Cuoio, vetro Zaffiro, W. R. 3 Bar<\/p>\n","protected":false},"featured_media":13211,"comment_status":"open","ping_status":"closed","template":"","meta":[],"product_brand":[4087],"product_cat":[1994,2080],"product_tag":[],"class_list":{"0":"post-5040","1":"product","2":"type-product","3":"status-publish","4":"has-post-thumbnail","6":"product_brand-tissot","7":"product_cat-orologi","8":"product_cat-tissot","10":"first","11":"instock","12":"shipping-taxable","13":"purchasable","14":"product-type-variable"},"exclude_global_add_ons":[],"addons":[],"_links":{"self":[{"href":"https:\/\/www.rensiweb.com\/it\/wp-json\/wp\/v2\/product\/5040","targetHints":{"allow":["GET"]}}],"collection":[{"href":"https:\/\/www.rensiweb.com\/it\/wp-json\/wp\/v2\/product"}],"about":[{"href":"https:\/\/www.rensiweb.com\/it\/wp-json\/wp\/v2\/types\/product"}],"replies":[{"embeddable":true,"href":"https:\/\/www.rensiweb.com\/it\/wp-json\/wp\/v2\/comments?post=5040"}],"wp:featuredmedia":[{"embeddable":true,"href":"https:\/\/www.rensiweb.com\/it\/wp-json\/wp\/v2\/media\/13211"}],"wp:attachment":[{"href":"https:\/\/www.rensiweb.com\/it\/wp-json\/wp\/v2\/media?parent=5040"}],"wp:term":[{"taxonomy":"product_brand","embeddable":true,"href":"https:\/\/www.rensiweb.com\/it\/wp-json\/wp\/v2\/product_brand?post=5040"},{"taxonomy":"product_cat","embeddable":true,"href":"https:\/\/www.rensiweb.com\/it\/wp-json\/wp\/v2\/product_cat?post=5040"},{"taxonomy":"product_tag","embeddable":true,"href":"https:\/\/www.rensiweb.com\/it\/wp-json\/wp\/v2\/product_tag?post=5040"}],"curies":[{"name":"wp","href":"https:\/\/api.w.org\/{rel}","templated":true}]}}