{"id":5033,"date":"2021-04-24T10:14:35","date_gmt":"2021-04-24T08:14:35","guid":{"rendered":"https:\/\/www.rensiweb.com\/orologio-uomo-tissot-collezione-tradition-automatico-powermatic-80-40-mm-cassa-acciaio-e-cinturino-cuoio-quadrante-nero\/"},"modified":"2026-04-17T21:09:58","modified_gmt":"2026-04-17T19:09:58","slug":"orologio-uomo-tissot-collezione-tradition-automatico-powermatic-80-40-mm-cassa-acciaio-e-cinturino-cuoio-quadrante-nero","status":"publish","type":"product","link":"https:\/\/www.rensiweb.com\/it\/orologio-uomo-tissot-collezione-tradition-automatico-powermatic-80-40-mm-cassa-acciaio-e-cinturino-cuoio-quadrante-nero.html","title":{"rendered":"Orologio uomo TISSOT &#8211; collezione Tradition Automatico Powermatic 80 &#8211; 40 mm &#82..."},"content":{"rendered":"<p><strong>Orologio uomo Tissot, collezione Tradition,<\/strong> cassa diametro\u00a040 mm, cassa in Acciaio 316 L e cinturino in Cuoio.<\/p>\n<p>Vetro in Zaffiro antigraffio, movimento Automatico Powermatic 80 con riserva di carica dino a 80 ore, movimento a vista. Chiusura del cinturino a farfalla.<\/p>\n<p>Resistente all&#8217;acqua fino a 3 ATM (30 mt)<\/p>\n<p>Disponibile:<\/p>\n<ul>\n<li><b>Modello T0639071605800 : cassa Acciaio e cinturino Cuoio, quadrante Nero<\/b><\/li>\n<li><b>Modello T0639071603800 : cassa Acciaio e cinturino Cuoio, quadrante Bianco<\/b><\/li>\n<\/ul>\n<p>La collezione Tradition \u00e8 una delle pi\u00f9 conosciute di Tissot. Collezione che mescola dettagli moderni a dettagli pi\u00f9 classici come i vari motivi sui quadranti. La particolarit\u00e0 di questi orologi \u00e8, oltre alla lunga riserva di carica, il movimento a vista.<\/p>\n","protected":false},"excerpt":{"rendered":"<p>Orologio uomo TISSOT della collezione Tradition Automatico Powermatic 80, cassa diametro 40 mm., cassa Acciaio e cinturino Cuoio, vetro Zaffiro<\/p>\n","protected":false},"featured_media":13193,"comment_status":"open","ping_status":"closed","template":"","meta":[],"product_brand":[4087],"product_cat":[1994,2080],"product_tag":[],"class_list":{"0":"post-5033","1":"product","2":"type-product","3":"status-publish","4":"has-post-thumbnail","6":"product_brand-tissot","7":"product_cat-orologi","8":"product_cat-tissot","10":"first","11":"outofstock","12":"shipping-taxable","13":"purchasable","14":"product-type-variable"},"exclude_global_add_ons":[],"addons":[],"_links":{"self":[{"href":"https:\/\/www.rensiweb.com\/it\/wp-json\/wp\/v2\/product\/5033","targetHints":{"allow":["GET"]}}],"collection":[{"href":"https:\/\/www.rensiweb.com\/it\/wp-json\/wp\/v2\/product"}],"about":[{"href":"https:\/\/www.rensiweb.com\/it\/wp-json\/wp\/v2\/types\/product"}],"replies":[{"embeddable":true,"href":"https:\/\/www.rensiweb.com\/it\/wp-json\/wp\/v2\/comments?post=5033"}],"wp:featuredmedia":[{"embeddable":true,"href":"https:\/\/www.rensiweb.com\/it\/wp-json\/wp\/v2\/media\/13193"}],"wp:attachment":[{"href":"https:\/\/www.rensiweb.com\/it\/wp-json\/wp\/v2\/media?parent=5033"}],"wp:term":[{"taxonomy":"product_brand","embeddable":true,"href":"https:\/\/www.rensiweb.com\/it\/wp-json\/wp\/v2\/product_brand?post=5033"},{"taxonomy":"product_cat","embeddable":true,"href":"https:\/\/www.rensiweb.com\/it\/wp-json\/wp\/v2\/product_cat?post=5033"},{"taxonomy":"product_tag","embeddable":true,"href":"https:\/\/www.rensiweb.com\/it\/wp-json\/wp\/v2\/product_tag?post=5033"}],"curies":[{"name":"wp","href":"https:\/\/api.w.org\/{rel}","templated":true}]}}