{"id":5010,"date":"2021-04-21T07:15:08","date_gmt":"2021-04-21T05:15:08","guid":{"rendered":"https:\/\/www.rensiweb.com\/orologio-uomo-tissot-collezione-pr-100-al-quarzo-41-mm-cassa-e-cinturino-acciaio-quadrante-bianco\/"},"modified":"2026-04-07T21:11:57","modified_gmt":"2026-04-07T19:11:57","slug":"orologio-uomo-tissot-collezione-pr-100-al-quarzo-41-mm-cassa-e-cinturino-acciaio-quadrante-bianco","status":"publish","type":"product","link":"https:\/\/www.rensiweb.com\/it\/orologio-uomo-tissot-collezione-pr-100-al-quarzo-41-mm-cassa-e-cinturino-acciaio-quadrante-bianco.html","title":{"rendered":"Orologio uomo TISSOT &#8211; collezione PR 100 al Quarzo &#8211; 41 mm &#8211; cassa e cintur..."},"content":{"rendered":"<p><strong>Orologio uomo Tissot, collezione PR 100, <\/strong>41\u00a0mm, cassa Acciaio 316L e cinturino Acciaio o Cuoio.<\/p>\n<p>Movimento al Quarzo, vetro in Zaffiro antigraffio. Chiusura del cinturino standard con pulsanti.<\/p>\n<p>Resistente all&#8217;acqua fino a10 ATM (100 mt).<\/p>\n<p>Disponibile:<\/p>\n<ul>\n<li><strong>Modello T1014171103100 : cassa e cinturino Acciaio, quadrante Bianco<\/strong><\/li>\n<li><strong>Modello T1014171105100 :\u00a0<strong>cassa e cinturino Acciaio, quadrante Nero<\/strong><\/strong><\/li>\n<li><strong>Modello T1014171605100 :\u00a0<strong>cassa Acciaio e cinturino Cuoio Nero, quadrante Nero<\/strong><\/strong><\/li>\n<\/ul>\n<p>Questa famiglia di orologi Tissot \u00e8 fedele al suo nome, Preciso e Robusto. Modelli creati esclusivamente con materiali di altissima qualit\u00e0 che incrociano uno stile moderno e grintoso. Questa collezione \u00e8 stata ideata sia per uomini che per donne.<\/p>\n<p>&nbsp;<\/p>\n","protected":false},"excerpt":{"rendered":"<p>Orologio uomo TISSOT della collezione PR 100 al Quarzo, cassa diametro 41 mm., cassa Acciaio e cinturino Acciaio o Cuoio, vetro Zaffiro<\/p>\n","protected":false},"featured_media":13143,"comment_status":"open","ping_status":"closed","template":"","meta":[],"product_brand":[4087],"product_cat":[1994,2080],"product_tag":[],"class_list":{"0":"post-5010","1":"product","2":"type-product","3":"status-publish","4":"has-post-thumbnail","6":"product_brand-tissot","7":"product_cat-orologi","8":"product_cat-tissot","10":"first","11":"outofstock","12":"shipping-taxable","13":"purchasable","14":"product-type-variable"},"exclude_global_add_ons":[],"addons":[],"_links":{"self":[{"href":"https:\/\/www.rensiweb.com\/it\/wp-json\/wp\/v2\/product\/5010","targetHints":{"allow":["GET"]}}],"collection":[{"href":"https:\/\/www.rensiweb.com\/it\/wp-json\/wp\/v2\/product"}],"about":[{"href":"https:\/\/www.rensiweb.com\/it\/wp-json\/wp\/v2\/types\/product"}],"replies":[{"embeddable":true,"href":"https:\/\/www.rensiweb.com\/it\/wp-json\/wp\/v2\/comments?post=5010"}],"wp:featuredmedia":[{"embeddable":true,"href":"https:\/\/www.rensiweb.com\/it\/wp-json\/wp\/v2\/media\/13143"}],"wp:attachment":[{"href":"https:\/\/www.rensiweb.com\/it\/wp-json\/wp\/v2\/media?parent=5010"}],"wp:term":[{"taxonomy":"product_brand","embeddable":true,"href":"https:\/\/www.rensiweb.com\/it\/wp-json\/wp\/v2\/product_brand?post=5010"},{"taxonomy":"product_cat","embeddable":true,"href":"https:\/\/www.rensiweb.com\/it\/wp-json\/wp\/v2\/product_cat?post=5010"},{"taxonomy":"product_tag","embeddable":true,"href":"https:\/\/www.rensiweb.com\/it\/wp-json\/wp\/v2\/product_tag?post=5010"}],"curies":[{"name":"wp","href":"https:\/\/api.w.org\/{rel}","templated":true}]}}