{"id":4983,"date":"2021-04-19T09:51:56","date_gmt":"2021-04-19T07:51:56","guid":{"rendered":"https:\/\/www.rensiweb.com\/orologio-donna-tissot-collezione-carson-al-quarzo-30-mm-cassa-acciaio-e-cinturino-cuoio-quadrante-silver\/"},"modified":"2026-04-19T21:12:08","modified_gmt":"2026-04-19T19:12:08","slug":"orologio-donna-tissot-collezione-carson-al-quarzo-30-mm-cassa-acciaio-e-cinturino-cuoio-quadrante-silver","status":"publish","type":"product","link":"https:\/\/www.rensiweb.com\/it\/orologio-donna-tissot-collezione-carson-al-quarzo-30-mm-cassa-acciaio-e-cinturino-cuoio-quadrante-silver.html","title":{"rendered":"Orologio donna TISSOT &#8211; collezione Carson al Quarzo &#8211; 30 mm &#8211; cassa Acciaio..."},"content":{"rendered":"<p><strong>Orologio donna Tissot, collezione Carson Premium, <\/strong>cassa diametro<strong>\u00a0<\/strong>30 mm.<\/p>\n<p>Cassa in Acciaio 316 L e cinturino in Cuoio con chiusura fibbia standard.<\/p>\n<p>Movimento Quarzo EOL.<\/p>\n<p>Vetro in Zaffiro antigraffio.<\/p>\n<p>Resistente all&#8217;acqua fino a 5 ATM (50 mt).<\/p>\n<p>Disponibile:<\/p>\n<ul>\n<li><strong>Modello T1222101603300 : cassa Acciaio e cinturino Cuoio Nero, quadrante Silver<\/strong><\/li>\n<li><strong>Modello T1222101637300 : cassa Acciaio e cinturino Cuoio Rosso Scuro, quadranre Rosso Scuro<\/strong><\/li>\n<li><strong>Modello T1222103603300 : cassa Acciaio PDV Rose e cinturino Cuoio Rosso Scuro, quadranre Silver<\/strong><\/li>\n<\/ul>\n<p>Questa linea di Orologi Tissot \u00e8 stata ideata sia per uomini che per donne. \u00c8 una collezione ricca di colori e varianti, che permette ad ognuno di scegliere quello che pi\u00f9 si addice alla sua personalit\u00e0.<\/p>\n","protected":false},"excerpt":{"rendered":"<p>Orologio donna TISSOT della collezione Carson al Quarzo, cassa diametro 30 mm., cassa Acciaio e cinturino Cuoio, vetro Zaffiro antiriflesso<\/p>\n","protected":false},"featured_media":13078,"comment_status":"open","ping_status":"closed","template":"","meta":[],"product_brand":[4087],"product_cat":[1994,2080],"product_tag":[],"class_list":{"0":"post-4983","1":"product","2":"type-product","3":"status-publish","4":"has-post-thumbnail","6":"product_brand-tissot","7":"product_cat-orologi","8":"product_cat-tissot","10":"first","11":"instock","12":"shipping-taxable","13":"purchasable","14":"product-type-variable"},"exclude_global_add_ons":[],"addons":[],"_links":{"self":[{"href":"https:\/\/www.rensiweb.com\/it\/wp-json\/wp\/v2\/product\/4983","targetHints":{"allow":["GET"]}}],"collection":[{"href":"https:\/\/www.rensiweb.com\/it\/wp-json\/wp\/v2\/product"}],"about":[{"href":"https:\/\/www.rensiweb.com\/it\/wp-json\/wp\/v2\/types\/product"}],"replies":[{"embeddable":true,"href":"https:\/\/www.rensiweb.com\/it\/wp-json\/wp\/v2\/comments?post=4983"}],"wp:featuredmedia":[{"embeddable":true,"href":"https:\/\/www.rensiweb.com\/it\/wp-json\/wp\/v2\/media\/13078"}],"wp:attachment":[{"href":"https:\/\/www.rensiweb.com\/it\/wp-json\/wp\/v2\/media?parent=4983"}],"wp:term":[{"taxonomy":"product_brand","embeddable":true,"href":"https:\/\/www.rensiweb.com\/it\/wp-json\/wp\/v2\/product_brand?post=4983"},{"taxonomy":"product_cat","embeddable":true,"href":"https:\/\/www.rensiweb.com\/it\/wp-json\/wp\/v2\/product_cat?post=4983"},{"taxonomy":"product_tag","embeddable":true,"href":"https:\/\/www.rensiweb.com\/it\/wp-json\/wp\/v2\/product_tag?post=4983"}],"curies":[{"name":"wp","href":"https:\/\/api.w.org\/{rel}","templated":true}]}}