{"id":4969,"date":"2021-04-19T07:42:03","date_gmt":"2021-04-19T05:42:03","guid":{"rendered":"https:\/\/www.rensiweb.com\/orologio-donna-tissot-collezione-carson-automatico-30-mm-cassa-acciaio-pdv-e-cinturino-cuoio-quadrante-silver-index\/"},"modified":"2024-08-23T12:02:54","modified_gmt":"2024-08-23T10:02:54","slug":"orologio-donna-tissot-collezione-carson-automatico-30-mm-cassa-acciaio-pdv-e-cinturino-cuoio-quadrante-silver-index","status":"publish","type":"product","link":"https:\/\/www.rensiweb.com\/it\/orologio-donna-tissot-collezione-carson-automatico-30-mm-cassa-acciaio-pdv-e-cinturino-cuoio-quadrante-silver-index.html","title":{"rendered":"Orologio donna TISSOT &#8211; collezione Carson Automatico &#8211; 30 mm &#8211; cassa Acciai..."},"content":{"rendered":"<p><strong>Orologio donna Tissot, collezione Carson Premium, <\/strong>cassa diametro<strong>\u00a0<\/strong>30 mm.<\/p>\n<p>Cassa e cinturino in Acciaio 316 L con chiusura fibbia standard.<\/p>\n<p>Movimento meccanico a carica Automatica con autonomia di carica fino a 38 ore.<\/p>\n<p>Vetro in Zaffiro bombato antigraffio e antiriflesso, fondello cassa con vetro Zaffiro e movimento a vista.<\/p>\n<p>Resistente all&#8217;acqua fino a 5 ATM (50 mt).<\/p>\n<p>Disponibile:<\/p>\n<ul>\n<li><strong>Modello T1222073603100 : cassa Acciaio PDV Rose e cinturino Cuoio Marrone, quadrante Silver<\/strong><\/li>\n<li><strong>Modello T1222073603300 : cassa Acciaio PDV Rose e cinturino Cuoio Marrone, quadranre Silver con Indici Romani<\/strong><\/li>\n<li><strong>Modello T1222071603300 : cassa Acciaio PDV Rose e cinturino Cuoio Nero, quadranre Silver con Indici Romani<\/strong><\/li>\n<\/ul>\n<p>Questa linea di Orologi Tissot \u00e8 stata ideata sia per uomini che per donne. Riprende le collezioni pi\u00f9 classiche e si fa impreziosire da dettagli come i Numeri Romani che li rendono ancora pi\u00f9 eleganti.<\/p>\n","protected":false},"excerpt":{"rendered":"<p>Orologio donna TISSOT della collezione Carson Premium, movimento Automatico, cassa diametro 30 mm., cassa Acciaio e cinturino Cuoio, vetro Zaffiro<\/p>\n","protected":false},"featured_media":13034,"comment_status":"open","ping_status":"closed","template":"","meta":[],"product_brand":[4087],"product_cat":[1994,2080],"product_tag":[],"class_list":{"0":"post-4969","1":"product","2":"type-product","3":"status-publish","4":"has-post-thumbnail","6":"product_brand-tissot","7":"product_cat-orologi","8":"product_cat-tissot","10":"first","11":"outofstock","12":"shipping-taxable","13":"purchasable","14":"product-type-variable"},"exclude_global_add_ons":[],"addons":[],"_links":{"self":[{"href":"https:\/\/www.rensiweb.com\/it\/wp-json\/wp\/v2\/product\/4969","targetHints":{"allow":["GET"]}}],"collection":[{"href":"https:\/\/www.rensiweb.com\/it\/wp-json\/wp\/v2\/product"}],"about":[{"href":"https:\/\/www.rensiweb.com\/it\/wp-json\/wp\/v2\/types\/product"}],"replies":[{"embeddable":true,"href":"https:\/\/www.rensiweb.com\/it\/wp-json\/wp\/v2\/comments?post=4969"}],"wp:featuredmedia":[{"embeddable":true,"href":"https:\/\/www.rensiweb.com\/it\/wp-json\/wp\/v2\/media\/13034"}],"wp:attachment":[{"href":"https:\/\/www.rensiweb.com\/it\/wp-json\/wp\/v2\/media?parent=4969"}],"wp:term":[{"taxonomy":"product_brand","embeddable":true,"href":"https:\/\/www.rensiweb.com\/it\/wp-json\/wp\/v2\/product_brand?post=4969"},{"taxonomy":"product_cat","embeddable":true,"href":"https:\/\/www.rensiweb.com\/it\/wp-json\/wp\/v2\/product_cat?post=4969"},{"taxonomy":"product_tag","embeddable":true,"href":"https:\/\/www.rensiweb.com\/it\/wp-json\/wp\/v2\/product_tag?post=4969"}],"curies":[{"name":"wp","href":"https:\/\/api.w.org\/{rel}","templated":true}]}}