{"id":4952,"date":"2021-04-16T09:31:04","date_gmt":"2021-04-16T07:31:04","guid":{"rendered":"https:\/\/www.rensiweb.com\/orecchini-donna-recarlo-collezione-bisanzio-punto-luce-a-monachella-oro-bianco-18-kt-diamanti-tot-ct-0-50\/"},"modified":"2026-04-16T20:55:41","modified_gmt":"2026-04-16T18:55:41","slug":"orecchini-donna-recarlo-collezione-bisanzio-punto-luce-a-monachella-oro-bianco-18-kt-diamanti-tot-ct-0-50","status":"publish","type":"product","link":"https:\/\/www.rensiweb.com\/it\/orecchini-donna-recarlo-collezione-bisanzio-punto-luce-a-monachella-oro-bianco-18-kt-diamanti-tot-ct-0-50.html","title":{"rendered":"Orecchini donna Recarlo collezione Bisanzio Punto Luce a monachella &#8211; Oro bianco 18 kt ..."},"content":{"rendered":"<p><strong>Orecchini<\/strong> donna,<strong> Recarlo gioielli, collezione Bisanzio Punto Luce con attacco Amo e monachella, Oro bianco 750\/000 (18kt.),<\/strong> Diamanti taglio brillante rotondo ct. 0.41 e<strong> diamante centrale taglio goccia<\/strong> ct 0.09.<\/p>\n<p><strong>Recarlo<\/strong>\u00a0gioielli, con la c<strong>ollezione Bisanzio<\/strong> propone gioielli dal design classico che riescono a conquistare lo sguardo di chi li osserva. La c<strong>ollezione Bisanzio<\/strong> \u00e8 una Collezione speciale e raffinata che presenta un delicato accordo tra forme e luci. Infatti tutti i gioielli della c<strong>ollezione Bisanzio della Recarlo<\/strong>\u00a0presentano una composizione di <strong>diamanti<\/strong> dove la luce viene esaltata al massimo. I gioielli vengono realizzati dai maestri orafi valenziani come richiede il vero m<strong>ade in Italy,<\/strong> in<strong> oro 18 kt<\/strong> e diamanti attentamente selezionati di altissima qualit\u00e0.<\/p>\n<p>Questo modello di orecchino Punto Luce a monachella \u00e8 di facile indossabilit\u00e0 e di grande effetto visivo perch\u00e9 la composizione dei <strong>diamanti<\/strong> di varie forme potenzia la luce naturale dei diamanti. Donano eleganza e raffinatezza a chi li indossa.<\/p>\n<ul>\n<li><strong>Modello\u00a0E08GO224\/050: orecchini Oro bianco 750\/000 (18 kt) &#8211; Diamanti Tot. ct. 0.50.<\/strong><\/li>\n<\/ul>\n<p><span style=\"text-decoration: underline\"><strong>N.B.: di norma i gioielli Recarlo, usano Diamanti di colore F\/G, purezza VS\/SI.<\/strong><\/span><br \/>\n<span style=\"text-decoration: underline\"><strong>Se necessiti, di maggiori dettagli, contattaci e ti faremo sapere esattamente le caratteristiche del prodotto in pronta consegna.<\/strong><\/span><\/p>\n","protected":false},"excerpt":{"rendered":"<p>Orecchini donna, Recarlo gioielli, collezione Bisanzio, Punto Luce con attacco amo e monachella, Oro bianco 750\/000 (18 kt.), Diamanti taglio brillante rotondo e diamante centrale taglio goccia.<\/p>\n","protected":false},"featured_media":12980,"comment_status":"open","ping_status":"closed","template":"","meta":[],"product_brand":[2],"product_cat":[1998,2010],"product_tag":[],"class_list":{"0":"post-4952","1":"product","2":"type-product","3":"status-publish","4":"has-post-thumbnail","6":"product_brand-recarlo-gioielli-italia","7":"product_cat-gioielli","8":"product_cat-recarlo-gioielli-made-italy","10":"first","11":"outofstock","12":"sale","13":"shipping-taxable","14":"purchasable","15":"product-type-simple"},"exclude_global_add_ons":[],"addons":[],"_links":{"self":[{"href":"https:\/\/www.rensiweb.com\/it\/wp-json\/wp\/v2\/product\/4952","targetHints":{"allow":["GET"]}}],"collection":[{"href":"https:\/\/www.rensiweb.com\/it\/wp-json\/wp\/v2\/product"}],"about":[{"href":"https:\/\/www.rensiweb.com\/it\/wp-json\/wp\/v2\/types\/product"}],"replies":[{"embeddable":true,"href":"https:\/\/www.rensiweb.com\/it\/wp-json\/wp\/v2\/comments?post=4952"}],"wp:featuredmedia":[{"embeddable":true,"href":"https:\/\/www.rensiweb.com\/it\/wp-json\/wp\/v2\/media\/12980"}],"wp:attachment":[{"href":"https:\/\/www.rensiweb.com\/it\/wp-json\/wp\/v2\/media?parent=4952"}],"wp:term":[{"taxonomy":"product_brand","embeddable":true,"href":"https:\/\/www.rensiweb.com\/it\/wp-json\/wp\/v2\/product_brand?post=4952"},{"taxonomy":"product_cat","embeddable":true,"href":"https:\/\/www.rensiweb.com\/it\/wp-json\/wp\/v2\/product_cat?post=4952"},{"taxonomy":"product_tag","embeddable":true,"href":"https:\/\/www.rensiweb.com\/it\/wp-json\/wp\/v2\/product_tag?post=4952"}],"curies":[{"name":"wp","href":"https:\/\/api.w.org\/{rel}","templated":true}]}}