{"id":4940,"date":"2021-04-15T09:25:45","date_gmt":"2021-04-15T07:25:45","guid":{"rendered":"https:\/\/www.rensiweb.com\/orologio-uomo-tissot-collezione-couturier-al-quarzo-chrono-41-mm-cassa-e-cinturino-acciaio-quadrante-silver\/"},"modified":"2026-04-07T21:09:50","modified_gmt":"2026-04-07T19:09:50","slug":"orologio-uomo-tissot-collezione-couturier-al-quarzo-chrono-41-mm-cassa-e-cinturino-acciaio-quadrante-silver","status":"publish","type":"product","link":"https:\/\/www.rensiweb.com\/it\/orologio-uomo-tissot-collezione-couturier-al-quarzo-chrono-41-mm-cassa-e-cinturino-acciaio-quadrante-silver.html","title":{"rendered":"Orologio uomo TISSOT &#8211; collezione Couturier al Quarzo Chrono &#8211; 41 mm &#8211; cass..."},"content":{"rendered":"<p><strong>Orologio uomo Tissot, collezione Couturier al Quarzo,\u00a0<\/strong>cassa diametro\u00a041 mm., cassa e cinturino Acciaio 316 L anallergico.<\/p>\n<p>Vetro in Zaffiro antigraffio, chiusura del cinturino a farfalla con pulsanti.<\/p>\n<p>Movimento al Quarzo.<\/p>\n<p>Resistente all&#8217;acqua fino a 10 ATM (100 mt)<\/p>\n<p>Disponibile:<\/p>\n<ul>\n<li><b>Modello T0356171103100 : cassa e cinturino Acciaio, quadrante Silver<\/b><\/li>\n<li><strong>Modello\u00a0<\/strong><b>T0356171105100 :\u00a0<b>cassa e cinturino Acciaio, quadrante Nero<\/b><\/b><\/li>\n<\/ul>\n<p>Una famiglia di Orologi Tissot che resiste alla prova del tempo. Contemporaneit\u00e0 e classicit\u00e0 che si incontrano in una macchina impeccabile, costruita con materiali di altissima qualit\u00e0.<\/p>\n<p>Tissot Couturier resiste alla prova del tempo ed \u00e8 sempre in linea con le nuove tendenze.<\/p>\n","protected":false},"excerpt":{"rendered":"<p>Orologio uomo TISSOT della collezione Couturier al Quarzo con Chronografo, cassa diametro 43 mm., cassa e cinturino Acciaio, vetro Zaffiro<\/p>\n","protected":false},"featured_media":12946,"comment_status":"open","ping_status":"closed","template":"","meta":[],"product_brand":[4087],"product_cat":[1994,2080],"product_tag":[],"class_list":{"0":"post-4940","1":"product","2":"type-product","3":"status-publish","4":"has-post-thumbnail","6":"product_brand-tissot","7":"product_cat-orologi","8":"product_cat-tissot","10":"first","11":"outofstock","12":"shipping-taxable","13":"purchasable","14":"product-type-variable"},"exclude_global_add_ons":[],"addons":[],"_links":{"self":[{"href":"https:\/\/www.rensiweb.com\/it\/wp-json\/wp\/v2\/product\/4940","targetHints":{"allow":["GET"]}}],"collection":[{"href":"https:\/\/www.rensiweb.com\/it\/wp-json\/wp\/v2\/product"}],"about":[{"href":"https:\/\/www.rensiweb.com\/it\/wp-json\/wp\/v2\/types\/product"}],"replies":[{"embeddable":true,"href":"https:\/\/www.rensiweb.com\/it\/wp-json\/wp\/v2\/comments?post=4940"}],"wp:featuredmedia":[{"embeddable":true,"href":"https:\/\/www.rensiweb.com\/it\/wp-json\/wp\/v2\/media\/12946"}],"wp:attachment":[{"href":"https:\/\/www.rensiweb.com\/it\/wp-json\/wp\/v2\/media?parent=4940"}],"wp:term":[{"taxonomy":"product_brand","embeddable":true,"href":"https:\/\/www.rensiweb.com\/it\/wp-json\/wp\/v2\/product_brand?post=4940"},{"taxonomy":"product_cat","embeddable":true,"href":"https:\/\/www.rensiweb.com\/it\/wp-json\/wp\/v2\/product_cat?post=4940"},{"taxonomy":"product_tag","embeddable":true,"href":"https:\/\/www.rensiweb.com\/it\/wp-json\/wp\/v2\/product_tag?post=4940"}],"curies":[{"name":"wp","href":"https:\/\/api.w.org\/{rel}","templated":true}]}}