{"id":4934,"date":"2021-04-15T08:14:56","date_gmt":"2021-04-15T06:14:56","guid":{"rendered":"https:\/\/www.rensiweb.com\/orologio-uomo-tissot-collezione-couturier-automatico-chrono-43-mm-cassa-acciaio-e-cinturino-in-cuoio-marrone-quadrante-silver\/"},"modified":"2026-04-07T21:09:50","modified_gmt":"2026-04-07T19:09:50","slug":"orologio-uomo-tissot-collezione-couturier-automatico-chrono-43-mm-cassa-acciaio-e-cinturino-in-cuoio-marrone-quadrante-silver","status":"publish","type":"product","link":"https:\/\/www.rensiweb.com\/it\/orologio-uomo-tissot-collezione-couturier-automatico-chrono-43-mm-cassa-acciaio-e-cinturino-in-cuoio-marrone-quadrante-silver.html","title":{"rendered":"Orologio uomo TISSOT &#8211; collezione Couturier Automatico Chrono &#8211; 43 mm &#8211; cas..."},"content":{"rendered":"<p><strong>Orologio uomo Tissot, collezione Couturier Automatico,\u00a0<\/strong>43 mm, cassa Acciaio 316 L e cinturino Cuoio.<\/p>\n<p>Vetro in Zaffiro antigraffio, movimento a vista e chiusura cinturino a farfalla con pulsanti.<\/p>\n<p>Movimento Automatico con riserva di carica fino a 45 ore.<\/p>\n<p>Resistente all&#8217;acqua 10 ATM (100 mt)<\/p>\n<p>Disponibile:<\/p>\n<ul>\n<li><b>Modello T0356271603100 : cassa Acciaio e cinturino Cuoio Marrone, quadrante Silver<\/b><\/li>\n<li><strong>Modello\u00a0<\/strong><b>T0356271605100 :\u00a0<b>cassa Acciaio e cinturino Cuoio Nero, quadrante Nero<\/b><\/b><\/li>\n<\/ul>\n<p>Una famiglia di Orologi Tissot che resiste alla prova del tempo. Contemporaneit\u00e0 e classicit\u00e0 che si incontrano in una macchina impeccabile, costruita con materiali di altissima qualit\u00e0.<\/p>\n","protected":false},"excerpt":{"rendered":"<p>Orologio uomo TISSOT della collezione Couturier Automatico Chrono, cassa diametro 43 mm., cassa Acciaio e cinturino in Cuoio, vetro Zaffiro<\/p>\n","protected":false},"featured_media":12925,"comment_status":"open","ping_status":"closed","template":"","meta":[],"product_brand":[4087],"product_cat":[1994,2080],"product_tag":[],"class_list":{"0":"post-4934","1":"product","2":"type-product","3":"status-publish","4":"has-post-thumbnail","6":"product_brand-tissot","7":"product_cat-orologi","8":"product_cat-tissot","10":"first","11":"outofstock","12":"shipping-taxable","13":"purchasable","14":"product-type-variable"},"exclude_global_add_ons":[],"addons":[],"_links":{"self":[{"href":"https:\/\/www.rensiweb.com\/it\/wp-json\/wp\/v2\/product\/4934","targetHints":{"allow":["GET"]}}],"collection":[{"href":"https:\/\/www.rensiweb.com\/it\/wp-json\/wp\/v2\/product"}],"about":[{"href":"https:\/\/www.rensiweb.com\/it\/wp-json\/wp\/v2\/types\/product"}],"replies":[{"embeddable":true,"href":"https:\/\/www.rensiweb.com\/it\/wp-json\/wp\/v2\/comments?post=4934"}],"wp:featuredmedia":[{"embeddable":true,"href":"https:\/\/www.rensiweb.com\/it\/wp-json\/wp\/v2\/media\/12925"}],"wp:attachment":[{"href":"https:\/\/www.rensiweb.com\/it\/wp-json\/wp\/v2\/media?parent=4934"}],"wp:term":[{"taxonomy":"product_brand","embeddable":true,"href":"https:\/\/www.rensiweb.com\/it\/wp-json\/wp\/v2\/product_brand?post=4934"},{"taxonomy":"product_cat","embeddable":true,"href":"https:\/\/www.rensiweb.com\/it\/wp-json\/wp\/v2\/product_cat?post=4934"},{"taxonomy":"product_tag","embeddable":true,"href":"https:\/\/www.rensiweb.com\/it\/wp-json\/wp\/v2\/product_tag?post=4934"}],"curies":[{"name":"wp","href":"https:\/\/api.w.org\/{rel}","templated":true}]}}