{"id":4931,"date":"2021-04-15T07:40:47","date_gmt":"2021-04-15T05:40:47","guid":{"rendered":"https:\/\/www.rensiweb.com\/orologio-donna-tissot-collezione-le-locle-automatico-29-mm-cassa-acciaio-e-cinturino-cuoio-marrone-quadrante-silver\/"},"modified":"2024-08-23T12:11:00","modified_gmt":"2024-08-23T10:11:00","slug":"orologio-donna-tissot-collezione-le-locle-automatico-29-mm-cassa-acciaio-e-cinturino-cuoio-marrone-quadrante-silver","status":"publish","type":"product","link":"https:\/\/www.rensiweb.com\/it\/orologio-donna-tissot-collezione-le-locle-automatico-29-mm-cassa-acciaio-e-cinturino-cuoio-marrone-quadrante-silver.html","title":{"rendered":"Orologio donna TISSOT &#8211; collezione Le Locle Automatico &#8211; 29 mm &#8211; cassa Acci..."},"content":{"rendered":"<p><strong>Orologio donna Tissot, collezione Le Locle,\u00a0<\/strong>cassa Acciaio anallergico 316 L e cinturino in Cuoio Marrone.<\/p>\n<p>Vetro Zaffiro, movimento Automatico con riserva di carica fino a 38 ore. Chiusura del cinturino a farfalla.<\/p>\n<p>Resistente all&#8217;acqua fino a 3 ATM (30 mt).<\/p>\n<p>Il nome Le Locle, collezione storica di Tissot, evoca da sempre affidabilit\u00e0 e successo. Essendo questo specifico modello l&#8217;unico creato in Cuoio della famiglia, rispecchia ancora di pi\u00f9 la classicit\u00e0 della linea. Numeri romani e simbolo di Le Locle sono i dettagli che riconoscono questo accessorio.<\/p>\n","protected":false},"excerpt":{"rendered":"<p>Orologio donna TISSOT della collezione Le Locle Automatico, cassa diametro 29 mm., cassa Acciaio e cinturino Cuoio Marrone, quadrante Silver<\/p>\n","protected":false},"featured_media":12923,"comment_status":"open","ping_status":"closed","template":"","meta":[],"product_brand":[4087],"product_cat":[1994,2080],"product_tag":[],"class_list":{"0":"post-4931","1":"product","2":"type-product","3":"status-publish","4":"has-post-thumbnail","6":"product_brand-tissot","7":"product_cat-orologi","8":"product_cat-tissot","10":"first","11":"outofstock","12":"shipping-taxable","13":"purchasable","14":"product-type-simple"},"exclude_global_add_ons":[],"addons":[],"_links":{"self":[{"href":"https:\/\/www.rensiweb.com\/it\/wp-json\/wp\/v2\/product\/4931","targetHints":{"allow":["GET"]}}],"collection":[{"href":"https:\/\/www.rensiweb.com\/it\/wp-json\/wp\/v2\/product"}],"about":[{"href":"https:\/\/www.rensiweb.com\/it\/wp-json\/wp\/v2\/types\/product"}],"replies":[{"embeddable":true,"href":"https:\/\/www.rensiweb.com\/it\/wp-json\/wp\/v2\/comments?post=4931"}],"wp:featuredmedia":[{"embeddable":true,"href":"https:\/\/www.rensiweb.com\/it\/wp-json\/wp\/v2\/media\/12923"}],"wp:attachment":[{"href":"https:\/\/www.rensiweb.com\/it\/wp-json\/wp\/v2\/media?parent=4931"}],"wp:term":[{"taxonomy":"product_brand","embeddable":true,"href":"https:\/\/www.rensiweb.com\/it\/wp-json\/wp\/v2\/product_brand?post=4931"},{"taxonomy":"product_cat","embeddable":true,"href":"https:\/\/www.rensiweb.com\/it\/wp-json\/wp\/v2\/product_cat?post=4931"},{"taxonomy":"product_tag","embeddable":true,"href":"https:\/\/www.rensiweb.com\/it\/wp-json\/wp\/v2\/product_tag?post=4931"}],"curies":[{"name":"wp","href":"https:\/\/api.w.org\/{rel}","templated":true}]}}