{"id":4728,"date":"2022-10-09T15:45:50","date_gmt":"2022-10-09T13:45:50","guid":{"rendered":"https:\/\/www.rensiweb.com\/girocollo-donna-recarlo-collezione-nodo-damore-punto-luce-in-oro-bianco-18kt-con-diamanti-taglio-brillante-ct-0-15-g-vs\/"},"modified":"2026-05-07T15:06:59","modified_gmt":"2026-05-07T13:06:59","slug":"girocollo-donna-recarlo-collezione-nodo-damore-punto-luce-in-oro-bianco-18kt-con-diamanti-taglio-brillante-ct-0-15-g-vs","status":"publish","type":"product","link":"https:\/\/www.rensiweb.com\/it\/girocollo-donna-recarlo-collezione-nodo-damore-punto-luce-in-oro-bianco-18kt-con-diamanti-taglio-brillante-ct-0-15-g-vs.html","title":{"rendered":"Girocollo donna Recarlo Collezione Nodo D&#8217;amore &#8211; Punto luce in oro bianco 18kt c..."},"content":{"rendered":"<p>Girocollo donna <strong>Recarlo Collezione Nodo D&#8217;amore &#8211;<\/strong> <strong>Punto luce in oro bianco 750\/000 (18kt)<\/strong> con <strong>Diamanti<\/strong> taglio brillante di caratura totale ct.0.15 colore G purezza VS.<\/p>\n<p>Con un effetto ottico meraviglioso questo<strong> Girocolo Punto Luce<\/strong> della <strong>Colllezione Nodo D&#8217;amore<\/strong> di <strong>Recarlo<\/strong> esalta la bellezza di chi lo indossa. La<strong> Recarlo<\/strong> usa per la realizzazione dei suoi gioielli<strong> oro 750 millessimi<\/strong> e <strong>Diamanti<\/strong> <strong>naturali<\/strong> di qualit\u00e0 elevata rispetando rigorosamente i canoni della tradizione<strong> Made in Italy.<\/strong> Questo modello di<strong> Girocollo Punto Luce<\/strong> ha la catena a maglia roll\u00f2 che arriva ad una lunghezza massima di 45 cm. Il castone con 4 griffe a forma di <strong>Nodo D&#8217;amore<\/strong> sorregge la composizione centrale di diamanti che messi insieme potenziano il volume e la brillantezza<strong>.Il Nodo D&#8217;amore<\/strong> con il suo significato profondo di eternit\u00e0 e fedelt\u00e0 da un valore aggiunto a questo girocollo che con la incredibile semplicit\u00e0 conquista il cuore di tutte le donne.<\/p>\n<ul>\n<li><strong>Modello P04PX988\/006: &#8211; Girocollo Donna Recarlo Collezione Nodo D&#8217;amore Punto Luce oro bianco 18kt. e diamante ct. 0.06<\/strong><\/li>\n<li><strong>Modello P04PX988\/010: &#8211; Girocollo Donna Recarlo Collezione Nodo D&#8217;amore Punto Luce oro bianco 18kt. e diamante ct. 0.10<\/strong><\/li>\n<li><strong>Modello P04PX988\/015: &#8211; Girocollo Donna Recarlo Collezione Nodo D&#8217;amore Punto Luce oro bianco 18kt. e diamante ct. 0.15<\/strong><\/li>\n<li><strong>Modello P04PX988\/020: &#8211; Girocollo Donna Recarlo Collezione Nodo D&#8217;amore Punto Luce oro bianco 18kt. e diamante ct. 0.20<\/strong><\/li>\n<li><strong>Modello P04PX988\/030: &#8211; Girocollo Donna Recarlo Collezione Nodo D&#8217;amore Punto Luce oro bianco 18kt. e diamante ct. 0.30<\/strong><\/li>\n<li><strong>Modello P04PX988\/040: &#8211; Girocollo Donna Recarlo Collezione Nodo D&#8217;amore Punto Luce oro bianco 18kt. e diamante ct. 0.40<\/strong><\/li>\n<\/ul>\n<p><span style=\"text-decoration: underline\"><strong>N.B.: di norma i gioielli Recarlo, usano Diamanti di colore F\/G, purezza VS\/SI.<\/strong><\/span><br \/>\n<span style=\"text-decoration: underline\"><strong>Se necessiti, di maggiori dettagli, contattaci e ti faremo sapere esattamente le caratteristiche del prodotto in pronta consegna.<\/strong><\/span><\/p>\n","protected":false},"excerpt":{"rendered":"<p>Girocollo donna Recarlo Collezione Nodo D&#8217;amore &#8211; Punto luce in oro bianco 750\/000 (18kt) con diamanti taglio brillante disponibile in varie carature, colore e purezza.<\/p>\n","protected":false},"featured_media":12506,"comment_status":"open","ping_status":"closed","template":"","meta":[],"product_brand":[2],"product_cat":[1998,2010],"product_tag":[],"class_list":{"0":"post-4728","1":"product","2":"type-product","3":"status-publish","4":"has-post-thumbnail","6":"product_brand-recarlo-gioielli-italia","7":"product_cat-gioielli","8":"product_cat-recarlo-gioielli-made-italy","9":"pa_cf_giocbrillegemme-ct015","11":"first","12":"outofstock","13":"sale","14":"shipping-taxable","15":"purchasable","16":"product-type-variable"},"exclude_global_add_ons":[],"addons":[],"_links":{"self":[{"href":"https:\/\/www.rensiweb.com\/it\/wp-json\/wp\/v2\/product\/4728","targetHints":{"allow":["GET"]}}],"collection":[{"href":"https:\/\/www.rensiweb.com\/it\/wp-json\/wp\/v2\/product"}],"about":[{"href":"https:\/\/www.rensiweb.com\/it\/wp-json\/wp\/v2\/types\/product"}],"replies":[{"embeddable":true,"href":"https:\/\/www.rensiweb.com\/it\/wp-json\/wp\/v2\/comments?post=4728"}],"wp:featuredmedia":[{"embeddable":true,"href":"https:\/\/www.rensiweb.com\/it\/wp-json\/wp\/v2\/media\/12506"}],"wp:attachment":[{"href":"https:\/\/www.rensiweb.com\/it\/wp-json\/wp\/v2\/media?parent=4728"}],"wp:term":[{"taxonomy":"product_brand","embeddable":true,"href":"https:\/\/www.rensiweb.com\/it\/wp-json\/wp\/v2\/product_brand?post=4728"},{"taxonomy":"product_cat","embeddable":true,"href":"https:\/\/www.rensiweb.com\/it\/wp-json\/wp\/v2\/product_cat?post=4728"},{"taxonomy":"product_tag","embeddable":true,"href":"https:\/\/www.rensiweb.com\/it\/wp-json\/wp\/v2\/product_tag?post=4728"}],"curies":[{"name":"wp","href":"https:\/\/api.w.org\/{rel}","templated":true}]}}