{"id":4636,"date":"2021-03-19T07:59:54","date_gmt":"2021-03-19T06:59:54","guid":{"rendered":"https:\/\/www.rensiweb.com\/anello-donna-recarlo-collezione-sofia-solitario-oro-bianco-18-kt-diamante-ct-0-22\/"},"modified":"2026-05-05T21:08:11","modified_gmt":"2026-05-05T19:08:11","slug":"anello-donna-recarlo-collezione-sofia-solitario-oro-bianco-18-kt-diamante-ct-0-22","status":"publish","type":"product","link":"https:\/\/www.rensiweb.com\/it\/anello-donna-recarlo-collezione-sofia-solitario-oro-bianco-18-kt-diamante-ct-0-22.html","title":{"rendered":"Anello donna Recarlo collezione Sofia Solitario &#8211; Oro bianco 18 kt. &#8211; Diamante..."},"content":{"rendered":"<p>Anello donna <strong>Recarlo gioielli (made in Italy), collezione Sofia\u00a0Solitario<\/strong>,<strong>\u00a0Oro bianco 750\/000 (18 kt.)<\/strong> con <strong>Diamante<\/strong> taglio brillante.<\/p>\n<p>La c<strong>ollezione Sofia di Recarlo<\/strong> propone un<strong> Solitario<\/strong> che rispecchia in tutto lo stile classico e raffinato di <strong>Recarlo.<\/strong> In questo modello la lucentezza dei<strong>\u00a0Diamanti<\/strong> viene valorizzata dal gambo slanciato che diminuisce il suo volume nella prossimit\u00e0 del castone formato a 6 griffe per dare maggiore importanza al diamante. Esprime eleganza e femminilit\u00e0 nel modo pi\u00f9 semplice con proporzioni ottimali di volume ed elevati standard qualificativi come richiede la tradizione del vero <strong>Made in Italy.<\/strong><\/p>\n<p>Disponibilit\u00e0 in varie carature da scegliere in base alle vostre esigenze.<\/p>\n<ul>\n<li><b>Modello R32SO001\/010 : Anello Solitario Oro Bianco 750\/000 (18kt.) con diamante taglio brillante di ct. 0.10<\/b><\/li>\n<li><b>Modello R32SO001\/013 : Anello Solitario Oro Bianco 750\/000 (18kt.) con diamante taglio brillante di ct. 0.13<\/b><\/li>\n<li><b>Modello R32SO001\/016 : Anello Solitario Oro Bianco 750\/000 (18kt.) con diamante taglio brillante di ct. 0.16<\/b><\/li>\n<li><b>Modello R32SO001\/018 : Anello Solitario Oro Bianco 750\/000 (18kt.) con diamante taglio brillante di ct. 0.18<\/b><\/li>\n<li><b>Modello R32SO001\/021 : Anello Solitario Oro Bianco 750\/000 (18kt.) con diamante taglio brillante di ct. 0.21<\/b><\/li>\n<li><b>Modello R32SO001\/024 : Anello Solitario Oro Bianco 750\/000 (18kt.) con diamante taglio brillante di ct. 0.24<\/b><\/li>\n<li><b>Modello R32SO001\/027 : Anello Solitario Oro Bianco 750\/000 (18kt.) con diamante taglio brillante di ct. 0.27<\/b><\/li>\n<li><b>Modello R32SO001\/031 : Anello Solitario Oro Bianco 750\/000 (18kt.) con diamante taglio brillante di ct. 0.31<\/b><\/li>\n<li><b>Modello R32SO001\/034 : Anello Solitario Oro Bianco 750\/000 (18kt.) con diamante taglio brillante di ct. 0.34<\/b><\/li>\n<li><b>Modello R32SO001\/039 : Anello Solitario Oro Bianco 750\/000 (18kt.) con diamante taglio brillante di ct. 0.39<\/b><\/li>\n<li><b>Modello R32SO001\/046 : Anello Solitario Oro Bianco 750\/000 (18kt.) con diamante taglio brillante di ct. 0.46<\/b><\/li>\n<li><b>Modello R32SO001\/052 : Anello Solitario Oro Bianco 750\/000 (18kt.) con diamante taglio brillante di ct. 0.52<\/b><\/li>\n<li><b>Modello R32SO001\/061 : Anello Solitario Oro Bianco 750\/000 (18kt.) con diamante taglio brillante di ct. 0.61<\/b><\/li>\n<li><b>Modello R32SO001\/071 : Anello Solitario Oro Bianco 750\/000 (18kt.) con diamante taglio brillante di ct. 0.71<\/b><\/li>\n<\/ul>\n<p><span style=\"text-decoration: underline\"><strong>N.B.: di norma i gioielli Recarlo, usano Diamanti di colore F\/G, purezza VS\/SI.<\/strong><\/span><br \/>\n<span style=\"text-decoration: underline\"><strong>Se necessiti, di maggiori dettagli, contattaci e ti faremo sapere esattamente le caratteristiche del prodotto in pronta consegna.<\/strong><\/span><\/p>\n","protected":false},"excerpt":{"rendered":"<p>Anello donna Recarlo gioielli, collezione Sofia, Solitario in Oro bianco 750\/000 (18kt), Diamante taglio brillante disponibile in varie carature colore e purezza.<\/p>\n","protected":false},"featured_media":12341,"comment_status":"open","ping_status":"closed","template":"","meta":[],"product_brand":[2],"product_cat":[1998,2010],"product_tag":[],"class_list":{"0":"post-4636","1":"product","2":"type-product","3":"status-publish","4":"has-post-thumbnail","6":"product_brand-recarlo-gioielli-italia","7":"product_cat-gioielli","8":"product_cat-recarlo-gioielli-made-italy","9":"pa_cf_giocbrillegemme-ct020_n13","10":"pa_cf_giocbrillegemme-ct030_n13","11":"pa_cf_giocbrillegemme-ct030_n14","13":"first","14":"outofstock","15":"sale","16":"shipping-taxable","17":"purchasable","18":"product-type-variable"},"exclude_global_add_ons":[],"addons":[],"_links":{"self":[{"href":"https:\/\/www.rensiweb.com\/it\/wp-json\/wp\/v2\/product\/4636","targetHints":{"allow":["GET"]}}],"collection":[{"href":"https:\/\/www.rensiweb.com\/it\/wp-json\/wp\/v2\/product"}],"about":[{"href":"https:\/\/www.rensiweb.com\/it\/wp-json\/wp\/v2\/types\/product"}],"replies":[{"embeddable":true,"href":"https:\/\/www.rensiweb.com\/it\/wp-json\/wp\/v2\/comments?post=4636"}],"wp:featuredmedia":[{"embeddable":true,"href":"https:\/\/www.rensiweb.com\/it\/wp-json\/wp\/v2\/media\/12341"}],"wp:attachment":[{"href":"https:\/\/www.rensiweb.com\/it\/wp-json\/wp\/v2\/media?parent=4636"}],"wp:term":[{"taxonomy":"product_brand","embeddable":true,"href":"https:\/\/www.rensiweb.com\/it\/wp-json\/wp\/v2\/product_brand?post=4636"},{"taxonomy":"product_cat","embeddable":true,"href":"https:\/\/www.rensiweb.com\/it\/wp-json\/wp\/v2\/product_cat?post=4636"},{"taxonomy":"product_tag","embeddable":true,"href":"https:\/\/www.rensiweb.com\/it\/wp-json\/wp\/v2\/product_tag?post=4636"}],"curies":[{"name":"wp","href":"https:\/\/api.w.org\/{rel}","templated":true}]}}