{"id":4554,"date":"2021-03-04T15:03:07","date_gmt":"2021-03-04T14:03:07","guid":{"rendered":"https:\/\/www.rensiweb.com\/orologio-uomo-citizen-automatico-nj219-cassa-e-cinturino-acciaio-quadrante-nero\/"},"modified":"2026-04-30T21:06:01","modified_gmt":"2026-04-30T19:06:01","slug":"orologio-uomo-citizen-automatico-nj219-cassa-e-cinturino-acciaio-quadrante-nero","status":"publish","type":"product","link":"https:\/\/www.rensiweb.com\/it\/orologio-uomo-citizen-automatico-nj219-cassa-e-cinturino-acciaio-quadrante-nero.html","title":{"rendered":"Orologio uomo Citizen collezione Meccanico Automatico &#8211; serie NJ219 &#8211; mm.46 &#821..."},"content":{"rendered":"<p><strong>Orologio uomo Citizen collezione Meccanico Automatico, serie NJ219, Water Resistent 10 Bar<\/strong>, cassa in Acciaio e cinturino in Acciaio o Nylon, vetro Minerale Naturale.<\/p>\n<p><strong>Orologio Citizen della linea Meccanico<\/strong>\u00a0proposto\u00a0con una <strong>cassa diametro mm.46, <\/strong>\u00e8 di dimensioni pi\u00f9 contenute rispetto ad altre linee proposte dalla stessa casa.\u00a0Orologio meccanico a ricarica automatica.<\/p>\n<p><strong>Orologio Citizen Automatico <\/strong>con cinturino in Acciaio o Nylon, \u00e8 di facile portabilit\u00e0 ed adattabile ad ogni occasione. Sono disponibili pi\u00f9 varianti con diverse combinazioni di colori e materiali.<\/p>\n<ul>\n<li><strong>Modello NJ2190-85E: cassa e cinturino Acciaio &#8211; quadrante Nero<\/strong><strong>.<\/strong><\/li>\n<li><strong>Modello NJ2191-82L: cassa e cinturino Acciaio &#8211; quadrante Blu<\/strong><strong>.<\/strong><\/li>\n<li><strong>Modello NJ2197-19E: cassa Acciaio e cinturino Nylon Verde Scuro &#8211; quadrante Nero<\/strong><strong>.<\/strong><\/li>\n<li><strong>Modello NJ2198-16X: cassa Acciaio e cinturino Nylon Nero &#8211; quadrante Verde Scuro<\/strong><strong>.<\/strong><\/li>\n<\/ul>\n","protected":false},"excerpt":{"rendered":"<p>Orologio uomo Citizen, collezione Meccanico Automatico, serie NJ219, cassa e cinturino in Acciaio, cassa diametro 46mm., vetro Minerale Naturale, W.R. fino a 10 Bar<\/p>\n<p><span style=\"font-size: 18pt;color: #339966\"><strong>5 Anni di GARANZIA Ufficiale<\/strong><\/span><\/p>\n","protected":false},"featured_media":12225,"comment_status":"open","ping_status":"closed","template":"","meta":[],"product_brand":[5],"product_cat":[2004,1994],"product_tag":[],"class_list":{"0":"post-4554","1":"product","2":"type-product","3":"status-publish","4":"has-post-thumbnail","6":"product_brand-citizen-orologi-giappone","7":"product_cat-citizen","8":"product_cat-orologi","10":"first","11":"instock","12":"shipping-taxable","13":"purchasable","14":"product-type-variable"},"exclude_global_add_ons":[],"addons":[],"_links":{"self":[{"href":"https:\/\/www.rensiweb.com\/it\/wp-json\/wp\/v2\/product\/4554","targetHints":{"allow":["GET"]}}],"collection":[{"href":"https:\/\/www.rensiweb.com\/it\/wp-json\/wp\/v2\/product"}],"about":[{"href":"https:\/\/www.rensiweb.com\/it\/wp-json\/wp\/v2\/types\/product"}],"replies":[{"embeddable":true,"href":"https:\/\/www.rensiweb.com\/it\/wp-json\/wp\/v2\/comments?post=4554"}],"wp:featuredmedia":[{"embeddable":true,"href":"https:\/\/www.rensiweb.com\/it\/wp-json\/wp\/v2\/media\/12225"}],"wp:attachment":[{"href":"https:\/\/www.rensiweb.com\/it\/wp-json\/wp\/v2\/media?parent=4554"}],"wp:term":[{"taxonomy":"product_brand","embeddable":true,"href":"https:\/\/www.rensiweb.com\/it\/wp-json\/wp\/v2\/product_brand?post=4554"},{"taxonomy":"product_cat","embeddable":true,"href":"https:\/\/www.rensiweb.com\/it\/wp-json\/wp\/v2\/product_cat?post=4554"},{"taxonomy":"product_tag","embeddable":true,"href":"https:\/\/www.rensiweb.com\/it\/wp-json\/wp\/v2\/product_tag?post=4554"}],"curies":[{"name":"wp","href":"https:\/\/api.w.org\/{rel}","templated":true}]}}