{"id":4461,"date":"2021-02-22T09:25:26","date_gmt":"2021-02-22T08:25:26","guid":{"rendered":"https:\/\/www.rensiweb.com\/orologio-uomo-citizen-pilot-solo-tempo-cb02-cassa-acciaio-e-cinturino-cuoio-quadrante-verde-marrone\/"},"modified":"2026-04-20T14:56:01","modified_gmt":"2026-04-20T12:56:01","slug":"orologio-uomo-citizen-pilot-solo-tempo-cb02-cassa-acciaio-e-cinturino-cuoio-quadrante-verde-marrone","status":"publish","type":"product","link":"https:\/\/www.rensiweb.com\/it\/orologio-uomo-citizen-pilot-solo-tempo-cb02-cassa-acciaio-e-cinturino-cuoio-quadrante-verde-marrone.html","title":{"rendered":"Orologio uomo Citizen Pilot solo Tempo CB02 &#8211; Radiocontrollato Eco-Drive &#8211; cassa ..."},"content":{"rendered":"<p><strong>Orologio uomo Citizen Pilot solo Tempo CB02 &#8211; Radiocontrollato Eco-Drive &#8211; cassa Acciaio e cinturino Cuoio.<\/strong><br \/>\nQuesto orologio da uomo, utilizza la tecnologia di Radiocontrollo a 5 canali (Europa, USA, Cina e Giappone). Disponibile in alcune varianti che hanno in comune la cassa in Acciaio Inox, <strong>vetro zaffiro<\/strong>, cinturino in Cuoio colorato, sistema Eco-Drive con riserva di carica che pu\u00f2 arrivare indicativamente fino a 2 anni, resistente all&#8217;acqua 20 Bar (200 m.).<\/p>\n<p>Le diverse varianti si differenziano per i colori dei quadranti e di cinturino.<\/p>\n<ul>\n<li><strong><strong><strong><strong>modello CB0240-29X\u00a0<\/strong><\/strong><\/strong><\/strong><strong>: cassa Acciaio e cinturino Cuoio Marrone &#8211; quadrante Verde\/Marrone.<\/strong><\/li>\n<li><strong>modello <strong>CB0240-11L<\/strong>\u00a0: <strong>cassa <strong>Acciaio e cinturino Cuoio Marrone &#8211; quadrante Blu.<\/strong><\/strong><\/strong><\/li>\n<\/ul>\n<p><strong>Orologio uomo Citizen Pilot Acciaio con cinturino in pelle<\/strong>\u00a0\u00e8 adatto per chi cerca un prodotto elegante e di qualit\u00e0, completo nelle sue funzionalit\u00e0 e facilmente adattabile alla situazione quotidiana.<\/p>\n","protected":false},"excerpt":{"rendered":"<p>Orologio uomo Citizen Pilot solo Tempo CB02 &#8211; Radiocontrollato &#8211; cassa Acciaio e cinturino Cuoio., movimento Eco-Drive, vetro Zaffiro, cassa da mm.43, W.R. 20 Bar.<\/p>\n<p><span style=\"font-size: 18pt;color: #339966\"><strong>5 Anni di GARANZIA Ufficiale<\/strong><\/span><\/p>\n","protected":false},"featured_media":12006,"comment_status":"open","ping_status":"closed","template":"","meta":[],"product_brand":[5],"product_cat":[2004,1994],"product_tag":[],"class_list":{"0":"post-4461","1":"product","2":"type-product","3":"status-publish","4":"has-post-thumbnail","6":"product_brand-citizen-orologi-giappone","7":"product_cat-citizen","8":"product_cat-orologi","10":"first","11":"instock","12":"shipping-taxable","13":"purchasable","14":"product-type-variable"},"exclude_global_add_ons":[],"addons":[],"_links":{"self":[{"href":"https:\/\/www.rensiweb.com\/it\/wp-json\/wp\/v2\/product\/4461","targetHints":{"allow":["GET"]}}],"collection":[{"href":"https:\/\/www.rensiweb.com\/it\/wp-json\/wp\/v2\/product"}],"about":[{"href":"https:\/\/www.rensiweb.com\/it\/wp-json\/wp\/v2\/types\/product"}],"replies":[{"embeddable":true,"href":"https:\/\/www.rensiweb.com\/it\/wp-json\/wp\/v2\/comments?post=4461"}],"wp:featuredmedia":[{"embeddable":true,"href":"https:\/\/www.rensiweb.com\/it\/wp-json\/wp\/v2\/media\/12006"}],"wp:attachment":[{"href":"https:\/\/www.rensiweb.com\/it\/wp-json\/wp\/v2\/media?parent=4461"}],"wp:term":[{"taxonomy":"product_brand","embeddable":true,"href":"https:\/\/www.rensiweb.com\/it\/wp-json\/wp\/v2\/product_brand?post=4461"},{"taxonomy":"product_cat","embeddable":true,"href":"https:\/\/www.rensiweb.com\/it\/wp-json\/wp\/v2\/product_cat?post=4461"},{"taxonomy":"product_tag","embeddable":true,"href":"https:\/\/www.rensiweb.com\/it\/wp-json\/wp\/v2\/product_tag?post=4461"}],"curies":[{"name":"wp","href":"https:\/\/api.w.org\/{rel}","templated":true}]}}