{"id":4431,"date":"2021-02-08T10:36:02","date_gmt":"2021-02-08T09:36:02","guid":{"rendered":"https:\/\/www.rensiweb.com\/anello-donna-recarlo-gioielli-anniversary-love-double-oro-bianco-750-000-18-kt-diamante-cuore-e-pave-tot-ct-0-56\/"},"modified":"2026-05-02T11:38:04","modified_gmt":"2026-05-02T09:38:04","slug":"anello-donna-recarlo-gioielli-anniversary-love-double-oro-bianco-750-000-18-kt-diamante-cuore-e-pave-tot-ct-0-56","status":"publish","type":"product","link":"https:\/\/www.rensiweb.com\/it\/anello-donna-recarlo-gioielli-anniversary-love-double-oro-bianco-750-000-18-kt-diamante-cuore-e-pave-tot-ct-0-56.html","title":{"rendered":"Anello donna Recarlo gioielli Anniversary Love Double &#8211; Oro bianco 750\/000 (18 kt) &#82..."},"content":{"rendered":"<p><strong>Anello donna, Recarlo Anniversary Love Double\u00a0<\/strong>con montatura in Oro bianco 750\/000 (18kt), Diamanti centrale taglio brillante forma a cuore con pav\u00e9 di Diamanti rotondi.<\/p>\n<p>L&#8217;anello Recarlo Love, con le sue forme morbide e il suo Cuore centrale lo rendono dolce e raffinato, fasciando il dito con semplicit\u00e0. La lucentezza \u00e8 massima ed \u00e8 ideale per quelle donne che vogliono un gioiello che si distingue, volendo catturare l&#8217;attenzione con tutta la loro eleganza.<\/p>\n<ul>\n<li><b>Modello R67FA006\/055: Anello Oro Bianco 750\/000 (18kt.) &#8211; Diamante centrale forma a cuore con pav\u00e9 Diamanti Tot. ct. 0.56<\/b><\/li>\n<\/ul>\n<p><span style=\"text-decoration: underline\"><strong>N.B.: di norma i gioielli Recarlo, usano Diamanti di colore F\/G, purezza VS\/SI.<\/strong><\/span><br \/>\n<span style=\"text-decoration: underline\"><strong>Se necessiti, di maggiori dettagli, contattaci e ti faremo sapere esattamente le caratteristiche del prodotto in pronta consegna.<\/strong><\/span><\/p>\n","protected":false},"excerpt":{"rendered":"<p>Anello donna, Recarlo gioielli, Anniversary Love Double, Oro bianco 750\/000 (18kt), Diamanti centrale forma a cuore e pav\u00e8 di Diamanti rotondi.<\/p>\n","protected":false},"featured_media":11933,"comment_status":"open","ping_status":"closed","template":"","meta":[],"product_brand":[2],"product_cat":[1998,2010],"product_tag":[],"class_list":{"0":"post-4431","1":"product","2":"type-product","3":"status-publish","4":"has-post-thumbnail","6":"product_brand-recarlo-gioielli-italia","7":"product_cat-gioielli","8":"product_cat-recarlo-gioielli-made-italy","9":"pa_cf_giocbrillegemme-ct055_n15","11":"first","12":"instock","13":"sale","14":"shipping-taxable","15":"purchasable","16":"product-type-variable"},"exclude_global_add_ons":[],"addons":[],"_links":{"self":[{"href":"https:\/\/www.rensiweb.com\/it\/wp-json\/wp\/v2\/product\/4431","targetHints":{"allow":["GET"]}}],"collection":[{"href":"https:\/\/www.rensiweb.com\/it\/wp-json\/wp\/v2\/product"}],"about":[{"href":"https:\/\/www.rensiweb.com\/it\/wp-json\/wp\/v2\/types\/product"}],"replies":[{"embeddable":true,"href":"https:\/\/www.rensiweb.com\/it\/wp-json\/wp\/v2\/comments?post=4431"}],"wp:featuredmedia":[{"embeddable":true,"href":"https:\/\/www.rensiweb.com\/it\/wp-json\/wp\/v2\/media\/11933"}],"wp:attachment":[{"href":"https:\/\/www.rensiweb.com\/it\/wp-json\/wp\/v2\/media?parent=4431"}],"wp:term":[{"taxonomy":"product_brand","embeddable":true,"href":"https:\/\/www.rensiweb.com\/it\/wp-json\/wp\/v2\/product_brand?post=4431"},{"taxonomy":"product_cat","embeddable":true,"href":"https:\/\/www.rensiweb.com\/it\/wp-json\/wp\/v2\/product_cat?post=4431"},{"taxonomy":"product_tag","embeddable":true,"href":"https:\/\/www.rensiweb.com\/it\/wp-json\/wp\/v2\/product_tag?post=4431"}],"curies":[{"name":"wp","href":"https:\/\/api.w.org\/{rel}","templated":true}]}}