{"id":4430,"date":"2021-02-08T10:28:07","date_gmt":"2021-02-08T09:28:07","guid":{"rendered":"https:\/\/www.rensiweb.com\/orologio-uomo-citizen-promaster-super-titanio-bj711-cassa-e-cinturino-acciaio-quadrante-nero\/"},"modified":"2026-04-07T20:53:51","modified_gmt":"2026-04-07T18:53:51","slug":"orologio-uomo-citizen-promaster-super-titanio-bj711-cassa-e-cinturino-acciaio-quadrante-nero","status":"publish","type":"product","link":"https:\/\/www.rensiweb.com\/it\/orologio-uomo-citizen-promaster-super-titanio-bj711-cassa-e-cinturino-acciaio-quadrante-nero.html","title":{"rendered":"Orologio uomo Citizen Promaster Super Titanio BJ711 &#8211; EcoDrive &#8211; cassa e cinturin..."},"content":{"rendered":"<p><strong>Orologio uomo Citizen Promaster Super Titanio BJ711 &#8211; EcoDrive &#8211; cassa e cinturino Acciaio.<\/strong><br \/>\nDisponibile in alcune varianti che hanno in comune la cassa in Acciaio Inox, <strong>vetro in Zaffiro<\/strong>, sistema Eco-Drive con riserva di carica che pu\u00f2 arrivare fino a circa 180 giorni e l&#8217;<br \/>\nindicazione di due fusi orari. Le diverse varianti si differenziano per i colori e materiali del cinturino, che pu\u00f2 essere di Acciaio o Cauci\u00f9.<\/p>\n<ul>\n<li><strong>modello\u00a0BJ7110-89E : cassa e cinturino Acciaio &#8211; quadrante Nero.<\/strong><\/li>\n<li><strong>modello <strong>BJ7111-86L<\/strong> : <strong>cassa e cinturino Acciaio &#8211; quadrante Blu e Bianco.<\/strong><\/strong><\/li>\n<li><strong>modello <strong>BJ7110-11E<\/strong> : cassa Acciaio con cinturino Cauci\u00f9 Nero &#8211; quadrante Nero e Bianco.<\/strong><\/li>\n<\/ul>\n<p><b>Promaster Super Titanio\u00a0<\/b>\u00e8 adatto per chi cerca un orologio completo, preciso, solido, un prodotto di qualit\u00e0 e affidabilit\u00e0.<\/p>\n","protected":false},"excerpt":{"rendered":"<p>Orologio uomo Citizen Promaster Super Titanio BJ711 &#8211; EcoDrive &#8211; cassa e cinturino Acciaio, cassa Acciaio con cinturino Acciaio o Cauci\u00f9, quadrante Nero o Blu, 43.5mm, W.R. 20 Bar<\/p>\n<p><span style=\"font-size: 18pt;color: #339966\"><strong>5 Anni di GARANZIA Ufficiale<\/strong><\/span><\/p>\n","protected":false},"featured_media":11923,"comment_status":"open","ping_status":"closed","template":"","meta":[],"product_brand":[5],"product_cat":[2004,1994],"product_tag":[],"class_list":{"0":"post-4430","1":"product","2":"type-product","3":"status-publish","4":"has-post-thumbnail","6":"product_brand-citizen-orologi-giappone","7":"product_cat-citizen","8":"product_cat-orologi","10":"first","11":"instock","12":"sale","13":"shipping-taxable","14":"purchasable","15":"product-type-variable"},"exclude_global_add_ons":[],"addons":[],"_links":{"self":[{"href":"https:\/\/www.rensiweb.com\/it\/wp-json\/wp\/v2\/product\/4430","targetHints":{"allow":["GET"]}}],"collection":[{"href":"https:\/\/www.rensiweb.com\/it\/wp-json\/wp\/v2\/product"}],"about":[{"href":"https:\/\/www.rensiweb.com\/it\/wp-json\/wp\/v2\/types\/product"}],"replies":[{"embeddable":true,"href":"https:\/\/www.rensiweb.com\/it\/wp-json\/wp\/v2\/comments?post=4430"}],"wp:featuredmedia":[{"embeddable":true,"href":"https:\/\/www.rensiweb.com\/it\/wp-json\/wp\/v2\/media\/11923"}],"wp:attachment":[{"href":"https:\/\/www.rensiweb.com\/it\/wp-json\/wp\/v2\/media?parent=4430"}],"wp:term":[{"taxonomy":"product_brand","embeddable":true,"href":"https:\/\/www.rensiweb.com\/it\/wp-json\/wp\/v2\/product_brand?post=4430"},{"taxonomy":"product_cat","embeddable":true,"href":"https:\/\/www.rensiweb.com\/it\/wp-json\/wp\/v2\/product_cat?post=4430"},{"taxonomy":"product_tag","embeddable":true,"href":"https:\/\/www.rensiweb.com\/it\/wp-json\/wp\/v2\/product_tag?post=4430"}],"curies":[{"name":"wp","href":"https:\/\/api.w.org\/{rel}","templated":true}]}}