{"id":4347,"date":"2021-01-25T08:12:40","date_gmt":"2021-01-25T07:12:40","guid":{"rendered":"https:\/\/www.rensiweb.com\/anello-donna-recarlo-anniversary-contrarie-oro-bianco-18-kt-contorno-di-diamanti-tot-ct-0-53\/"},"modified":"2026-04-17T21:07:58","modified_gmt":"2026-04-17T19:07:58","slug":"anello-donna-recarlo-anniversary-contrarie-oro-bianco-18-kt-contorno-di-diamanti-tot-ct-0-53","status":"publish","type":"product","link":"https:\/\/www.rensiweb.com\/it\/anello-donna-recarlo-anniversary-contrarie-oro-bianco-18-kt-contorno-di-diamanti-tot-ct-0-53.html","title":{"rendered":"Anello donna Recarlo Anniversary contrarie &#8211; Oro Bianco 18 Kt. &#8211; contorno di Diam..."},"content":{"rendered":"<p>Anello donna Recarlo Anniversary contrarie in Oro Bianco 18 Kt. con contorno di Diamanti.<\/p>\n<p>La collezione <strong>Anniversary<\/strong> \u00e8 una delle collezioni principali del noto brand italiano\u00a0<strong>Recarlo Gioielli,<\/strong> interamente <strong>Made in Italy<\/strong>.<\/p>\n<p>Questo modello di <strong>Anello da donna Recarlo<\/strong>, \u00e8 un gioco di forme ed armonie. Il contrarie \u00e8 speciale perch\u00e9 avvolge il dito delle donne di una lucentezza unica. I due diamanti in taglio brillante centrali sono abbracciati da un prezioso contorno di diamanti pi\u00f9 piccoli, che dona raffinatezza e preziosit\u00e0 al gioiello.<\/p>\n<p>L&#8217;anello Contrarie Recarlo, della collezione Anniversary, \u00e8 interamente in Oro Bianco 750\/00 (18kt) con Diamanti di carature, colori e purezze diversi in base al modello scelto.<\/p>\n<ul>\n<li><b>Modello R69CP001\/055 : Anello Oro Bianco 750\/000 (18kt.) Contrarie con Contorno di Diamante ct. 0.53.<\/b><\/li>\n<li><b>Modello R69CP001\/069 : Anello Oro Bianco 750\/000 (18kt.) Contrarie con Contorno di Diamante ct. 0.67.<\/b><\/li>\n<li><b>Modello R69CP001\/086 : Anello Oro Bianco 750\/000 (18kt.) Contrarie con Contorno di Diamante ct. 0.85.<\/b><\/li>\n<\/ul>\n<p><span style=\"text-decoration: underline\"><strong>N.B.: di norma i gioielli Recarlo, usano Diamanti di colore F\/G, purezza VS\/SI.<\/strong><\/span><br \/>\n<span style=\"text-decoration: underline\"><strong>Se necessiti, di maggiori dettagli, contattaci e ti faremo sapere esattamente le caratteristiche del prodotto in pronta consegna.<\/strong><\/span><\/p>\n","protected":false},"excerpt":{"rendered":"<p>Anello donna Recarlo Anniversary contrarie in Oro Bianco 750\/000 (18 kt.) con contorno di Diamanti, disponibile in varie carature, colore e purezza.<\/p>\n","protected":false},"featured_media":11700,"comment_status":"open","ping_status":"closed","template":"","meta":[],"product_brand":[2],"product_cat":[1998,2010],"product_tag":[],"class_list":{"0":"post-4347","1":"product","2":"type-product","3":"status-publish","4":"has-post-thumbnail","6":"product_brand-recarlo-gioielli-italia","7":"product_cat-gioielli","8":"product_cat-recarlo-gioielli-made-italy","9":"pa_cf_giocbrillegemme-ct055_n13","10":"pa_cf_giocbrillegemme-ct070_n14","12":"first","13":"instock","14":"sale","15":"shipping-taxable","16":"purchasable","17":"product-type-variable"},"exclude_global_add_ons":[],"addons":[],"_links":{"self":[{"href":"https:\/\/www.rensiweb.com\/it\/wp-json\/wp\/v2\/product\/4347","targetHints":{"allow":["GET"]}}],"collection":[{"href":"https:\/\/www.rensiweb.com\/it\/wp-json\/wp\/v2\/product"}],"about":[{"href":"https:\/\/www.rensiweb.com\/it\/wp-json\/wp\/v2\/types\/product"}],"replies":[{"embeddable":true,"href":"https:\/\/www.rensiweb.com\/it\/wp-json\/wp\/v2\/comments?post=4347"}],"wp:featuredmedia":[{"embeddable":true,"href":"https:\/\/www.rensiweb.com\/it\/wp-json\/wp\/v2\/media\/11700"}],"wp:attachment":[{"href":"https:\/\/www.rensiweb.com\/it\/wp-json\/wp\/v2\/media?parent=4347"}],"wp:term":[{"taxonomy":"product_brand","embeddable":true,"href":"https:\/\/www.rensiweb.com\/it\/wp-json\/wp\/v2\/product_brand?post=4347"},{"taxonomy":"product_cat","embeddable":true,"href":"https:\/\/www.rensiweb.com\/it\/wp-json\/wp\/v2\/product_cat?post=4347"},{"taxonomy":"product_tag","embeddable":true,"href":"https:\/\/www.rensiweb.com\/it\/wp-json\/wp\/v2\/product_tag?post=4347"}],"curies":[{"name":"wp","href":"https:\/\/api.w.org\/{rel}","templated":true}]}}