{"id":4305,"date":"2020-10-30T23:53:20","date_gmt":"2020-10-30T22:53:20","guid":{"rendered":"https:\/\/www.rensiweb.com\/orologio-citizen-uomo-crono-multifunzione-pilot-radiocontrollato-ecodrive-acciaio-pelle-acciaio-as4020-as4025\/"},"modified":"2026-04-18T20:55:49","modified_gmt":"2026-04-18T18:55:49","slug":"orologio-citizen-uomo-crono-multifunzione-pilot-radiocontrollato-ecodrive-acciaio-pelle-acciaio-as4020-as4025","status":"publish","type":"product","link":"https:\/\/www.rensiweb.com\/it\/orologio-citizen-uomo-crono-multifunzione-pilot-radiocontrollato-ecodrive-acciaio-pelle-acciaio-as4020-as4025.html","title":{"rendered":"Orologio uomo Citizen Crono Pilot Radio-controllato CB5860 &#8211; EcoDrive &#8211; cassa e c..."},"content":{"rendered":"<p><strong>Orologio uomo Citizen Crono Pilot Radio-controllato CB5860 &#8211; EcoDrive &#8211; cassa e cinturino Acciaio, Radio-controllato<\/strong> 5 canali (UE, USA, Giappone, Cina), World timer di 24 citt\u00e0, allarme, cronografo 1\/20, calendario perpetuo.<br \/>\nRinnovato Cronografo di una serie che ha decretato il successo di Citizen negli orologi Crono Multifunzione Radiocontrollati.<br \/>\nDisponibile in alcune varianti che hanno in comune la cassa in Acciaio Inox, <strong>vetro in Zaffiro<\/strong>, sistema Eco-Drive con riserva di carica che pu\u00f2 arrivare fino a 10 mesi, resistente all&#8217;acqua 20 Bar (200 m.).<br \/>\nLe diverse varianti si differenziano per i colori dei quadranti e per il cinturino, che pu\u00f2 essere di Acciaio o Cuoio.<\/p>\n<ul>\n<li><strong>modello CB5860-86E : cassa e cinturino Acciaio &#8211; quadrante Nero.<\/strong><\/li>\n<li><strong>modello CB5860-19E : cassa Acciaio con cinturino Cuoio Nero &#8211; quadrante Nero.<\/strong><\/li>\n<li><strong>modello CB5860-27E : cassa Acciaio con cinturino Cuoio Marrone &#8211; quadrante Nero.<\/strong><\/li>\n<li><strong>modello CB5860-35X : cassa Acciaio con cinturino Cuoio Marrone &#8211; quadrante Beige.<\/strong><\/li>\n<\/ul>\n<p><strong>Orologi uomo Citizen Crono Pilot Acciaio CB5860<\/strong>, sempre l&#8217;ora esatta con una serie di funzioni che potranno essere usate tutti i giorni, cambio ora legale e solare, la notte\u00a0i Crono Pilot Citizen\u00a0attiva la ricerca del segnale, si aggiorna con l&#8217;ora precisa al secondo nel caso in cui fosse fuori orario, tutta la tranquillit\u00e0 di avere sempre l&#8217;orario esatta sincronizzata.<\/p>\n<p><strong>Crono Pilot Citizen Acciaio<\/strong>\u00a0\u00e8 adatto per chi cerca un orologio completo, preciso, solido, un prodotto di qualit\u00e0 e affidabilit\u00e0.<\/p>\n","protected":false},"excerpt":{"rendered":"<p>Orologio uomo Citizen Crono Pilot Radio-controllato CB5860 &#8211; EcoDrive &#8211; cassa e cinturino Acciaio, vetro Zaffiro, W.R.20 Bar.<\/p>\n<p><span style=\"font-size: 18pt;color: #339966\"><strong>5 Anni di GARANZIA Ufficiale<\/strong><\/span><\/p>\n","protected":false},"featured_media":11573,"comment_status":"open","ping_status":"closed","template":"","meta":[],"product_brand":[5],"product_cat":[2004,1994],"product_tag":[],"class_list":{"0":"post-4305","1":"product","2":"type-product","3":"status-publish","4":"has-post-thumbnail","6":"product_brand-citizen-orologi-giappone","7":"product_cat-citizen","8":"product_cat-orologi","10":"first","11":"instock","12":"sale","13":"shipping-taxable","14":"purchasable","15":"product-type-variable"},"exclude_global_add_ons":[],"addons":[],"_links":{"self":[{"href":"https:\/\/www.rensiweb.com\/it\/wp-json\/wp\/v2\/product\/4305","targetHints":{"allow":["GET"]}}],"collection":[{"href":"https:\/\/www.rensiweb.com\/it\/wp-json\/wp\/v2\/product"}],"about":[{"href":"https:\/\/www.rensiweb.com\/it\/wp-json\/wp\/v2\/types\/product"}],"replies":[{"embeddable":true,"href":"https:\/\/www.rensiweb.com\/it\/wp-json\/wp\/v2\/comments?post=4305"}],"wp:featuredmedia":[{"embeddable":true,"href":"https:\/\/www.rensiweb.com\/it\/wp-json\/wp\/v2\/media\/11573"}],"wp:attachment":[{"href":"https:\/\/www.rensiweb.com\/it\/wp-json\/wp\/v2\/media?parent=4305"}],"wp:term":[{"taxonomy":"product_brand","embeddable":true,"href":"https:\/\/www.rensiweb.com\/it\/wp-json\/wp\/v2\/product_brand?post=4305"},{"taxonomy":"product_cat","embeddable":true,"href":"https:\/\/www.rensiweb.com\/it\/wp-json\/wp\/v2\/product_cat?post=4305"},{"taxonomy":"product_tag","embeddable":true,"href":"https:\/\/www.rensiweb.com\/it\/wp-json\/wp\/v2\/product_tag?post=4305"}],"curies":[{"name":"wp","href":"https:\/\/api.w.org\/{rel}","templated":true}]}}