{"id":429756,"date":"2026-05-02T11:37:23","date_gmt":"2026-05-02T09:37:23","guid":{"rendered":"https:\/\/www.rensiweb.com\/?post_type=product&#038;p=429756.html"},"modified":"2026-05-02T11:37:23","modified_gmt":"2026-05-02T09:37:23","slug":"orologio-rolex-explorer-i-secondo-polso","status":"publish","type":"product","link":"https:\/\/www.rensiweb.com\/it\/orologio-rolex-explorer-i-secondo-polso.html","title":{"rendered":"Orologio Rolex Explorer I &#8211; Secondo Polso &#8211; 39mm &#8211; Automatico &#8211; Accia..."},"content":{"rendered":"<p><strong>Orologio di secondo polso Rolex Explorer I. Movimento automatico meccanico, cassa e cinturino in acciaio, diametro 39mm. Quadrante nero e vetro zaffiro.<\/strong><\/p>\n<p>Rolex in condizioni perfette, revisionato nel 2025 e completo di garanzia del 2013. Ulteriori foto e informazioni disponibili su richiesta.<\/p>\n<p>Rolex Explorer I \u00e8 l&#8217;orologio tecnico per eccellenza, progettato per garantire massima affidabilit\u00e0, precisione e leggibilit\u00e0 in ogni condizione.<\/p>\n","protected":false},"excerpt":{"rendered":"<p><strong>Orologio di secondo polso Rolex Explorer I. Movimento automatico meccanico, cassa e cinturino in acciaio, diametro 39mm. Quadrante nero.<\/strong><\/p>\n","protected":false},"featured_media":429773,"comment_status":"open","ping_status":"closed","template":"","meta":[],"product_brand":[4422],"product_cat":[4421,1994],"product_tag":[],"class_list":{"0":"post-429756","1":"product","2":"type-product","3":"status-publish","4":"has-post-thumbnail","6":"product_brand-rolex","7":"product_cat-orologi-secondo-polso","8":"product_cat-orologi","10":"first","11":"outofstock","12":"shipping-taxable","13":"purchasable","14":"product-type-simple"},"exclude_global_add_ons":[],"addons":[],"_links":{"self":[{"href":"https:\/\/www.rensiweb.com\/it\/wp-json\/wp\/v2\/product\/429756","targetHints":{"allow":["GET"]}}],"collection":[{"href":"https:\/\/www.rensiweb.com\/it\/wp-json\/wp\/v2\/product"}],"about":[{"href":"https:\/\/www.rensiweb.com\/it\/wp-json\/wp\/v2\/types\/product"}],"replies":[{"embeddable":true,"href":"https:\/\/www.rensiweb.com\/it\/wp-json\/wp\/v2\/comments?post=429756"}],"wp:featuredmedia":[{"embeddable":true,"href":"https:\/\/www.rensiweb.com\/it\/wp-json\/wp\/v2\/media\/429773"}],"wp:attachment":[{"href":"https:\/\/www.rensiweb.com\/it\/wp-json\/wp\/v2\/media?parent=429756"}],"wp:term":[{"taxonomy":"product_brand","embeddable":true,"href":"https:\/\/www.rensiweb.com\/it\/wp-json\/wp\/v2\/product_brand?post=429756"},{"taxonomy":"product_cat","embeddable":true,"href":"https:\/\/www.rensiweb.com\/it\/wp-json\/wp\/v2\/product_cat?post=429756"},{"taxonomy":"product_tag","embeddable":true,"href":"https:\/\/www.rensiweb.com\/it\/wp-json\/wp\/v2\/product_tag?post=429756"}],"curies":[{"name":"wp","href":"https:\/\/api.w.org\/{rel}","templated":true}]}}