{"id":402741,"date":"2026-04-28T18:36:42","date_gmt":"2026-04-28T16:36:42","guid":{"rendered":"https:\/\/www.rensiweb.com\/?post_type=product&#038;p=402741.html"},"modified":"2026-04-28T18:36:42","modified_gmt":"2026-04-28T16:36:42","slug":"ciondolo-trollbeads-ratatoskr-argento","status":"publish","type":"product","link":"https:\/\/www.rensiweb.com\/it\/ciondolo-trollbeads-ratatoskr-argento.html","title":{"rendered":"Ciondolo Trollbeads Ratatoskr \u2013 Argento..."},"content":{"rendered":"<p><strong>Ciondolo Trollbeads in argento, Ratatoskr. Nella mitologia nordica, Ratatoskr \u00e8 lo scoiattolo che vive sull&#8217;albero cosmico. Corre con fulminea velocit\u00e0 dalle radici sino alle sommit\u00e0 per mantenere l&#8217;equilibrio tra le forze del Cielo e della Terra.<\/strong><\/p>\n","protected":false},"excerpt":{"rendered":"<p><strong>Ciondolo Trollbeads in argento, Ratatoskr. Nella mitologia nordica, Ratatoskr \u00e8 lo scoiattolo che vive sull&#8217;albero cosmico.<\/strong><\/p>\n","protected":false},"featured_media":402749,"comment_status":"open","ping_status":"closed","template":"","meta":[],"product_brand":[],"product_cat":[1998,2082],"product_tag":[],"class_list":{"0":"post-402741","1":"product","2":"type-product","3":"status-publish","4":"has-post-thumbnail","6":"product_cat-gioielli","7":"product_cat-trollbeads","9":"first","10":"instock","11":"shipping-taxable","12":"purchasable","13":"product-type-simple"},"exclude_global_add_ons":[],"addons":[],"_links":{"self":[{"href":"https:\/\/www.rensiweb.com\/it\/wp-json\/wp\/v2\/product\/402741","targetHints":{"allow":["GET"]}}],"collection":[{"href":"https:\/\/www.rensiweb.com\/it\/wp-json\/wp\/v2\/product"}],"about":[{"href":"https:\/\/www.rensiweb.com\/it\/wp-json\/wp\/v2\/types\/product"}],"replies":[{"embeddable":true,"href":"https:\/\/www.rensiweb.com\/it\/wp-json\/wp\/v2\/comments?post=402741"}],"wp:featuredmedia":[{"embeddable":true,"href":"https:\/\/www.rensiweb.com\/it\/wp-json\/wp\/v2\/media\/402749"}],"wp:attachment":[{"href":"https:\/\/www.rensiweb.com\/it\/wp-json\/wp\/v2\/media?parent=402741"}],"wp:term":[{"taxonomy":"product_brand","embeddable":true,"href":"https:\/\/www.rensiweb.com\/it\/wp-json\/wp\/v2\/product_brand?post=402741"},{"taxonomy":"product_cat","embeddable":true,"href":"https:\/\/www.rensiweb.com\/it\/wp-json\/wp\/v2\/product_cat?post=402741"},{"taxonomy":"product_tag","embeddable":true,"href":"https:\/\/www.rensiweb.com\/it\/wp-json\/wp\/v2\/product_tag?post=402741"}],"curies":[{"name":"wp","href":"https:\/\/api.w.org\/{rel}","templated":true}]}}