{"id":36391,"date":"2025-09-27T11:24:37","date_gmt":"2025-09-27T09:24:37","guid":{"rendered":"https:\/\/www.rensiweb.com\/?post_type=product&#038;p=36391.html"},"modified":"2026-04-20T11:39:24","modified_gmt":"2026-04-20T09:39:24","slug":"orologio-tissot-stylist-t-quarzo-28mm","status":"publish","type":"product","link":"https:\/\/www.rensiweb.com\/it\/orologio-tissot-stylist-t-quarzo-28mm.html","title":{"rendered":"Orologio Tissot Stylist-T &#8211; al Quarzo &#8211; 28mm &#8211; Acciaio e Diamanti..."},"content":{"rendered":"<p><strong>Orologio da donna Tissot della collezione Stylist-T. Cassa e cinturino in acciaio, diametro 28mm. Movimento al quarzo, quadrante nero.<\/strong><\/p>\n<p>Scopri l&#8217;orologio <b>Tissot Stylis-T<\/b> (referenza T0282101105701), un capolavoro di design compatto che unisce il minimalismo contemporaneo al lusso discreto. Pensato per la donna che apprezza l&#8217;eleganza senza tempo, questo modello racchiude l&#8217;eredit\u00e0 svizzera in una silhouette raffinata e aggraziata.<\/p>\n<p>La cassa rotonda in <b>acciaio inossidabile<\/b> da <b>28 mm<\/b> (spessore 8 mm) \u00e8 perfettamente dimensionata per un polso femminile, offrendo una vestibilit\u00e0 comoda quanto scintillante, grazie al bracciale in acciaio lucidato con chiusura a scomparsa. Il cuore visivo \u00e8 il <b>quadrante nero<\/b> profondo, protetto da un resistente <b>vetro zaffiro antigraffio<\/b>.<\/p>\n<p>I dettagli del quadrante sono l&#8217;essenza della raffinatezza: le sottili lancette argentate in contrasto con lo sfondo scuro assicurano una lettura impeccabile, mentre gli indici applicati a bastone aggiungono un tocco moderno. In alcune varianti della serie, questo modello integra persino <b>diamanti naturali<\/b> sul bracciale per un <i>sparkle<\/i> ineguagliabile. Al suo interno, il preciso <b>movimento al quarzo Swiss Made<\/b> garantisce la proverbiale affidabilit\u00e0 Tissot. Con un&#8217;impermeabilit\u00e0 di 30 metri, lo Stylis-T \u00e8 l&#8217;accessorio <i>must-have<\/i> per elevare ogni look, dal quotidiano alla serata di gala.<\/p>\n","protected":false},"excerpt":{"rendered":"<p><strong>Orologio da donna Tissot della collezione Stylist-T. Cassa e cinturino in acciaio, diametro 28mm. Movimento al quarzo, quadrante nero.<\/strong><\/p>\n","protected":false},"featured_media":36392,"comment_status":"open","ping_status":"closed","template":"","meta":[],"product_brand":[],"product_cat":[1994,2080,1992],"product_tag":[],"class_list":{"0":"post-36391","1":"product","2":"type-product","3":"status-publish","4":"has-post-thumbnail","6":"product_cat-orologi","7":"product_cat-tissot","8":"product_cat-orologi-outlet","10":"first","11":"instock","12":"sale","13":"shipping-taxable","14":"purchasable","15":"product-type-simple"},"exclude_global_add_ons":[],"addons":[],"_links":{"self":[{"href":"https:\/\/www.rensiweb.com\/it\/wp-json\/wp\/v2\/product\/36391","targetHints":{"allow":["GET"]}}],"collection":[{"href":"https:\/\/www.rensiweb.com\/it\/wp-json\/wp\/v2\/product"}],"about":[{"href":"https:\/\/www.rensiweb.com\/it\/wp-json\/wp\/v2\/types\/product"}],"replies":[{"embeddable":true,"href":"https:\/\/www.rensiweb.com\/it\/wp-json\/wp\/v2\/comments?post=36391"}],"wp:featuredmedia":[{"embeddable":true,"href":"https:\/\/www.rensiweb.com\/it\/wp-json\/wp\/v2\/media\/36392"}],"wp:attachment":[{"href":"https:\/\/www.rensiweb.com\/it\/wp-json\/wp\/v2\/media?parent=36391"}],"wp:term":[{"taxonomy":"product_brand","embeddable":true,"href":"https:\/\/www.rensiweb.com\/it\/wp-json\/wp\/v2\/product_brand?post=36391"},{"taxonomy":"product_cat","embeddable":true,"href":"https:\/\/www.rensiweb.com\/it\/wp-json\/wp\/v2\/product_cat?post=36391"},{"taxonomy":"product_tag","embeddable":true,"href":"https:\/\/www.rensiweb.com\/it\/wp-json\/wp\/v2\/product_tag?post=36391"}],"curies":[{"name":"wp","href":"https:\/\/api.w.org\/{rel}","templated":true}]}}