{"id":35574,"date":"2025-09-27T09:28:36","date_gmt":"2025-09-27T07:28:36","guid":{"rendered":"https:\/\/www.rensiweb.com\/?post_type=product&#038;p=35574.html"},"modified":"2026-04-17T11:29:18","modified_gmt":"2026-04-17T09:29:18","slug":"orologio-longines-conquest-automatico-30mm","status":"publish","type":"product","link":"https:\/\/www.rensiweb.com\/it\/orologio-longines-conquest-automatico-30mm.html","title":{"rendered":"Orologio Longines Conquest &#8211; Automatico &#8211; 30mm &#8211; Acciaio e Oro Rosa..."},"content":{"rendered":"<p><strong>Orologio da donna Longines della collezione Conquest. Cassa in oro rosa, cinturino in acciaio, 30mm. Movimento automatico, quadrante in silver.<\/strong><\/p>\n<p>Il <b>Longines Conquest (referenza prodotto L33205726)<\/b> \u00e8 il segnatempo perfetto per chi cerca l&#8217;unione tra prestazioni tecniche e raffinatezza in un orologio da donna. Questa referenza esprime l&#8217;equilibrio ideale tra l&#8217;anima sportiva della collezione e un lusso discreto, grazie alla sua splendida cassa da <b>30 mm<\/b> in <b>acciaio inossidabile<\/b> impreziosita da una <b>lunetta in oro rosa 18 carati<\/b>.<\/p>\n<p>Il cuore estetico \u00e8 il magnifico <b>quadrante color argento a raggi di sole<\/b>, una finitura che cattura la luce ad ogni movimento, valorizzato da indici applicati e lancette rosate, trattati con <b>Swiss Super-LumiNova\u00ae<\/b> per una leggibilit\u00e0 ottimale anche al buio. A livello funzionale, il quadrante ospita con discrezione la finestra del <b>datario a ore 6<\/b>.<\/p>\n<p>Il Conquest non \u00e8 solo bello, \u00e8 costruito per durare: \u00e8 animato dal <b>movimento automatico<\/b> Calibro L592, con bilanciere-spirale in silicio e una riserva di carica di 45 ore, visibile attraverso il fondello trasparente in zaffiro. Il vetro zaffiro multistrato e l&#8217;impermeabilit\u00e0 garantita fino a <b>100 metri<\/b> ne fanno un compagno affidabile per ogni momento della vita.<\/p>\n<p>Scegliete l&#8217;eccellenza, scegliete l&#8217;eleganza sportiva del Longines Conquest in acciaio e oro rosa.<\/p>\n","protected":false},"excerpt":{"rendered":"<p><strong>Orologio da donna Longines, collezione Conquest. Cassa in oro rosa, cinturino in acciaio, 30mm. Movimento automatico, quadrante madreperla.<\/strong><\/p>\n<p><span style=\"color: #339966\"><strong><span style=\"font-size: 18pt\">5 anni di GARANZIA ufficiale<\/span><\/strong><\/span><\/p>\n","protected":false},"featured_media":36368,"comment_status":"open","ping_status":"closed","template":"","meta":[],"product_brand":[],"product_cat":[1994,2068],"product_tag":[],"class_list":{"0":"post-35574","1":"product","2":"type-product","3":"status-publish","4":"has-post-thumbnail","6":"product_cat-orologi","7":"product_cat-longines","9":"first","10":"instock","11":"shipping-taxable","12":"purchasable","13":"product-type-simple"},"exclude_global_add_ons":[],"addons":[],"_links":{"self":[{"href":"https:\/\/www.rensiweb.com\/it\/wp-json\/wp\/v2\/product\/35574","targetHints":{"allow":["GET"]}}],"collection":[{"href":"https:\/\/www.rensiweb.com\/it\/wp-json\/wp\/v2\/product"}],"about":[{"href":"https:\/\/www.rensiweb.com\/it\/wp-json\/wp\/v2\/types\/product"}],"replies":[{"embeddable":true,"href":"https:\/\/www.rensiweb.com\/it\/wp-json\/wp\/v2\/comments?post=35574"}],"wp:featuredmedia":[{"embeddable":true,"href":"https:\/\/www.rensiweb.com\/it\/wp-json\/wp\/v2\/media\/36368"}],"wp:attachment":[{"href":"https:\/\/www.rensiweb.com\/it\/wp-json\/wp\/v2\/media?parent=35574"}],"wp:term":[{"taxonomy":"product_brand","embeddable":true,"href":"https:\/\/www.rensiweb.com\/it\/wp-json\/wp\/v2\/product_brand?post=35574"},{"taxonomy":"product_cat","embeddable":true,"href":"https:\/\/www.rensiweb.com\/it\/wp-json\/wp\/v2\/product_cat?post=35574"},{"taxonomy":"product_tag","embeddable":true,"href":"https:\/\/www.rensiweb.com\/it\/wp-json\/wp\/v2\/product_tag?post=35574"}],"curies":[{"name":"wp","href":"https:\/\/api.w.org\/{rel}","templated":true}]}}