{"id":33043,"date":"2025-01-22T19:29:24","date_gmt":"2025-01-22T18:29:24","guid":{"rendered":"https:\/\/www.rensiweb.com\/.html?post_type=product&#038;p=33043"},"modified":"2026-04-29T21:08:56","modified_gmt":"2026-04-29T19:08:56","slug":"orologio-seiko-prospex-45mm-automatico","status":"publish","type":"product","link":"https:\/\/www.rensiweb.com\/it\/orologio-seiko-prospex-45mm-automatico.html","title":{"rendered":"Orologio Seiko Prospex &#8211; 45mm &#8211; Automatico &#8211; Acciaio..."},"content":{"rendered":"<p><strong>Orologio da uomo Seiko della collezione Prospex Mare. Cassa e cinturino in acciaio, 45mm. Movimento automatico, quadrante nero con ghiera bicolore.<\/strong><\/p>\n<div class=\"flex-shrink-0 flex flex-col relative items-end\">\n<div>\n<div class=\"pt-0\">\n<div class=\"gizmo-bot-avatar flex h-8 w-8 items-center justify-center overflow-hidden rounded-full\">\n<div class=\"relative p-1 rounded-sm flex items-center justify-center bg-token-main-surface-primary text-token-text-primary h-8 w-8\">Il Seiko Prospex \u00e8 un orologio subacqueo di alta qualit\u00e0, progettato per gli appassionati del mare che non vogliono rinunciare allo stile. La cassa in acciaio inossidabile misura 45,0 mm di diametro, 12,9 mm di spessore e 52,6 mm da ansa ad ansa, offrendo una presenza robusta e decisa al polso.<\/div>\n<\/div>\n<\/div>\n<\/div>\n<\/div>\n<div class=\"group\/conversation-turn relative flex w-full min-w-0 flex-col agent-turn\">\n<div class=\"flex-col gap-1 md:gap-3\">\n<div class=\"flex max-w-full flex-col flex-grow\">\n<div class=\"min-h-8 text-message flex w-full flex-col items-end gap-2 whitespace-normal break-words text-start [.text-message+&amp;]:mt-5\" dir=\"auto\" data-message-author-role=\"assistant\" data-message-id=\"e5f46be1-090c-4c56-b4cc-5f497b011e2b\" data-message-model-slug=\"gpt-4o\">\n<div class=\"flex w-full flex-col gap-1 empty:hidden first:pt-[3px]\">\n<div class=\"markdown prose w-full break-words dark:prose-invert light\">\n<p>Il quadrante nero profondo \u00e8 arricchito da indici e lancette generosamente rivestiti in LumiBrite, garantendo una leggibilit\u00e0 eccellente anche nelle profondit\u00e0 marine. La lunetta girevole unidirezionale, anch&#8217;essa con inserto luminoso, permette un preciso monitoraggio dei tempi di immersione.<\/p>\n<p>Al suo interno, il movimento automatico Calibro 6R35, con capacit\u00e0 di carica manuale, offre una riserva di carica di circa 70 ore e una precisione compresa tra +25 e -15 secondi al giorno. La funzione di arresto della lancetta dei secondi consente una regolazione precisa dell&#8217;ora.<\/p>\n<p>Il vetro zaffiro protegge il quadrante da graffi, mentre la corona e il fondello a vite assicurano una resistenza all&#8217;acqua fino a 200 metri, rendendolo ideale per le immersioni. La tripla chiusura pieghevole con blocco di sicurezza e rilascio a pulsante, dotata di estensore, garantisce una vestibilit\u00e0 sicura e confortevole anche sopra la muta da sub.<\/p>\n<p>Questo modello, parte della serie Prospex, rappresenta l&#8217;impegno di Seiko nel combinare funzionalit\u00e0 professionale e design accattivante, soddisfacendo le esigenze sia dei subacquei esperti che degli appassionati di orologi sportivi.<\/p>\n<\/div>\n<\/div>\n<\/div>\n<\/div>\n<\/div>\n<\/div>\n","protected":false},"excerpt":{"rendered":"<p><strong>Orologio da uomo Seiko della collezione Prospex Mare. Cassa e cinturino in acciaio, 45mm. Movimento automatico, quadrante nero.<\/strong><\/p>\n","protected":false},"featured_media":36214,"comment_status":"open","ping_status":"closed","template":"","meta":[],"product_brand":[4330],"product_cat":[4331,1994],"product_tag":[],"class_list":{"0":"post-33043","1":"product","2":"type-product","3":"status-publish","4":"has-post-thumbnail","6":"product_brand-seiko-orologi","7":"product_cat-seiko","8":"product_cat-orologi","10":"first","11":"instock","12":"shipping-taxable","13":"purchasable","14":"product-type-simple"},"exclude_global_add_ons":[],"addons":[],"_links":{"self":[{"href":"https:\/\/www.rensiweb.com\/it\/wp-json\/wp\/v2\/product\/33043","targetHints":{"allow":["GET"]}}],"collection":[{"href":"https:\/\/www.rensiweb.com\/it\/wp-json\/wp\/v2\/product"}],"about":[{"href":"https:\/\/www.rensiweb.com\/it\/wp-json\/wp\/v2\/types\/product"}],"replies":[{"embeddable":true,"href":"https:\/\/www.rensiweb.com\/it\/wp-json\/wp\/v2\/comments?post=33043"}],"wp:featuredmedia":[{"embeddable":true,"href":"https:\/\/www.rensiweb.com\/it\/wp-json\/wp\/v2\/media\/36214"}],"wp:attachment":[{"href":"https:\/\/www.rensiweb.com\/it\/wp-json\/wp\/v2\/media?parent=33043"}],"wp:term":[{"taxonomy":"product_brand","embeddable":true,"href":"https:\/\/www.rensiweb.com\/it\/wp-json\/wp\/v2\/product_brand?post=33043"},{"taxonomy":"product_cat","embeddable":true,"href":"https:\/\/www.rensiweb.com\/it\/wp-json\/wp\/v2\/product_cat?post=33043"},{"taxonomy":"product_tag","embeddable":true,"href":"https:\/\/www.rensiweb.com\/it\/wp-json\/wp\/v2\/product_tag?post=33043"}],"curies":[{"name":"wp","href":"https:\/\/api.w.org\/{rel}","templated":true}]}}