{"id":3213,"date":"2020-07-01T14:25:12","date_gmt":"2020-07-01T12:25:12","guid":{"rendered":"https:\/\/www.rensiweb.com\/diamanti-naturali-certificati-recarlo-diamante-ct-0-03-f-si\/"},"modified":"2026-05-04T15:13:26","modified_gmt":"2026-05-04T13:13:26","slug":"diamanti-naturali-certificati-recarlo-diamante-ct-0-03-f-si","status":"publish","type":"product","link":"https:\/\/www.rensiweb.com\/it\/diamanti-naturali-certificati-recarlo-diamante-ct-0-03-f-si.html","title":{"rendered":"Diamanti naturali Certificati Recarlo &#8211; Diamante Carature Varie &#8211; F &#8211; SI..."},"content":{"rendered":"<h4>Diamanti Naturali Certificati \u2013 Recarlo Gioielli e Centro Analisi Gemmologico di Valenza<\/h4>\n<p class=\"ds-markdown-paragraph\">Selezioniamo esclusivamente\u00a0<strong>diamanti naturali di alta qualit\u00e0<\/strong>\u00a0firmati\u00a0<strong>Recarlo Gioielli<\/strong>\u00a0e certificati dal\u00a0<strong>Centro Analisi Gemmologico di Valenza<\/strong>, uno dei laboratori italiani pi\u00f9 rinomati per professionalit\u00e0 e affidabilit\u00e0.<\/p>\n<h4>Caratteristiche<\/h4>\n<ul>\n<li class=\"ds-markdown-paragraph\"><strong>Colore<\/strong>: da G a F (bianco eccellente)<\/li>\n<li class=\"ds-markdown-paragraph\"><strong>Purezza<\/strong>: da IF a SI<\/li>\n<li class=\"ds-markdown-paragraph\"><strong>Taglio<\/strong>: Brillante rotondo con finiture Very Good<\/li>\n<li class=\"ds-markdown-paragraph\"><strong>Peso<\/strong>: da 0,03 a 0,30 carati<\/li>\n<\/ul>\n<p class=\"ds-markdown-paragraph\">Questa selezione prevede il colore\u00a0<strong>bianco &#8220;F&#8221;<\/strong>\u00a0e purezza\u00a0<strong>&#8220;SI&#8221;<\/strong>\u00a0: ti baster\u00e0 scegliere il peso in carati desiderato.<\/p>\n<p class=\"ds-markdown-paragraph\">Il diamante viene consegnato in un\u00a0<strong>packaging raffinato ed elegante<\/strong> con scheda plastificata con tutte le caratteristiche dettagliate del diamante acquistato, targhetta metallica personalizzabile (servizio gratuito).\u00a0Dopo l\u2019acquisto, inviaci un\u2019email con il\u00a0<strong>numero d\u2019ordine<\/strong>\u00a0e il testo che desideri incidere.<\/p>\n<p class=\"ds-markdown-paragraph\">Un diamante naturale \u00e8 il regalo perfetto per nascite e battesimi, compleanni e anniversari, occasioni speciali<\/p>\n","protected":false},"excerpt":{"rendered":"<p><strong>Diamanti naturali Certificati Recarlo (Centro Analisi Gemmologiche), selezione di Diamanti F-SI.<\/strong><\/p>\n","protected":false},"featured_media":371495,"comment_status":"open","ping_status":"closed","template":"","meta":[],"product_brand":[2],"product_cat":[2016,2010],"product_tag":[],"class_list":{"0":"post-3213","1":"product","2":"type-product","3":"status-publish","4":"has-post-thumbnail","6":"product_brand-recarlo-gioielli-italia","7":"product_cat-diamanti-gemme-pietre","8":"product_cat-recarlo-gioielli-made-italy","9":"pa_cf_giocbrillegemme-ct003","10":"pa_cf_giocbrillegemme-ct004","11":"pa_cf_giocbrillegemme-ct005_n12","12":"pa_cf_giocbrillegemme-ct006","13":"pa_cf_giocbrillegemme-ct007","14":"pa_cf_giocbrillegemme-ct008","15":"pa_cf_giocbrillegemme-ct009","16":"pa_cf_giocbrillegemme-ct010","17":"pa_cf_giocbrillegemme-ct011","18":"pa_cf_giocbrillegemme-ct012","19":"pa_cf_giocbrillegemme-ct013","20":"pa_cf_giocbrillegemme-ct014","21":"pa_cf_giocbrillegemme-ct015","22":"pa_cf_giocbrillegemme-ct016","23":"pa_cf_giocbrillegemme-ct017","24":"pa_cf_giocbrillegemme-ct018","25":"pa_cf_giocbrillegemme-ct019","26":"pa_cf_giocbrillegemme-ct020","27":"pa_cf_giocbrillegemme-ct021","28":"pa_cf_giocbrillegemme-ct022","29":"pa_cf_giocbrillegemme-ct023","30":"pa_cf_giocbrillegemme-ct024","31":"pa_cf_giocbrillegemme-ct025","32":"pa_cf_giocbrillegemme-ct026","33":"pa_cf_giocbrillegemme-ct027","34":"pa_cf_giocbrillegemme-ct028","35":"pa_cf_giocbrillegemme-ct029","36":"pa_cf_giocbrillegemme-ct030","38":"first","39":"instock","40":"sale","41":"shipping-taxable","42":"purchasable","43":"product-type-variable"},"exclude_global_add_ons":[],"addons":[],"_links":{"self":[{"href":"https:\/\/www.rensiweb.com\/it\/wp-json\/wp\/v2\/product\/3213","targetHints":{"allow":["GET"]}}],"collection":[{"href":"https:\/\/www.rensiweb.com\/it\/wp-json\/wp\/v2\/product"}],"about":[{"href":"https:\/\/www.rensiweb.com\/it\/wp-json\/wp\/v2\/types\/product"}],"replies":[{"embeddable":true,"href":"https:\/\/www.rensiweb.com\/it\/wp-json\/wp\/v2\/comments?post=3213"}],"wp:featuredmedia":[{"embeddable":true,"href":"https:\/\/www.rensiweb.com\/it\/wp-json\/wp\/v2\/media\/371495"}],"wp:attachment":[{"href":"https:\/\/www.rensiweb.com\/it\/wp-json\/wp\/v2\/media?parent=3213"}],"wp:term":[{"taxonomy":"product_brand","embeddable":true,"href":"https:\/\/www.rensiweb.com\/it\/wp-json\/wp\/v2\/product_brand?post=3213"},{"taxonomy":"product_cat","embeddable":true,"href":"https:\/\/www.rensiweb.com\/it\/wp-json\/wp\/v2\/product_cat?post=3213"},{"taxonomy":"product_tag","embeddable":true,"href":"https:\/\/www.rensiweb.com\/it\/wp-json\/wp\/v2\/product_tag?post=3213"}],"curies":[{"name":"wp","href":"https:\/\/api.w.org\/{rel}","templated":true}]}}