{"id":31590,"date":"2024-10-25T18:15:20","date_gmt":"2024-10-25T16:15:20","guid":{"rendered":"https:\/\/www.rensiweb.com\/.html?post_type=product&#038;p=31590"},"modified":"2025-09-09T17:53:10","modified_gmt":"2025-09-09T15:53:10","slug":"orologio-baume-mercier-riviera-1067","status":"publish","type":"product","link":"https:\/\/www.rensiweb.com\/it\/orologio-baume-mercier-riviera-1067.html","title":{"rendered":"Orologio Baume e Mercier Riviera &#8211; Automatico &#8211; Acciaio &#8211; 33mm..."},"content":{"rendered":"<p><strong>Orologio da donna della collezione Riviera. Cassa diametro 33mm in acciaio, cinturino in acciaio. Quadrante madreperla bianca o rosa. Movimento automatico.<\/strong><\/p>\n<p class=\"whitespace-pre-wrap break-words\">Questi modelli di Baume&amp;Mercier Riviera sono due interpretazioni affascinanti della celebre collezione, che unisce eleganza sportiva e raffinatezza senza tempo.<\/p>\n<p class=\"whitespace-pre-wrap break-words\">Entrambi i modelli condividono l&#8217;iconica cassa in acciaio da 33mm, caratterizzata dalla distintiva lunetta dodecagonale, firma inconfondibile della linea Riviera. Sono alimentati dallo stesso movimento automatico svizzero di alta precisione, visibile attraverso il fondello trasparente in vetro zaffiro, garanzia di affidabilit\u00e0 e prestazioni eccellenti.<\/p>\n<p class=\"whitespace-pre-wrap break-words\">La principale differenza tra i due modelli risiede nel quadrante. Il primo sfoggia un grazioso quadrante rosa con finitura soleil, che cattura la luce creando affascinanti riflessi. Il secondo invece, presenta un lucente quadrante in madreperla bianca, che offre un look pi\u00f9 elegante anche grazie ai 4 brillanti incastonati sulla cassa.<\/p>\n<ul>\n<li><strong>Modello M0A10675: Cassa e cinturino acciaio, 33mm, quadrante rosa, movimento automatico.<\/strong><\/li>\n<li><strong>Modello M0A10676: Cassa e cinturino acciaio con brillanti, 33mm, quadrante madreperla bianca, movimento automatico.<\/strong><\/li>\n<\/ul>\n<p class=\"whitespace-pre-wrap break-words\">Che si scelga il rosa o la madreperla, ogni Riviera \u00e8 un capolavoro di orologeria svizzera, pensato per la donna che apprezza il lusso contemporaneo e la versatilit\u00e0. Entrambi vengono presentati in un&#8217;elegante confezione, accompagnati dal certificato di autenticit\u00e0 e dalla garanzia internazionale di 2 anni.<\/p>\n","protected":false},"excerpt":{"rendered":"<p><strong>Orologio da donna Riviera. Cassa diametro 33mm in acciaio, cinturino in acciaio. Quadrante madreperla bianca o rosa. Movimento automatico.<\/strong><\/p>\n","protected":false},"featured_media":35917,"comment_status":"open","ping_status":"closed","template":"","meta":[],"product_brand":[10],"product_cat":[1994,2038],"product_tag":[],"class_list":{"0":"post-31590","1":"product","2":"type-product","3":"status-publish","4":"has-post-thumbnail","6":"product_brand-baume-e-mercier-orologi-svizzera","7":"product_cat-orologi","8":"product_cat-baume-mercier","10":"first","11":"outofstock","12":"shipping-taxable","13":"purchasable","14":"product-type-variable","15":"has-default-attributes"},"exclude_global_add_ons":[],"addons":[],"_links":{"self":[{"href":"https:\/\/www.rensiweb.com\/it\/wp-json\/wp\/v2\/product\/31590","targetHints":{"allow":["GET"]}}],"collection":[{"href":"https:\/\/www.rensiweb.com\/it\/wp-json\/wp\/v2\/product"}],"about":[{"href":"https:\/\/www.rensiweb.com\/it\/wp-json\/wp\/v2\/types\/product"}],"replies":[{"embeddable":true,"href":"https:\/\/www.rensiweb.com\/it\/wp-json\/wp\/v2\/comments?post=31590"}],"wp:featuredmedia":[{"embeddable":true,"href":"https:\/\/www.rensiweb.com\/it\/wp-json\/wp\/v2\/media\/35917"}],"wp:attachment":[{"href":"https:\/\/www.rensiweb.com\/it\/wp-json\/wp\/v2\/media?parent=31590"}],"wp:term":[{"taxonomy":"product_brand","embeddable":true,"href":"https:\/\/www.rensiweb.com\/it\/wp-json\/wp\/v2\/product_brand?post=31590"},{"taxonomy":"product_cat","embeddable":true,"href":"https:\/\/www.rensiweb.com\/it\/wp-json\/wp\/v2\/product_cat?post=31590"},{"taxonomy":"product_tag","embeddable":true,"href":"https:\/\/www.rensiweb.com\/it\/wp-json\/wp\/v2\/product_tag?post=31590"}],"curies":[{"name":"wp","href":"https:\/\/api.w.org\/{rel}","templated":true}]}}