{"id":31523,"date":"2024-10-19T11:22:15","date_gmt":"2024-10-19T09:22:15","guid":{"rendered":"https:\/\/www.rensiweb.com\/.html?post_type=product&#038;p=31523"},"modified":"2025-09-06T19:09:11","modified_gmt":"2025-09-06T17:09:11","slug":"orologio-baume-mercier-hampton-10672","status":"publish","type":"product","link":"https:\/\/www.rensiweb.com\/it\/orologio-baume-mercier-hampton-10672.html","title":{"rendered":"Orologio Baume e Mercier Hampton &#8211; Automatico- cassa e cinturino Acciaio &#8211; 43&#21..."},"content":{"rendered":"<p><strong>Orologio unisex della collezione Hampton. Cassa rettangolare in acciaio di dimensioni 43&#215;27.5mm e cinturino in acciaio. Quadrante grigio opalino. Movimento automatico.<\/strong><\/p>\n<p class=\"whitespace-pre-wrap break-words\">Il modello Hampton 10672 \u00e8 un orologio molto raffinato e, grazie alle sue dimensioni medie, \u00e8 adatto sia alla donna che all&#8217;uomo. La particolarit\u00e0 della collezione Hampton sta nella cassa rettangolare. In questo caso, la cassa in acciaio 43&#215;27.5 incornicia un quadrante grigio opalino con finitura gren\u00e9. Il cinturino in maglia milanese dona un tocco vintage, rendendo questo orologio retr\u00f2 ma allo stesso tempo contemporaneo, facilmente adattabile ad ogni polso.<\/p>\n<ul>\n<li><strong>Modello M0A10672: cassa acciaio rettangolare, quadrante grigio, cinturino acciaio, movimento automatico.<\/strong><\/li>\n<\/ul>\n<p class=\"whitespace-pre-wrap break-words\">Il Hampton 10672 si adatta perfettamente a diversi contesti, dall&#8217;ufficio alle occasioni formali. La sua forma rettangolare unica lo rende immediatamente riconoscibile, mentre la precisione del movimento al quarzo assicura affidabilit\u00e0 quotidiana.<\/p>\n","protected":false},"excerpt":{"rendered":"<p><strong>Orologio unisex Hampton. Cassa rettangolare in acciaio 43&#215;27.5mm e cinturino in acciaio. Quadrante grigio opalino. Movimento automatico.<\/strong><\/p>\n","protected":false},"featured_media":35758,"comment_status":"open","ping_status":"closed","template":"","meta":[],"product_brand":[10],"product_cat":[1994,2038],"product_tag":[],"class_list":{"0":"post-31523","1":"product","2":"type-product","3":"status-publish","4":"has-post-thumbnail","6":"product_brand-baume-e-mercier-orologi-svizzera","7":"product_cat-orologi","8":"product_cat-baume-mercier","10":"first","11":"outofstock","12":"shipping-taxable","13":"purchasable","14":"product-type-simple"},"exclude_global_add_ons":[],"addons":[],"_links":{"self":[{"href":"https:\/\/www.rensiweb.com\/it\/wp-json\/wp\/v2\/product\/31523","targetHints":{"allow":["GET"]}}],"collection":[{"href":"https:\/\/www.rensiweb.com\/it\/wp-json\/wp\/v2\/product"}],"about":[{"href":"https:\/\/www.rensiweb.com\/it\/wp-json\/wp\/v2\/types\/product"}],"replies":[{"embeddable":true,"href":"https:\/\/www.rensiweb.com\/it\/wp-json\/wp\/v2\/comments?post=31523"}],"wp:featuredmedia":[{"embeddable":true,"href":"https:\/\/www.rensiweb.com\/it\/wp-json\/wp\/v2\/media\/35758"}],"wp:attachment":[{"href":"https:\/\/www.rensiweb.com\/it\/wp-json\/wp\/v2\/media?parent=31523"}],"wp:term":[{"taxonomy":"product_brand","embeddable":true,"href":"https:\/\/www.rensiweb.com\/it\/wp-json\/wp\/v2\/product_brand?post=31523"},{"taxonomy":"product_cat","embeddable":true,"href":"https:\/\/www.rensiweb.com\/it\/wp-json\/wp\/v2\/product_cat?post=31523"},{"taxonomy":"product_tag","embeddable":true,"href":"https:\/\/www.rensiweb.com\/it\/wp-json\/wp\/v2\/product_tag?post=31523"}],"curies":[{"name":"wp","href":"https:\/\/api.w.org\/{rel}","templated":true}]}}