{"id":29829,"date":"2024-05-14T18:03:45","date_gmt":"2024-05-14T16:03:45","guid":{"rendered":"https:\/\/www.rensiweb.com\/.html?post_type=product&#038;p=29829"},"modified":"2026-04-17T20:58:52","modified_gmt":"2026-04-17T18:58:52","slug":"orologio-longines-master-l2793-cuoio","status":"publish","type":"product","link":"https:\/\/www.rensiweb.com\/it\/orologio-longines-master-l2793-cuoio.html","title":{"rendered":"Orologio Longines Master L2793 &#8211; cassa in Acciaio 40mm &#8211; cinturino in Cuoio..."},"content":{"rendered":"<p><strong>Orologio uomo Longines collezione Master L2793. Cassa in acciaio e cinturino in pelle di alligatore. Diametro cassa 40mm. Movimento automatico meccanico.<\/strong><\/p>\n<p>La collezione Longines Master Collection \u00e8 rinomata per la sua dedizione all&#8217;eccellenza e all&#8217;artigianalit\u00e0 , e il Longines Master L2793 non delude le aspettative. La cassa in acciaio inossidabile dal diametro di 40mm incornicia un quadrante argento con finitura opalina, arricchito da indici applicati e lancette luminescenti. Il suo movimento automatico svizzero \u00e8 garanzia di precisione e affidabilit\u00e0. Grazie alle sue funzioni di ore, minuti, secondi e data, questo orologio \u00e8 sia una testimonianza dell&#8217;eccellenza orologiera di Longines che un compagno affidabile per la vita quotidiana.<\/p>\n<ul>\n<li><strong>Modello L27934783: cassa in acciaio 40mm, cinturino in cuoio, movimento automatico e quadrante silver<\/strong><\/li>\n<\/ul>\n<p>Grazie alle sue funzioni di ore, minuti, secondi e data, questo orologio \u00e8 sia una testimonianza dell&#8217;eccellenza orologiera di Longines che un compagno affidabile per la vita quotidiana.<\/p>\n","protected":false},"excerpt":{"rendered":"<p><strong>Orologio uomo Longines collezione Master L2793. Cassa in acciaio e cinturino in pelle di alligatore. Diametro cassa 40mm. Movimento automatico meccanico.<\/strong><\/p>\n<p><span style=\"font-size: 18pt;color: #339966\"><strong>5 Anni di GARANZIA Ufficiale<\/strong><\/span><\/p>\n","protected":false},"featured_media":29830,"comment_status":"open","ping_status":"closed","template":"","meta":[],"product_brand":[11],"product_cat":[1994,2068],"product_tag":[],"class_list":{"0":"post-29829","1":"product","2":"type-product","3":"status-publish","4":"has-post-thumbnail","6":"product_brand-longines-orologi-svizzera","7":"product_cat-orologi","8":"product_cat-longines","10":"first","11":"instock","12":"shipping-taxable","13":"purchasable","14":"product-type-simple"},"exclude_global_add_ons":[],"addons":[],"_links":{"self":[{"href":"https:\/\/www.rensiweb.com\/it\/wp-json\/wp\/v2\/product\/29829","targetHints":{"allow":["GET"]}}],"collection":[{"href":"https:\/\/www.rensiweb.com\/it\/wp-json\/wp\/v2\/product"}],"about":[{"href":"https:\/\/www.rensiweb.com\/it\/wp-json\/wp\/v2\/types\/product"}],"replies":[{"embeddable":true,"href":"https:\/\/www.rensiweb.com\/it\/wp-json\/wp\/v2\/comments?post=29829"}],"wp:featuredmedia":[{"embeddable":true,"href":"https:\/\/www.rensiweb.com\/it\/wp-json\/wp\/v2\/media\/29830"}],"wp:attachment":[{"href":"https:\/\/www.rensiweb.com\/it\/wp-json\/wp\/v2\/media?parent=29829"}],"wp:term":[{"taxonomy":"product_brand","embeddable":true,"href":"https:\/\/www.rensiweb.com\/it\/wp-json\/wp\/v2\/product_brand?post=29829"},{"taxonomy":"product_cat","embeddable":true,"href":"https:\/\/www.rensiweb.com\/it\/wp-json\/wp\/v2\/product_cat?post=29829"},{"taxonomy":"product_tag","embeddable":true,"href":"https:\/\/www.rensiweb.com\/it\/wp-json\/wp\/v2\/product_tag?post=29829"}],"curies":[{"name":"wp","href":"https:\/\/api.w.org\/{rel}","templated":true}]}}