{"id":29279,"date":"2024-04-23T12:07:42","date_gmt":"2024-04-23T10:07:42","guid":{"rendered":"https:\/\/www.rensiweb.com\/.html?post_type=product&#038;p=29279"},"modified":"2026-04-17T11:18:00","modified_gmt":"2026-04-17T09:18:00","slug":"bracciale-fope-flexit-oro-18kt-bicolore-e-diamante","status":"publish","type":"product","link":"https:\/\/www.rensiweb.com\/it\/bracciale-fope-flexit-oro-18kt-bicolore-e-diamante.html","title":{"rendered":"Bracciale FOPE Eka Flex&#8217;it Oro 18kt bicolore e Diamante..."},"content":{"rendered":"<p>Bracciale FOPE Eka Flex&#8217;it Oro 18kt bicolore e Diamante<\/p>\n<div>Il noto brand<strong> Fope<\/strong> con la <strong>Collezione Eka<\/strong>\u00a0ha cambiato il modo di indossare i bracciali eliminando la classica chiusura. La<strong> Collezione Eka<\/strong> presenta i primi bracciali con il sistema brevettato <strong>FLEX&#8217;IT<\/strong> di<strong> FOPE. <\/strong><\/div>\n<div><strong>FLEX&#8217;IT<\/strong> un sistema innovativo a base di <strong>micro molle realizzate in oro 18 kt unico al mondo<\/strong>. La<strong> Collezione Eka di Fope<\/strong> ricca di gioielli propone non solo i bracciali ma anche collane, orecchini, anelli da abbinare e mischiare tra le varianti del oro bianco, giallo e ros\u00e9 e<strong> i quattro diversi spessori<\/strong>\u00a0della maglia.<\/div>\n<div>\n<div>\n<div>\n<div>\n<p>I bracciali delle Collezione Eka si distinguono per la loro eleganza e praticit\u00e0. Realizzati con materiali di alta qualit\u00e0, questi gioielli unici combinano stile e funzionalit\u00e0 in modo sorprendente. Indossare i bracciali Fope\u00a0 non \u00e8 solo un&#8217;esperienza di moda, ma anche un&#8217;affermazione di raffinatezza e modernit\u00e0. Con la loro bellezza senza tempo e la tecnologia all&#8217;avanguardia di FOPE, i bracciali della Collezione Eka si rivelano un complemento perfetto per ogni occasione.<\/p>\n<\/div>\n<\/div>\n<\/div>\n<div>Disponibile anche nelle versioni del bicolore. Questo modello di bracciale pesa circa 9.60 gr. La maglia ha una sezione di diametro 3.5 mm. La misura M veste un polso medio che varia dal 17 al 19 cm.<\/div>\n<div>\n<div>\n<ul>\n<li><strong>Modello 01M01B2_BB_BR_XRX_00M: Bracciale donna Fope Collezione Eka FLEX-IT con maglia estensibile in oro bianco e ros\u00e9 18 kt\u00a0 con rondella in oro e diamante.<\/strong><\/li>\n<li><strong>Modello 01M01B2_BB_BG_XBX_00M: Bracciale donna Fope Collezione Eka FLEX-IT con maglia estensibile in oro bianco e giallo 18 kt\u00a0 con rondella in oro e diamante.<\/strong><\/li>\n<li><strong>Modello 01M01B2_BB_RG_XGX_00M: Bracciale donna Fope Collezione Eka FLEX-IT con maglia estensibile in oro giallo e ros\u00e9 18 kt\u00a0 con rondella in oro e diamante.<\/strong><\/li>\n<\/ul>\n<\/div>\n<\/div>\n<\/div>\n","protected":false},"excerpt":{"rendered":"<p>Bracciale Fope Eka flessibile in oro 18 kt con rondella in oro e maglia bicolore e diamante ct 0.01. Misura M.<br \/>\nSu ordinazione disponibile in varie misure.<\/p>\n","protected":false},"featured_media":29370,"comment_status":"open","ping_status":"closed","template":"","meta":[],"product_brand":[9],"product_cat":[1998,2058],"product_tag":[],"class_list":{"0":"post-29279","1":"product","2":"type-product","3":"status-publish","4":"has-post-thumbnail","6":"product_brand-fope-gioielli-italia","7":"product_cat-gioielli","8":"product_cat-fope","10":"first","11":"outofstock","12":"shipping-taxable","13":"purchasable","14":"product-type-variable"},"exclude_global_add_ons":[],"addons":[],"_links":{"self":[{"href":"https:\/\/www.rensiweb.com\/it\/wp-json\/wp\/v2\/product\/29279","targetHints":{"allow":["GET"]}}],"collection":[{"href":"https:\/\/www.rensiweb.com\/it\/wp-json\/wp\/v2\/product"}],"about":[{"href":"https:\/\/www.rensiweb.com\/it\/wp-json\/wp\/v2\/types\/product"}],"replies":[{"embeddable":true,"href":"https:\/\/www.rensiweb.com\/it\/wp-json\/wp\/v2\/comments?post=29279"}],"wp:featuredmedia":[{"embeddable":true,"href":"https:\/\/www.rensiweb.com\/it\/wp-json\/wp\/v2\/media\/29370"}],"wp:attachment":[{"href":"https:\/\/www.rensiweb.com\/it\/wp-json\/wp\/v2\/media?parent=29279"}],"wp:term":[{"taxonomy":"product_brand","embeddable":true,"href":"https:\/\/www.rensiweb.com\/it\/wp-json\/wp\/v2\/product_brand?post=29279"},{"taxonomy":"product_cat","embeddable":true,"href":"https:\/\/www.rensiweb.com\/it\/wp-json\/wp\/v2\/product_cat?post=29279"},{"taxonomy":"product_tag","embeddable":true,"href":"https:\/\/www.rensiweb.com\/it\/wp-json\/wp\/v2\/product_tag?post=29279"}],"curies":[{"name":"wp","href":"https:\/\/api.w.org\/{rel}","templated":true}]}}