{"id":29034,"date":"2024-04-10T18:10:20","date_gmt":"2024-04-10T16:10:20","guid":{"rendered":"https:\/\/www.rensiweb.com\/.html?post_type=product&#038;p=29034"},"modified":"2026-04-18T21:01:57","modified_gmt":"2026-04-18T19:01:57","slug":"orologio-longines-spirit-flyback-acciaio","status":"publish","type":"product","link":"https:\/\/www.rensiweb.com\/it\/orologio-longines-spirit-flyback-acciaio.html","title":{"rendered":"Orologio Longines Spirit Flyback L3821 &#8211; cassa Acciaio &#8211; 42mm &#8211; cinturino A..."},"content":{"rendered":"<p><strong>Orologio Longines Spirit Flyback con cinturino e cassa in acciaio e di diametro 42mm.<\/strong><\/p>\n<p>Orologio Longines Spirit Flyback, un compagno affidabile per chi cerca avventure senza limiti e stile senza tempo. Con la sua cassa in acciaio dal design moderno e sportivo, questo orologio cattura l&#8217;essenza dello spirito pionieristico di Longines. Il quadrante \u00e8 impreziosito da indici luminosi e tre sub-quadranti per le funzioni cronografiche, offre una leggibilit\u00e0 impeccabile anche nelle condizioni pi\u00f9 estreme.<\/p>\n<p>Dotato di un movimento cronografico automatico con funzione flyback, questo orologio unisce prestazioni di alto livello a un&#8217;estetica sofisticata. L&#8217;Orologio Longines Spirit Flyback \u00e8 l&#8217;ideale per gli avventurieri urbani e i viaggiatori del mondo, pronti a sfidare i confini e ad abbracciare nuove esperienze con stile e sicurezza. Aggiungi questo pezzo unico alla tua collezione e preparati a fare la differenza.<\/p>\n<ul>\n<li><strong>Modello <span class=\"MuiTypography-root MuiTypography-body1 Typography_Container__MrWZd css-1nsau0k\">L38214536<\/span><span class=\"MuiTypography-root MuiTypography-body1 Typography_Container__MrWZd css-1nsau0k\" aria-hidden=\"true\">\u00a0<\/span>: cassa e cinturino Acciaio, quadrante Nero a raggi di sole<\/strong><\/li>\n<li><strong>Modello L38214936 : cassa e cinturino Acciaio, quadrante Blu a raggi di sole<\/strong><\/li>\n<\/ul>\n","protected":false},"excerpt":{"rendered":"<p>Orologio Uomo Longines Spirit Flyback L3821 con cassa Acciaio diametro 42mm e cinturino Acciaio.<\/p>\n<p><span style=\"font-size: 18pt;color: #339966\"><strong>5 Anni di GARANZIA Ufficiale<\/strong><\/span><\/p>\n","protected":false},"featured_media":29039,"comment_status":"open","ping_status":"closed","template":"","meta":[],"product_brand":[11],"product_cat":[2097,1994,2068],"product_tag":[],"class_list":{"0":"post-29034","1":"product","2":"type-product","3":"status-publish","4":"has-post-thumbnail","6":"product_brand-longines-orologi-svizzera","7":"product_cat-senza-categoria","8":"product_cat-orologi","9":"product_cat-longines","11":"first","12":"instock","13":"featured","14":"shipping-taxable","15":"purchasable","16":"product-type-variable","17":"has-default-attributes"},"exclude_global_add_ons":[],"addons":[],"_links":{"self":[{"href":"https:\/\/www.rensiweb.com\/it\/wp-json\/wp\/v2\/product\/29034","targetHints":{"allow":["GET"]}}],"collection":[{"href":"https:\/\/www.rensiweb.com\/it\/wp-json\/wp\/v2\/product"}],"about":[{"href":"https:\/\/www.rensiweb.com\/it\/wp-json\/wp\/v2\/types\/product"}],"replies":[{"embeddable":true,"href":"https:\/\/www.rensiweb.com\/it\/wp-json\/wp\/v2\/comments?post=29034"}],"wp:featuredmedia":[{"embeddable":true,"href":"https:\/\/www.rensiweb.com\/it\/wp-json\/wp\/v2\/media\/29039"}],"wp:attachment":[{"href":"https:\/\/www.rensiweb.com\/it\/wp-json\/wp\/v2\/media?parent=29034"}],"wp:term":[{"taxonomy":"product_brand","embeddable":true,"href":"https:\/\/www.rensiweb.com\/it\/wp-json\/wp\/v2\/product_brand?post=29034"},{"taxonomy":"product_cat","embeddable":true,"href":"https:\/\/www.rensiweb.com\/it\/wp-json\/wp\/v2\/product_cat?post=29034"},{"taxonomy":"product_tag","embeddable":true,"href":"https:\/\/www.rensiweb.com\/it\/wp-json\/wp\/v2\/product_tag?post=29034"}],"curies":[{"name":"wp","href":"https:\/\/api.w.org\/{rel}","templated":true}]}}